{"id":2569,"date":"2022-12-30T20:31:52","date_gmt":"2022-12-30T17:31:52","guid":{"rendered":"https:\/\/www.tehtavaniekat.fi\/?page_id=2569"},"modified":"2024-03-06T17:08:04","modified_gmt":"2024-03-06T14:08:04","slug":"fide-albumi-2001-2003","status":"publish","type":"page","link":"https:\/\/www.tehtavaniekat.fi\/index.php\/fide-albumi-2001-2003\/","title":{"rendered":"FIDE-ALBUMI 2001-2003"},"content":{"rendered":"\n<h1 class=\"wp-block-heading\">FIDE-ALBUMI 2001-2003<\/h1>\n\n\n\n<p><\/p>\n\n\n\n<p>Huhtikuussa 2011 ilmestyi kokoelma vuosina 2001-2003 julkaistuja valioteht\u00e4vi\u00e4. Se sis\u00e4lt\u00e4\u00e4 700 sivulla 1349 teht\u00e4v\u00e4\u00e4 326 laatijalta kahdeksassa ryhm\u00e4ss\u00e4:<br>\u00a0<\/p>\n\n\n\n<figure class=\"wp-block-table is-style-stripes\"><table><tbody><tr><td><strong>ryhm\u00e4<\/strong><\/td><td><\/td><td><strong>teht\u00e4vi\u00e4<\/strong><\/td><\/tr><tr><td>A<\/td><td>2-siirtoiset<\/td><td>174<\/td><\/tr><tr><td>B<\/td><td>3-siirtoiset<\/td><td>146<\/td><\/tr><tr><td>C<\/td><td>monisiirtoiset<\/td><td>124<\/td><\/tr><tr><td>D<\/td><td>lopputeht\u00e4v\u00e4t<\/td><td>84<\/td><\/tr><tr><td>E<\/td><td>apumatit<\/td><td>319<\/td><\/tr><tr><td>F<\/td><td>itsematit<\/td><td>196<\/td><\/tr><tr><td>G<\/td><td>satuteht\u00e4v\u00e4t<\/td><td>219<\/td><\/tr><tr><td>H<\/td><td>retroteht\u00e4v\u00e4t<\/td><td>87<\/td><\/tr><\/tbody><\/table><\/figure>\n\n\n\n<p>Suomalaisteht\u00e4vi\u00e4 on 31,5 kappaletta kuudelta laatijalta seuraavasti:<\/p>\n\n\n\n<p>Unto Heinonen 20 teht\u00e4v\u00e4\u00e4 \/ 19 pistett\u00e4<br>Mikael Gr\u00f6nroos 1 \/ 1<br>Olli Heimo 1 \/ 0,5<br>Jorma Paavilainen 1 \/ 1<br>Henry Tanner 1 \/ 1<br>Marko Ylijoki 9 \/ 9<\/p>\n\n\n\n<p>Kirjaa voi tilata ST:lt\u00e4 hintaan 50 euroa + mahdolliset postikulut.<\/p>\n","protected":false},"excerpt":{"rendered":"<p>FIDE-ALBUMI 2001-2003 Huhtikuussa 2011 ilmestyi kokoelma vuosina 2001-2003 julkaistuja valioteht\u00e4vi\u00e4. Se sis\u00e4lt\u00e4\u00e4 700 sivulla 1349 teht\u00e4v\u00e4\u00e4 326 laatijalta kahdeksassa ryhm\u00e4ss\u00e4:\u00a0 ryhm\u00e4 teht\u00e4vi\u00e4 A 2-siirtoiset 174 B 3-siirtoiset 146 C monisiirtoiset 124 D lopputeht\u00e4v\u00e4t 84 E apumatit 319 F itsematit 196 G satuteht\u00e4v\u00e4t 219 H retroteht\u00e4v\u00e4t 87 Suomalaisteht\u00e4vi\u00e4 on 31,5 kappaletta&#8230; <a class=\"continue-reading-link\" href=\"https:\/\/www.tehtavaniekat.fi\/index.php\/fide-albumi-2001-2003\/\">Jatka lukemista<\/a><\/p>\n","protected":false},"author":1,"featured_media":0,"parent":0,"menu_order":0,"comment_status":"closed","ping_status":"closed","template":"","meta":{"footnotes":""},"class_list":["post-2569","page","type-page","status-publish","hentry"],"_links":{"self":[{"href":"https:\/\/www.tehtavaniekat.fi\/index.php\/wp-json\/wp\/v2\/pages\/2569","targetHints":{"allow":["GET"]}}],"collection":[{"href":"https:\/\/www.tehtavaniekat.fi\/index.php\/wp-json\/wp\/v2\/pages"}],"about":[{"href":"https:\/\/www.tehtavaniekat.fi\/index.php\/wp-json\/wp\/v2\/types\/page"}],"author":[{"embeddable":true,"href":"https:\/\/www.tehtavaniekat.fi\/index.php\/wp-json\/wp\/v2\/users\/1"}],"replies":[{"embeddable":true,"href":"https:\/\/www.tehtavaniekat.fi\/index.php\/wp-json\/wp\/v2\/comments?post=2569"}],"version-history":[{"count":2,"href":"https:\/\/www.tehtavaniekat.fi\/index.php\/wp-json\/wp\/v2\/pages\/2569\/revisions"}],"predecessor-version":[{"id":3264,"href":"https:\/\/www.tehtavaniekat.fi\/index.php\/wp-json\/wp\/v2\/pages\/2569\/revisions\/3264"}],"wp:attachment":[{"href":"https:\/\/www.tehtavaniekat.fi\/index.php\/wp-json\/wp\/v2\/media?parent=2569"}],"curies":[{"name":"wp","href":"https:\/\/api.w.org\/{rel}","templated":true}]}}