{"id":2565,"date":"2022-12-30T20:26:57","date_gmt":"2022-12-30T17:26:57","guid":{"rendered":"https:\/\/www.tehtavaniekat.fi\/?page_id=2565"},"modified":"2024-03-06T17:08:38","modified_gmt":"2024-03-06T14:08:38","slug":"fide-albumi-2004-2006","status":"publish","type":"page","link":"https:\/\/www.tehtavaniekat.fi\/index.php\/fide-albumi-2004-2006\/","title":{"rendered":"FIDE-ALBUMI 2004-2006"},"content":{"rendered":"\n<h1 class=\"wp-block-heading\">FIDE-ALBUMI 2004-2006<\/h1>\n\n\n\n<p><\/p>\n\n\n\n<p>Huhtikuussa 2013 ilmestyi kokoelma vuosina 2004-2006 julkaistuja valioteht\u00e4vi\u00e4. Se sis\u00e4lt\u00e4\u00e4 672 sivulla 1367 teht\u00e4v\u00e4\u00e4 312 laatijalta kahdeksassa ryhm\u00e4ss\u00e4:<br>\u00a0<\/p>\n\n\n\n<figure class=\"wp-block-table is-style-stripes\"><table><tbody><tr><td><strong>ryhm\u00e4<\/strong><\/td><td><\/td><td><strong>teht\u00e4vi\u00e4<\/strong><\/td><\/tr><tr><td>A<\/td><td>2-siirtoiset<\/td><td>159<\/td><\/tr><tr><td>B<\/td><td>3-siirtoiset<\/td><td>149<\/td><\/tr><tr><td>C<\/td><td>monisiirtoiset<\/td><td>159<\/td><\/tr><tr><td>D<\/td><td>lopputeht\u00e4v\u00e4t<\/td><td>78<\/td><\/tr><tr><td>E<\/td><td>apumatit<\/td><td>332<\/td><\/tr><tr><td>F<\/td><td>itsematit<\/td><td>241<\/td><\/tr><tr><td>G<\/td><td>satuteht\u00e4v\u00e4t<\/td><td>172<\/td><\/tr><tr><td>H<\/td><td>retroteht\u00e4v\u00e4t<\/td><td>77<\/td><\/tr><\/tbody><\/table><\/figure>\n\n\n\n<p>Suomalaisteht\u00e4vi\u00e4 on kymmenelt\u00e4 laatijalta seuraavasti:<\/p>\n\n\n\n<p>Unto Heinonen 17 teht\u00e4v\u00e4\u00e4 \/ 17 pistett\u00e4<br>Harri Hurme 2 \/ 1,5<br>Teppo M\u00e4ntt\u00e4 1 \/ 1<br>Terho Marlo 1 \/ 1<br>Matti Myllyniemi 1 \/ 0,5<br>Jorma Paavilainen 2 \/ 2<br>Henry Tanner 1 \/ 0,5<br>Kari Valtonen 1 \/ 1<br>Marko Ylijoki 7 \/ 4,5<\/p>\n\n\n\n<p>Kirjaa voi tilata ST:lt\u00e4 hintaan 40 euroa + mahdolliset postikulut.<\/p>\n","protected":false},"excerpt":{"rendered":"<p>FIDE-ALBUMI 2004-2006 Huhtikuussa 2013 ilmestyi kokoelma vuosina 2004-2006 julkaistuja valioteht\u00e4vi\u00e4. Se sis\u00e4lt\u00e4\u00e4 672 sivulla 1367 teht\u00e4v\u00e4\u00e4 312 laatijalta kahdeksassa ryhm\u00e4ss\u00e4:\u00a0 ryhm\u00e4 teht\u00e4vi\u00e4 A 2-siirtoiset 159 B 3-siirtoiset 149 C monisiirtoiset 159 D lopputeht\u00e4v\u00e4t 78 E apumatit 332 F itsematit 241 G satuteht\u00e4v\u00e4t 172 H retroteht\u00e4v\u00e4t 77 Suomalaisteht\u00e4vi\u00e4 on kymmenelt\u00e4 laatijalta&#8230; <a class=\"continue-reading-link\" href=\"https:\/\/www.tehtavaniekat.fi\/index.php\/fide-albumi-2004-2006\/\">Jatka lukemista<\/a><\/p>\n","protected":false},"author":1,"featured_media":0,"parent":0,"menu_order":0,"comment_status":"closed","ping_status":"closed","template":"","meta":{"footnotes":""},"class_list":["post-2565","page","type-page","status-publish","hentry"],"_links":{"self":[{"href":"https:\/\/www.tehtavaniekat.fi\/index.php\/wp-json\/wp\/v2\/pages\/2565","targetHints":{"allow":["GET"]}}],"collection":[{"href":"https:\/\/www.tehtavaniekat.fi\/index.php\/wp-json\/wp\/v2\/pages"}],"about":[{"href":"https:\/\/www.tehtavaniekat.fi\/index.php\/wp-json\/wp\/v2\/types\/page"}],"author":[{"embeddable":true,"href":"https:\/\/www.tehtavaniekat.fi\/index.php\/wp-json\/wp\/v2\/users\/1"}],"replies":[{"embeddable":true,"href":"https:\/\/www.tehtavaniekat.fi\/index.php\/wp-json\/wp\/v2\/comments?post=2565"}],"version-history":[{"count":2,"href":"https:\/\/www.tehtavaniekat.fi\/index.php\/wp-json\/wp\/v2\/pages\/2565\/revisions"}],"predecessor-version":[{"id":3265,"href":"https:\/\/www.tehtavaniekat.fi\/index.php\/wp-json\/wp\/v2\/pages\/2565\/revisions\/3265"}],"wp:attachment":[{"href":"https:\/\/www.tehtavaniekat.fi\/index.php\/wp-json\/wp\/v2\/media?parent=2565"}],"curies":[{"name":"wp","href":"https:\/\/api.w.org\/{rel}","templated":true}]}}