{"id":2559,"date":"2022-12-30T20:18:29","date_gmt":"2022-12-30T17:18:29","guid":{"rendered":"https:\/\/www.tehtavaniekat.fi\/?page_id=2559"},"modified":"2022-12-30T20:20:01","modified_gmt":"2022-12-30T17:20:01","slug":"fide-albumi-2010-2012","status":"publish","type":"page","link":"https:\/\/www.tehtavaniekat.fi\/index.php\/fide-albumi-2010-2012\/","title":{"rendered":"FIDE-ALBUMI 2010-2012"},"content":{"rendered":"\n<h2 class=\"wp-block-heading\"><strong>FIDE-ALBUMI 2010-2012<\/strong><\/h2>\n\n\n\n<p><\/p>\n\n\n\n<p>Elokuussa 2017 ilmestyi kokoelma vuosina 2010-2012 julkaistuja valioteht\u00e4vi\u00e4. Se sis\u00e4lt\u00e4\u00e4 644 sivulla 1402 teht\u00e4v\u00e4\u00e4 294 laatijalta kahdeksassa ryhm\u00e4ss\u00e4:<br>\u00a0<\/p>\n\n\n\n<figure class=\"wp-block-table is-style-stripes\"><table><tbody><tr><td><strong>ryhm\u00e4<\/strong><\/td><td><\/td><td><strong>teht\u00e4vi\u00e4<\/strong><\/td><\/tr><tr><td>A<\/td><td>2-siirtoiset<\/td><td>121<\/td><\/tr><tr><td>B<\/td><td>3-siirtoiset<\/td><td>190<\/td><\/tr><tr><td>C<\/td><td>monisiirtoiset<\/td><td>144<\/td><\/tr><tr><td>D<\/td><td>lopputeht\u00e4v\u00e4t<\/td><td>122<\/td><\/tr><tr><td>E<\/td><td>apumatit<\/td><td>298<\/td><\/tr><tr><td>F<\/td><td>itsematit<\/td><td>189<\/td><\/tr><tr><td>G<\/td><td>satuteht\u00e4v\u00e4t<\/td><td>275<\/td><\/tr><tr><td>H<\/td><td>retroteht\u00e4v\u00e4t<\/td><td>63<\/td><\/tr><\/tbody><\/table><\/figure>\n\n\n\n<p>Suomalaisteht\u00e4vi\u00e4 on vain kymmenen, Unto Heinosella 8 ja Henry Tannerilla 2.<\/p>\n\n\n\n<p>Kirjan tilausta ST:n kautta voi tiedustella puheenjohtajalta.<\/p>\n","protected":false},"excerpt":{"rendered":"<p>FIDE-ALBUMI 2010-2012 Elokuussa 2017 ilmestyi kokoelma vuosina 2010-2012 julkaistuja valioteht\u00e4vi\u00e4. Se sis\u00e4lt\u00e4\u00e4 644 sivulla 1402 teht\u00e4v\u00e4\u00e4 294 laatijalta kahdeksassa ryhm\u00e4ss\u00e4:\u00a0 ryhm\u00e4 teht\u00e4vi\u00e4 A 2-siirtoiset 121 B 3-siirtoiset 190 C monisiirtoiset 144 D lopputeht\u00e4v\u00e4t 122 E apumatit 298 F itsematit 189 G satuteht\u00e4v\u00e4t 275 H retroteht\u00e4v\u00e4t 63 Suomalaisteht\u00e4vi\u00e4 on vain kymmenen,&#8230; <a class=\"continue-reading-link\" href=\"https:\/\/www.tehtavaniekat.fi\/index.php\/fide-albumi-2010-2012\/\">Jatka lukemista<\/a><\/p>\n","protected":false},"author":1,"featured_media":0,"parent":0,"menu_order":0,"comment_status":"closed","ping_status":"closed","template":"","meta":{"footnotes":""},"class_list":["post-2559","page","type-page","status-publish","hentry"],"_links":{"self":[{"href":"https:\/\/www.tehtavaniekat.fi\/index.php\/wp-json\/wp\/v2\/pages\/2559","targetHints":{"allow":["GET"]}}],"collection":[{"href":"https:\/\/www.tehtavaniekat.fi\/index.php\/wp-json\/wp\/v2\/pages"}],"about":[{"href":"https:\/\/www.tehtavaniekat.fi\/index.php\/wp-json\/wp\/v2\/types\/page"}],"author":[{"embeddable":true,"href":"https:\/\/www.tehtavaniekat.fi\/index.php\/wp-json\/wp\/v2\/users\/1"}],"replies":[{"embeddable":true,"href":"https:\/\/www.tehtavaniekat.fi\/index.php\/wp-json\/wp\/v2\/comments?post=2559"}],"version-history":[{"count":2,"href":"https:\/\/www.tehtavaniekat.fi\/index.php\/wp-json\/wp\/v2\/pages\/2559\/revisions"}],"predecessor-version":[{"id":2562,"href":"https:\/\/www.tehtavaniekat.fi\/index.php\/wp-json\/wp\/v2\/pages\/2559\/revisions\/2562"}],"wp:attachment":[{"href":"https:\/\/www.tehtavaniekat.fi\/index.php\/wp-json\/wp\/v2\/media?parent=2559"}],"curies":[{"name":"wp","href":"https:\/\/api.w.org\/{rel}","templated":true}]}}