{"id":2553,"date":"2022-12-30T20:14:33","date_gmt":"2022-12-30T17:14:33","guid":{"rendered":"https:\/\/www.tehtavaniekat.fi\/?page_id=2553"},"modified":"2022-12-30T20:19:31","modified_gmt":"2022-12-30T17:19:31","slug":"fide-albumi-2007-2009","status":"publish","type":"page","link":"https:\/\/www.tehtavaniekat.fi\/index.php\/fide-albumi-2007-2009\/","title":{"rendered":"fide-albumi-2007-2009"},"content":{"rendered":"\n<h2 class=\"wp-block-heading\"><strong>FIDE-ALBUMI 2007-2009<\/strong><\/h2>\n\n\n\n<p><\/p>\n\n\n\n<p>Hein\u00e4kuussa 2015 ilmestyi kokoelma vuosina 2007-2009 julkaistuja valioteht\u00e4vi\u00e4. Se sis\u00e4lt\u00e4\u00e4 640 sivulla 1426 teht\u00e4v\u00e4\u00e4 312 laatijalta kahdeksassa ryhm\u00e4ss\u00e4:<br>\u00a0<\/p>\n\n\n\n<figure class=\"wp-block-table is-style-stripes\"><table><tbody><tr><td><strong>ryhm\u00e4<\/strong><\/td><td><\/td><td><strong>teht\u00e4vi\u00e4<\/strong><\/td><\/tr><tr><td>A<\/td><td>2-siirtoiset<\/td><td>178<\/td><\/tr><tr><td>B<\/td><td>3-siirtoiset<\/td><td>93<\/td><\/tr><tr><td>C<\/td><td>monisiirtoiset<\/td><td>159<\/td><\/tr><tr><td>D<\/td><td>lopputeht\u00e4v\u00e4t<\/td><td>153<\/td><\/tr><tr><td>E<\/td><td>apumatit<\/td><td>330<\/td><\/tr><tr><td>F<\/td><td>itsematit<\/td><td>234<\/td><\/tr><tr><td>G<\/td><td>satuteht\u00e4v\u00e4t<\/td><td>221<\/td><\/tr><tr><td>H<\/td><td>retroteht\u00e4v\u00e4t<\/td><td>58<\/td><\/tr><\/tbody><\/table><\/figure>\n\n\n\n<p>Suomalaisteht\u00e4vi\u00e4 on vain kolme, Mikael Gr\u00f6nroosin apumatti, Teppo M\u00e4ntt\u00e4 satuteht\u00e4v\u00e4ryhm\u00e4ss\u00e4 ja Jorma Paavilainen &amp; Pauli Perkonoja yhteisell\u00e4 itsematilla.<\/p>\n\n\n\n<p>Kirjan tilausta ST:n kautta voi tiedustella puheenjohtajalta, mieluiten 30.9.2015 menness\u00e4.<\/p>\n","protected":false},"excerpt":{"rendered":"<p>FIDE-ALBUMI 2007-2009 Hein\u00e4kuussa 2015 ilmestyi kokoelma vuosina 2007-2009 julkaistuja valioteht\u00e4vi\u00e4. Se sis\u00e4lt\u00e4\u00e4 640 sivulla 1426 teht\u00e4v\u00e4\u00e4 312 laatijalta kahdeksassa ryhm\u00e4ss\u00e4:\u00a0 ryhm\u00e4 teht\u00e4vi\u00e4 A 2-siirtoiset 178 B 3-siirtoiset 93 C monisiirtoiset 159 D lopputeht\u00e4v\u00e4t 153 E apumatit 330 F itsematit 234 G satuteht\u00e4v\u00e4t 221 H retroteht\u00e4v\u00e4t 58 Suomalaisteht\u00e4vi\u00e4 on vain kolme,&#8230; <a class=\"continue-reading-link\" href=\"https:\/\/www.tehtavaniekat.fi\/index.php\/fide-albumi-2007-2009\/\">Jatka lukemista<\/a><\/p>\n","protected":false},"author":1,"featured_media":0,"parent":0,"menu_order":0,"comment_status":"closed","ping_status":"closed","template":"","meta":{"footnotes":""},"class_list":["post-2553","page","type-page","status-publish","hentry"],"_links":{"self":[{"href":"https:\/\/www.tehtavaniekat.fi\/index.php\/wp-json\/wp\/v2\/pages\/2553","targetHints":{"allow":["GET"]}}],"collection":[{"href":"https:\/\/www.tehtavaniekat.fi\/index.php\/wp-json\/wp\/v2\/pages"}],"about":[{"href":"https:\/\/www.tehtavaniekat.fi\/index.php\/wp-json\/wp\/v2\/types\/page"}],"author":[{"embeddable":true,"href":"https:\/\/www.tehtavaniekat.fi\/index.php\/wp-json\/wp\/v2\/users\/1"}],"replies":[{"embeddable":true,"href":"https:\/\/www.tehtavaniekat.fi\/index.php\/wp-json\/wp\/v2\/comments?post=2553"}],"version-history":[{"count":2,"href":"https:\/\/www.tehtavaniekat.fi\/index.php\/wp-json\/wp\/v2\/pages\/2553\/revisions"}],"predecessor-version":[{"id":2561,"href":"https:\/\/www.tehtavaniekat.fi\/index.php\/wp-json\/wp\/v2\/pages\/2553\/revisions\/2561"}],"wp:attachment":[{"href":"https:\/\/www.tehtavaniekat.fi\/index.php\/wp-json\/wp\/v2\/media?parent=2553"}],"curies":[{"name":"wp","href":"https:\/\/api.w.org\/{rel}","templated":true}]}}