{"id":2548,"date":"2022-12-30T19:56:07","date_gmt":"2022-12-30T16:56:07","guid":{"rendered":"https:\/\/www.tehtavaniekat.fi\/?page_id=2548"},"modified":"2022-12-30T19:56:08","modified_gmt":"2022-12-30T16:56:08","slug":"6-wcct","status":"publish","type":"page","link":"https:\/\/www.tehtavaniekat.fi\/index.php\/6-wcct\/","title":{"rendered":"6. WCCT"},"content":{"rendered":"\n<h2 class=\"wp-block-heading\">6. WCCT-KILPAILU P\u00c4\u00c4TTYNYT<\/h2>\n\n\n\n<p><\/p>\n\n\n\n<p>Vuonna 1996 julistettu laadinnan kansainv\u00e4linen joukkuekilpailu on nyt p\u00e4\u00e4ttynyt. Painettu tuomio on juuri ilmestynyt ja parhaat maat olivat:<\/p>\n\n\n\n<p>1. Ven\u00e4j\u00e4 261<br>2. Ukraina 181,5<br>3. Saksa 166<br>4. Puola 148,5<br>5. Slovakia 139<br>6. Israel 113<br>7. Jugoslavia 105<br>8. USA 102<br>9. Valko-Ven\u00e4j\u00e4 98<br>10. Alankomaat 87<\/p>\n\n\n\n<p><strong>Suomi<\/strong> oli 36 osanottajamaan joukossa sijalla 21 yhteens\u00e4 35 pisteell\u00e4.<\/p>\n\n\n\n<p>Suomalaisten pisteet kertyiv\u00e4t seuraavasti:<\/p>\n\n\n\n<p><strong>A 2-siirtoiset:<\/strong><br>14. UntoHeinonen 12 p.<br><strong>C monisiirtoiset:<\/strong><br>25. Pauli Perkonoja 3 p.<br><strong>E apumatit:<\/strong><br>13. Hannu Harkola &amp; Jorma Paavilainen 12 p.<br>18. Joose Norri 8 p.<br>(22. Jorma Paavilainen, mutta vain kaksi teht\u00e4v\u00e4\u00e4\/maa saa pisteit\u00e4)<\/p>\n\n\n\n<p><br><a href=\"https:\/\/www.wfcc.ch\/competitions\/composing\/6wcctres\/\" target=\"_blank\" rel=\"noreferrer noopener\">Tulokset englanniksi WFCC:n sivuilla<\/a><\/p>\n","protected":false},"excerpt":{"rendered":"<p>6. WCCT-KILPAILU P\u00c4\u00c4TTYNYT Vuonna 1996 julistettu laadinnan kansainv\u00e4linen joukkuekilpailu on nyt p\u00e4\u00e4ttynyt. Painettu tuomio on juuri ilmestynyt ja parhaat maat olivat: 1. Ven\u00e4j\u00e4 2612. Ukraina 181,53. Saksa 1664. Puola 148,55. Slovakia 1396. Israel 1137. Jugoslavia 1058. USA 1029. Valko-Ven\u00e4j\u00e4 9810. Alankomaat 87 Suomi oli 36 osanottajamaan joukossa sijalla 21 yhteens\u00e4&#8230; <a class=\"continue-reading-link\" href=\"https:\/\/www.tehtavaniekat.fi\/index.php\/6-wcct\/\">Jatka lukemista<\/a><\/p>\n","protected":false},"author":1,"featured_media":0,"parent":0,"menu_order":0,"comment_status":"closed","ping_status":"closed","template":"","meta":{"footnotes":""},"class_list":["post-2548","page","type-page","status-publish","hentry"],"_links":{"self":[{"href":"https:\/\/www.tehtavaniekat.fi\/index.php\/wp-json\/wp\/v2\/pages\/2548","targetHints":{"allow":["GET"]}}],"collection":[{"href":"https:\/\/www.tehtavaniekat.fi\/index.php\/wp-json\/wp\/v2\/pages"}],"about":[{"href":"https:\/\/www.tehtavaniekat.fi\/index.php\/wp-json\/wp\/v2\/types\/page"}],"author":[{"embeddable":true,"href":"https:\/\/www.tehtavaniekat.fi\/index.php\/wp-json\/wp\/v2\/users\/1"}],"replies":[{"embeddable":true,"href":"https:\/\/www.tehtavaniekat.fi\/index.php\/wp-json\/wp\/v2\/comments?post=2548"}],"version-history":[{"count":1,"href":"https:\/\/www.tehtavaniekat.fi\/index.php\/wp-json\/wp\/v2\/pages\/2548\/revisions"}],"predecessor-version":[{"id":2549,"href":"https:\/\/www.tehtavaniekat.fi\/index.php\/wp-json\/wp\/v2\/pages\/2548\/revisions\/2549"}],"wp:attachment":[{"href":"https:\/\/www.tehtavaniekat.fi\/index.php\/wp-json\/wp\/v2\/media?parent=2548"}],"curies":[{"name":"wp","href":"https:\/\/api.w.org\/{rel}","templated":true}]}}