{"id":25,"date":"2021-09-19T10:47:06","date_gmt":"2021-09-19T10:47:06","guid":{"rendered":"https:\/\/www.tehtavaniekat.fi\/?page_id=25"},"modified":"2025-12-04T21:12:47","modified_gmt":"2025-12-04T19:12:47","slug":"tehtavashakkikirjallisuutta","status":"publish","type":"page","link":"https:\/\/www.tehtavaniekat.fi\/index.php\/tehtavashakkikirjallisuutta\/","title":{"rendered":"Teht\u00e4v\u00e4shakkikirjallisuutta"},"content":{"rendered":"\n<h1 class=\"wp-block-heading\">Teht\u00e4v\u00e4shakkikirjallisuutta<\/h1>\n\n\n\n<h4 class=\"wp-block-heading has-black-color has-text-color\">Kotimaisia<\/h4>\n\n\n\n<ul class=\"wp-block-list\">\n<li>Timo Kallio (toim.): &#8221;<strong><a href=\"https:\/\/www.tehtavaniekat.fi\/index.php\/tehtavashakin-kasikirja\/\" data-type=\"page\" data-id=\"30\">Teht\u00e4v\u00e4shakin k\u00e4sikirja<\/a><\/strong>&#8221;, ST, ISBN 951-95111-0-2, 1995 <strong>J\u00e4lleen saatavana.<\/strong><\/li>\n\n\n\n<li>Osmo Kaila: <strong>&#8221;Lauantaishakkia&#8221;<\/strong> 1975, Kustannus-oy Kansanvalta, ISBN 951-9168-02-8, 1975<\/li>\n\n\n\n<li>Osmo Kaila ja Matti Myllyniemi: <strong>&#8221;Teht\u00e4v\u00e4- eli taideshakki&#8221;<\/strong> teoksessa &#8221;Nuorten tieto 5&#8221; v. 1965<\/li>\n\n\n\n<li>Matti Myllyniemi: <strong>&#8221;Leo Valve&#8221;<\/strong>, ST 1973. <a href=\"https:\/\/www.tehtavaniekat.fi\/wp-content\/uploads\/2021\/09\/valve.pdf\" data-type=\"URL\">Toinen painos pdf-muotoisena<\/a>, ISBN 978-951-95112-4-5, 2013<\/li>\n\n\n\n<li>Matti Myllyniemi: <strong>&#8221;Toteutuneita oivalluksia&#8221;<\/strong>, ST, ISBN 951-95111-4-8, 1980<\/li>\n\n\n\n<li>Matti Myllyniemi &amp; Veikko Hyn\u00f6nen: <strong>&#8221;EAW. Valikoima Erkki A. Wirtasen shakkiteht\u00e4vi\u00e4&#8221;<\/strong>, ST, ISBN 951-95111-5-6. <a href=\"https:\/\/www.tehtavaniekat.fi\/wp-content\/uploads\/2021\/09\/eaw.pdf\">Toinen painos pdf-muotoisena<\/a>, ISBN 978-951-95112-6-9, 2013<\/li>\n\n\n\n<li>Matti Myllyniemi &amp; Kari Valtonen: <strong>&#8221;Tapani Tikkasen shakkiteht\u00e4vi\u00e4 1960-1986&#8221;<\/strong>, ST, ISBN 951-95111-6-4, 1991. <a href=\"https:\/\/www.tehtavaniekat.fi\/wp-content\/uploads\/2021\/09\/tikkanen.pdf\">Toinen painos pdf-muotoisena<\/a>, ISBN 978-951-95112-5-2, 2013<\/li>\n\n\n\n<li>Matti Myllyniemi, Kari Valtonen &amp; Jorma Paavilainen: <strong>&#8221;Veikko Hyn\u00f6sen shakkiteht\u00e4vi\u00e4 1959-1986&#8221;<\/strong>, ST, ISBN 951-95111-7-2, 1991. <a href=\"https:\/\/www.tehtavaniekat.fi\/wp-content\/uploads\/2021\/09\/hynonen.pdf\">Toinen painos pdf-muotoisena<\/a>, ISBN 978-951-95112-3-8, 2013<\/li>\n\n\n\n<li>Arto Puusa: <strong>&#8221;Queue Problems&#8221;<\/strong>, ST, ISBN 951-95111-8-0, 1992. <a href=\"https:\/\/www.tehtavaniekat.fi\/wp-content\/uploads\/queue-problems.pdf\">Pdf-muodossa<\/a><\/li>\n\n\n\n<li>Jan Hannelius: <strong>&#8221;512 finl\u00e4ndska miniatyrer&#8221;<\/strong> 1992<\/li>\n\n\n\n<li>Eero Saarenheimo: <strong>&#8221;<a href=\"https:\/\/www.tehtavaniekat.fi\/index.php\/ruutulaudan-lumoissa\/\">Ruutulaudan lumoissa<\/a>&#8221;<\/strong>, ST, ISBN 951-95112-2-9, 1999<\/li>\n\n\n\n<li>Kauko Virtanen: <strong>&#8221;<\/strong><a href=\"https:\/\/www.tehtavaniekat.fi\/index.php\/musta-ratsupyora\/\"><strong>Musta ratsupy\u00f6r\u00e4<\/strong><\/a><strong>&#8221;,<\/strong> Suomen Shakkikustannus Oy, ISBN 951-97081-4-6, 2003<\/li>\n\n\n\n<li>&#8221;<a rel=\"noreferrer noopener\" href=\"https:\/\/www.tehtavaniekat.fi\/index.php\/hiljaisia-siirtoja\/\" target=\"_blank\"><strong>Hiljaisia siirtoja, Ismo Tompurin valitut shakkiteht\u00e4v\u00e4t<\/strong><\/a>&#8221;, Aviador Kustannus, ISBN 978-952-7063-01-9, 2012, 2. painos 2014<\/li>\n\n\n\n<li><strong><a href=\"https:\/\/www.tehtavaniekat.fi\/vanhat\/kaila100\/index.html#p=1tml\">&#8221;Ruutuja el\u00e4m\u00e4n t\u00e4ydelt\u00e4. Osmo Kaila 11.5.1916\u20133.6.1991&#8221;<\/a><\/strong>, ST, ISBN 978-951-95112-7-6, 2016. Elektroninen teht\u00e4v\u00e4kirja.<\/li>\n\n\n\n<li>Kari Valtonen: <a rel=\"noreferrer noopener\" href=\"https:\/\/www.tehtavaniekat.fi\/index.php\/tehtavashakin-termeja-ja-teemoja\/\" target=\"_blank\"><strong>&#8221;Teht\u00e4v\u00e4shakin termej\u00e4 ja teemoja&#8221;<\/strong><\/a>,<em> Suomen teht\u00e4v\u00e4niekat<\/em> ja <em>Teht\u00e4v\u00e4niekka<\/em> -lehdiss\u00e4 vuosina 2005-2017 julkaistut 35 artikkelia pdf-muodossa.<\/li>\n\n\n\n<li>&#8221;<strong><a href=\"https:\/\/www.tehtavaniekat.fi\/index.php\/eb\/\" data-type=\"page\" data-id=\"847\">Mielenkiintoinen asema<\/a><\/strong> &#8211; Shakin alkuasemaan liittyvi\u00e4 Eero Bonsdorffin matemaattisia teht\u00e4vi\u00e4&#8221;, Suomen teht\u00e4v\u00e4niekat, ISBN 978-951-95112-8-3, 2021.<\/li>\n\n\n\n<li>Jorma Paavilainen (toim.): <a href=\"https:\/\/www.tehtavaniekat.fi\/index.php\/lukkarinen\/\"><strong>&#8221;Heikki Lukkarinen, Shakkiteht\u00e4v\u00e4t \/ Chess Compositions&#8221;<\/strong><\/a>, Suomen teht\u00e4v\u00e4niekat, ISBN 978-951-95112-9-0, 2024.<\/li>\n<\/ul>\n\n\n\n<h4 class=\"wp-block-heading\">Ulkomaisia<\/h4>\n\n\n\n<p><a href=\"https:\/\/www.tehtavaniekat.fi\/index.php\/fide-albumit\/\"><strong>FIDE-albumit<\/strong><\/a> ovat <a href=\"https:\/\/www.wfcc.ch\/\">WFCC<\/a>:n julkaisemia kokoelmia 3-vuotiskauden parhaista teht\u00e4vist\u00e4. Niit\u00e4 on ilmestynyt jo 25 kappaletta, viimeisin vuosilta 2019-2021. Se sis\u00e4lt\u00e4\u00e4 1840 huipputeht\u00e4v\u00e4\u00e4 kaikilta teht\u00e4v\u00e4shakin aloilta.<\/p>\n\n\n\n<p>Milan Velimirovic &amp; Kari Valtonen: &#8221;<strong>Encyclopedia of Chess Problems &#8211; Themes and Terms<\/strong>&#8221;, <a href=\"https:\/\/sahovski.com\/ENCYCLOPAEDIA-OF-CHESS-PROBLEMS-Themes-and-Terms-p114360268\" target=\"_blank\" rel=\"noreferrer noopener\">Chess Informant, 2012, ISBN 978-86-7297-064-7.<\/a><\/p>\n\n\n\n<h4 class=\"wp-block-heading\"><strong>Hakuteoksia<\/strong><\/h4>\n\n\n\n<p><a href=\"https:\/\/www.tehtavaniekat.fi\/wp-content\/uploads\/books\/FIDE_Album_Index_2025.pdf\"><strong>FIDE-albumien hakemisto<\/strong><\/a> on pdf-tiedosto, joka sis\u00e4lt\u00e4\u00e4 aakkosj\u00e4rjestyksess\u00e4 kaikki FIDE-albumeissa esiintyneet laatijat ja heid\u00e4n kaikkien albumiteht\u00e4viens\u00e4 numerot ja perustiedot.<\/p>\n\n\n\n<p><a rel=\"noreferrer noopener\" href=\"https:\/\/www.tehtavaniekat.fi\/wp-content\/uploads\/books\/hcc8.pdf\" target=\"_blank\"><strong>Handbook of Chess Composition<\/strong><\/a> (pdf) sis\u00e4lt\u00e4\u00e4 WFCC:n toimintaan liittyvi\u00e4 s\u00e4\u00e4nt\u00f6j\u00e4 ja luetteloita.<\/p>\n\n\n\n<hr class=\"wp-block-separator has-css-opacity\"\/>\n\n\n\n<p><\/p>\n\n\n\n<p style=\"line-height:1\"><\/p>\n","protected":false},"excerpt":{"rendered":"<p>Teht\u00e4v\u00e4shakkikirjallisuutta Kotimaisia Ulkomaisia FIDE-albumit ovat WFCC:n julkaisemia kokoelmia 3-vuotiskauden parhaista teht\u00e4vist\u00e4. Niit\u00e4 on ilmestynyt jo 25 kappaletta, viimeisin vuosilta 2019-2021. Se sis\u00e4lt\u00e4\u00e4 1840 huipputeht\u00e4v\u00e4\u00e4 kaikilta teht\u00e4v\u00e4shakin aloilta. Milan Velimirovic &amp; Kari Valtonen: &#8221;Encyclopedia of Chess Problems &#8211; Themes and Terms&#8221;, Chess Informant, 2012, ISBN 978-86-7297-064-7. Hakuteoksia FIDE-albumien hakemisto on pdf-tiedosto,&#8230; <a class=\"continue-reading-link\" href=\"https:\/\/www.tehtavaniekat.fi\/index.php\/tehtavashakkikirjallisuutta\/\">Jatka lukemista<\/a><\/p>\n","protected":false},"author":1,"featured_media":0,"parent":0,"menu_order":0,"comment_status":"closed","ping_status":"closed","template":"","meta":{"footnotes":""},"class_list":["post-25","page","type-page","status-publish","hentry"],"_links":{"self":[{"href":"https:\/\/www.tehtavaniekat.fi\/index.php\/wp-json\/wp\/v2\/pages\/25","targetHints":{"allow":["GET"]}}],"collection":[{"href":"https:\/\/www.tehtavaniekat.fi\/index.php\/wp-json\/wp\/v2\/pages"}],"about":[{"href":"https:\/\/www.tehtavaniekat.fi\/index.php\/wp-json\/wp\/v2\/types\/page"}],"author":[{"embeddable":true,"href":"https:\/\/www.tehtavaniekat.fi\/index.php\/wp-json\/wp\/v2\/users\/1"}],"replies":[{"embeddable":true,"href":"https:\/\/www.tehtavaniekat.fi\/index.php\/wp-json\/wp\/v2\/comments?post=25"}],"version-history":[{"count":29,"href":"https:\/\/www.tehtavaniekat.fi\/index.php\/wp-json\/wp\/v2\/pages\/25\/revisions"}],"predecessor-version":[{"id":3908,"href":"https:\/\/www.tehtavaniekat.fi\/index.php\/wp-json\/wp\/v2\/pages\/25\/revisions\/3908"}],"wp:attachment":[{"href":"https:\/\/www.tehtavaniekat.fi\/index.php\/wp-json\/wp\/v2\/media?parent=25"}],"curies":[{"name":"wp","href":"https:\/\/api.w.org\/{rel}","templated":true}]}}