{"id":2416,"date":"2022-12-30T18:06:41","date_gmt":"2022-12-30T15:06:41","guid":{"rendered":"https:\/\/www.tehtavaniekat.fi\/?page_id=2416"},"modified":"2022-12-30T19:31:45","modified_gmt":"2022-12-30T16:31:45","slug":"70juhla","status":"publish","type":"page","link":"https:\/\/www.tehtavaniekat.fi\/index.php\/70juhla\/","title":{"rendered":"ST 70 vuotta"},"content":{"rendered":"\n<h2 class=\"wp-block-heading\">ST 70 vuotta -juhlatilaisuus<\/h2>\n\n\n\n<p><\/p>\n\n\n\n<p>ST t\u00e4ytt\u00e4\u00e4 vuonna 2005 70 vuotta. Merkkivuotta juhlittiin lauantaina 14.5. Karjalatalolla noin 20 hengen joukolla.<\/p>\n\n\n\n<p><strong>Ratkaisukilpailussa<\/strong> oli yhdeks\u00e4n osanottajaa. Voittaja oli Kari Karhunen, jolle toinen maksimipisteisiin p\u00e4\u00e4ssyt Henry Tanner h\u00e4visi ajalla. Harri Hurme oli kolmas vain puolen pisteen p\u00e4\u00e4ss\u00e4.<\/p>\n\n\n\n<p><strong>Iltajuhlan<\/strong> ohjelmassa oli mm.:<\/p>\n\n\n\n<ul class=\"wp-block-list\"><li>Jorma Paavilaisen tervetulosanat<\/li><li>Harri Hurmeen juhlaesitelm\u00e4<\/li><li>Ansiomerkkien jako<\/li><li>Suomalaisen Novotnyn esittely \/ Kari Valtonen ja Marko Ylijoki<\/li><li>Musiikkia (Terho Marlo, piano ja Kauko Virtanen, laulu)<\/li><li>ST-lehden juhlanumeron julkistaminen<\/li><\/ul>\n\n\n\n<p>\u00a0 <a href=\"https:\/\/www.tehtavaniekat.fi\/index.php\/70kuvat\">Juhlien kuvia<\/a><\/p>\n","protected":false},"excerpt":{"rendered":"<p>ST 70 vuotta -juhlatilaisuus ST t\u00e4ytt\u00e4\u00e4 vuonna 2005 70 vuotta. Merkkivuotta juhlittiin lauantaina 14.5. Karjalatalolla noin 20 hengen joukolla. Ratkaisukilpailussa oli yhdeks\u00e4n osanottajaa. Voittaja oli Kari Karhunen, jolle toinen maksimipisteisiin p\u00e4\u00e4ssyt Henry Tanner h\u00e4visi ajalla. Harri Hurme oli kolmas vain puolen pisteen p\u00e4\u00e4ss\u00e4. Iltajuhlan ohjelmassa oli mm.: Jorma Paavilaisen tervetulosanat&#8230; <a class=\"continue-reading-link\" href=\"https:\/\/www.tehtavaniekat.fi\/index.php\/70juhla\/\">Jatka lukemista<\/a><\/p>\n","protected":false},"author":1,"featured_media":0,"parent":0,"menu_order":0,"comment_status":"closed","ping_status":"closed","template":"","meta":{"footnotes":""},"class_list":["post-2416","page","type-page","status-publish","hentry"],"_links":{"self":[{"href":"https:\/\/www.tehtavaniekat.fi\/index.php\/wp-json\/wp\/v2\/pages\/2416","targetHints":{"allow":["GET"]}}],"collection":[{"href":"https:\/\/www.tehtavaniekat.fi\/index.php\/wp-json\/wp\/v2\/pages"}],"about":[{"href":"https:\/\/www.tehtavaniekat.fi\/index.php\/wp-json\/wp\/v2\/types\/page"}],"author":[{"embeddable":true,"href":"https:\/\/www.tehtavaniekat.fi\/index.php\/wp-json\/wp\/v2\/users\/1"}],"replies":[{"embeddable":true,"href":"https:\/\/www.tehtavaniekat.fi\/index.php\/wp-json\/wp\/v2\/comments?post=2416"}],"version-history":[{"count":4,"href":"https:\/\/www.tehtavaniekat.fi\/index.php\/wp-json\/wp\/v2\/pages\/2416\/revisions"}],"predecessor-version":[{"id":2537,"href":"https:\/\/www.tehtavaniekat.fi\/index.php\/wp-json\/wp\/v2\/pages\/2416\/revisions\/2537"}],"wp:attachment":[{"href":"https:\/\/www.tehtavaniekat.fi\/index.php\/wp-json\/wp\/v2\/media?parent=2416"}],"curies":[{"name":"wp","href":"https:\/\/api.w.org\/{rel}","templated":true}]}}