{"id":2195,"date":"2022-12-16T18:11:40","date_gmt":"2022-12-16T15:11:40","guid":{"rendered":"https:\/\/www.tehtavaniekat.fi\/?page_id=2195"},"modified":"2022-12-16T18:11:40","modified_gmt":"2022-12-16T15:11:40","slug":"pika03r","status":"publish","type":"page","link":"https:\/\/www.tehtavaniekat.fi\/index.php\/pika03r\/","title":{"rendered":"Pika03r"},"content":{"rendered":"\n<h2 class=\"wp-block-heading\">Pikaratkaisemisen SM-kilpailun 2003&nbsp;<br>teht\u00e4vien laatijat, l\u00e4hteet ja ratkaisut<\/h2>\n\n\n\n<p>Suluissa alkusiirroista tai ratkaisuista annetut pisteet.<\/p>\n\n\n\n<p>1) <strong>Marcel Segers<\/strong>, 2. kim. L&#8217;Echiquier Belge 1988<br>1.Kf5\/Kf7\/Kh6\/Kg7\/Rb3\/Rf1? Dd7\/Dd5\/Dd6\/Rf-\/Re4\/Dd6\/Rd1!<br>1.Kh7! (siirtopakko) (5)<\/p>\n\n\n\n<p>2) <strong>Byron Zappas<\/strong>, 1. palk. Problemas 1983<br>1.Rd4\/Rf4\/Lxe2\/Lg4\/Re3? Df1\/Lxc3\/Rb5\/Lxd8\/Da2!<br>1.Re5! (5)<br><br>3) <strong>A. Selivanov &amp; V. Kirillov<\/strong>, L&#8217;Echiquier Belge 1986<br>1.Lh3! (1)<br>1.- Kb4\/b4 2.Ld7\/Ta6+ (2 x 2)<br><br>4) <strong>Axel \u00c5kerblom<\/strong>, 1. palk. L&#8217;Italia Scacchistica 1955<br>1.Lf1! (1)<br>1.- ~\/Ld7\/Le8\/Ld5\/Lb5\/Tg8(h8) 2.Rc1\/Tcf3\/Tg4\/Td3+\/De6\/Dxc6 (6 x 0,66)<\/p>\n\n\n\n<p>5) <strong>V. Richkov<\/strong>, 2. palk. Probleemblad 1992<br>1.Td1\/Tf1? Txd6\/Lb7!<br>1.b3! (1)<br>uhk. 2.Rxf5+ Ke4 3.Red4+ (1,33)<br>1.- Ta5 2.Td1 (3.Lxd2#) 2.- Td5 3.Tf1 (1,33)<br>1.- Lxe6 2.Tf1 (3.Tf3#) 2.-Ld5 3.Td1 (1,33)<\/p>\n\n\n\n<p>6) <strong>W. A. Shinkman<\/strong>, Deutsche Schachzeitung 1873<br>1.Rg5! (1)<br>1.- Kxg4 2.Re6+ Kh4 3.Tg6 Kh5 4.Rf4+ Kh4 5.g3# (2)<br>2.- Kh5 3.Rd4 Kh4(h6) 4.Rf5+ Kh5 5.g4# (2)<\/p>\n\n\n\n<p>7) <strong>V. Kalandadze<\/strong>, 1. palk. Th\u00e8mes-64 1968<br>1.Rd5 (1) Dxd5 2.Rc5+ (1) Lxc5 3.Ta7+ (1) Kxb6 4.c8R+ (1) Kc6 5.b5# (1)<\/p>\n\n\n\n<p>8) <strong>S. N. Osintsev<\/strong>, 1.-2. palk. Na Smenu 1979<br>1.Kf2 (1) e1D+ 2.Kxe1 c2 3.Tf8+ (1) Txf8 4.Kd2 Tb8 5.Ra4! (1) Tc8 6.Kc1 Kg7 7.Rb6! (1) (7.Rb2? Kf6 8.Rd3 Kf5 9.Rb4 Ke4 10.Rxc2 Kd3) 7.- Tc5 8.Ra4 Tc6 9.Rb2 Tc3 (9.- Kf6 10.Rd3 Kf5 11.Rb4) 10.Ra4 Tc7 11.Rb6 (1) Tc5 12.Ra4 Tc6 13.Rb2 =.<br>Teht\u00e4v\u00e4ss\u00e4 on kuitenkin duaali, sill\u00e4 Marcel van Herck (Belgia) on huomauttanut, ett\u00e4 valkea saakin tasapelin pelaamalla 7.Rb2 Kf6 8.Rd3 Kf5 <strong>9.Kd2!<\/strong> ja 10.Rc1!.<\/p>\n\n\n\n<p>9) <strong>A. Lundstr\u00f6m<\/strong>, Springaren 1988<br>1.b3 Lb6 2.Tb4 Tc3# (2,5), 1.Dd8 Ld7 2.Te7 Txf6# (2,5)<\/p>\n\n\n\n<p>10) <strong>V. Smatalo<\/strong>, Panorama 1999<br>1.Re6 Rd1 2.Lc5 Ld4 3.Kd5 Lxf6 4.Ld6 Rc3# (2,5), 1.Re4 Rxg2 2.La7 Lb6 3.Kd5 Lc7 4.Ld4 Rf4# (2,5)<\/p>\n\n\n\n<p>11) <strong>M. R. Vukcevich<\/strong>, USPB 1981<br>1.Rh1! (1)<br>1.- ~\/hxg4\/Tb5\/D(d)xc1\/Dg3 2.Txe4+\/Rxc3+\/Dxc3+\/Rf6+\/Rf4+ (5 x 0,8)<\/p>\n\n\n\n<p>12) <strong>A. Selivanov &amp; V. Kirillov<\/strong>, 1. kum. Shakhmatnaya Kompozitsia 1997<br>1.La5! (1)<br>uhk. 2.Rc1+ Kd4 3.Rxb3+ Dxb3 4.Dd5+ (1)<br>1.- Td7 2.Rd4+ Kxd4 3.Rxb5+ Dxb5 4.Dxf6+ (1)<br>1.- gxf3 2.Rc3+ Kd4 3.Rcxb5+ Dxb5 4.Rc6+ (1)<br>1.- Dxa5 2.Tc3+ Dxc3 3.d3+ Dxd3 4.Dd5+ (1)<\/p>\n\n\n\n<p><a href=\"https:\/\/www.tehtavaniekat.fi\/index.php\/pikara03\/\">tulokset<\/a> | <a href=\"https:\/\/www.tehtavaniekat.fi\/index.php\/pika03t\/\">teht\u00e4v\u00e4t<\/a><\/p>\n","protected":false},"excerpt":{"rendered":"<p>Pikaratkaisemisen SM-kilpailun 2003&nbsp;teht\u00e4vien laatijat, l\u00e4hteet ja ratkaisut Suluissa alkusiirroista tai ratkaisuista annetut pisteet. 1) Marcel Segers, 2. kim. L&#8217;Echiquier Belge 19881.Kf5\/Kf7\/Kh6\/Kg7\/Rb3\/Rf1? Dd7\/Dd5\/Dd6\/Rf-\/Re4\/Dd6\/Rd1!1.Kh7! (siirtopakko) (5) 2) Byron Zappas, 1. palk. Problemas 19831.Rd4\/Rf4\/Lxe2\/Lg4\/Re3? Df1\/Lxc3\/Rb5\/Lxd8\/Da2!1.Re5! (5) 3) A. Selivanov &amp; V. Kirillov, L&#8217;Echiquier Belge 19861.Lh3! (1)1.- Kb4\/b4 2.Ld7\/Ta6+ (2 x 2) 4) Axel&#8230; <a class=\"continue-reading-link\" href=\"https:\/\/www.tehtavaniekat.fi\/index.php\/pika03r\/\">Jatka lukemista<\/a><\/p>\n","protected":false},"author":1,"featured_media":0,"parent":0,"menu_order":0,"comment_status":"closed","ping_status":"closed","template":"","meta":{"footnotes":""},"class_list":["post-2195","page","type-page","status-publish","hentry"],"_links":{"self":[{"href":"https:\/\/www.tehtavaniekat.fi\/index.php\/wp-json\/wp\/v2\/pages\/2195","targetHints":{"allow":["GET"]}}],"collection":[{"href":"https:\/\/www.tehtavaniekat.fi\/index.php\/wp-json\/wp\/v2\/pages"}],"about":[{"href":"https:\/\/www.tehtavaniekat.fi\/index.php\/wp-json\/wp\/v2\/types\/page"}],"author":[{"embeddable":true,"href":"https:\/\/www.tehtavaniekat.fi\/index.php\/wp-json\/wp\/v2\/users\/1"}],"replies":[{"embeddable":true,"href":"https:\/\/www.tehtavaniekat.fi\/index.php\/wp-json\/wp\/v2\/comments?post=2195"}],"version-history":[{"count":1,"href":"https:\/\/www.tehtavaniekat.fi\/index.php\/wp-json\/wp\/v2\/pages\/2195\/revisions"}],"predecessor-version":[{"id":2196,"href":"https:\/\/www.tehtavaniekat.fi\/index.php\/wp-json\/wp\/v2\/pages\/2195\/revisions\/2196"}],"wp:attachment":[{"href":"https:\/\/www.tehtavaniekat.fi\/index.php\/wp-json\/wp\/v2\/media?parent=2195"}],"curies":[{"name":"wp","href":"https:\/\/api.w.org\/{rel}","templated":true}]}}