{"id":2043,"date":"2022-12-14T21:53:57","date_gmt":"2022-12-14T18:53:57","guid":{"rendered":"https:\/\/www.tehtavaniekat.fi\/?page_id=2043"},"modified":"2022-12-14T21:53:58","modified_gmt":"2022-12-14T18:53:58","slug":"pikara2013","status":"publish","type":"page","link":"https:\/\/www.tehtavaniekat.fi\/index.php\/pikara2013\/","title":{"rendered":"Pikaratkaisemisen SM 2013"},"content":{"rendered":"\n<h1 class=\"wp-block-heading\">PIKARATKAISEMISEN 34. SUOMEN MESTARUUSKILPAILU<\/h1>\n\n\n\n<p><\/p>\n\n\n\n<div class=\"wp-block-columns is-layout-flex wp-container-core-columns-is-layout-1 wp-block-columns-is-layout-flex\">\n<div class=\"wp-block-column is-layout-flow wp-block-column-is-layout-flow\" style=\"flex-basis:66.66%\">\n<p>Kilpailu k\u00e4ytiin 23.2.13 Shakkiareenalla Helsingiss\u00e4.<br>Tuomarina ja teht\u00e4vien valitsijana toimi tavalliseen tapaan <strong>Neal Turner<\/strong>.<br>Kilpailussa oli 12 teht\u00e4v\u00e4\u00e4 ja ratkaisuaika kolme tuntia. Ratkaisijoita osallistui 20. Mukana oli ensikertalaiset <strong>Vilka Sipil\u00e4<\/strong> ja <strong>Mikko O. Aaltonen<\/strong> sek\u00e4 vanhat tutut latvialainen <strong>Andrej Kalinin<\/strong> ja virolaiset <strong>Margus S\u00f6\u00f6t<\/strong> ja <strong>Indrek Turu<\/strong>, joten kilpailu oli kansainv\u00e4lisen ja tulokset menev\u00e4t kansainv\u00e4listen vahvuuslukujen laskentaan.<br><strong>Joose Norrille<\/strong> voitto oli vasta toinen, mutta piste-ero seuraaviin oli aika suuri.<\/p>\n<\/div>\n\n\n\n<div class=\"wp-block-column is-layout-flow wp-block-column-is-layout-flow\" style=\"flex-basis:33.33%\">\n<figure class=\"wp-block-image size-full is-resized\"><img fetchpriority=\"high\" decoding=\"async\" src=\"https:\/\/www.tehtavaniekat.fi\/wp-content\/uploads\/pikar131.jpg\" alt=\"\" class=\"wp-image-2044\" width=\"327\" height=\"191\" srcset=\"https:\/\/www.tehtavaniekat.fi\/wp-content\/uploads\/pikar131.jpg 350w, https:\/\/www.tehtavaniekat.fi\/wp-content\/uploads\/pikar131-300x176.jpg 300w, https:\/\/www.tehtavaniekat.fi\/wp-content\/uploads\/pikar131-150x88.jpg 150w\" sizes=\"(max-width: 327px) 100vw, 327px\" \/><figcaption>Paavilainen, Karhunen ja Hurme<\/figcaption><\/figure>\n<\/div>\n<\/div>\n\n\n\n<p>Lopputulokset:<\/p>\n\n\n\n<p><style>\ntable {border-collapse: collapse;}\ntd  {padding: 2px ! important;  font-size: small ! important;}\nth {font-color: white! important;  background-color: blue ! important;}\n<\/style><\/p>\n\n<figure class=\"wp-block-table is-style-stripes\"><table><tbody><tr><td><strong>sija<\/strong><\/td><td><strong>nimi<\/strong><\/td><td><strong>1<br>2#<\/strong><\/td><td><strong>2<br>2#<\/strong><\/td><td><strong>3<br>3#<\/strong><\/td><td><strong>4<br>3#<\/strong><\/td><td><strong>5<br>5#<\/strong><\/td><td><strong>6<br>5#<\/strong><\/td><td><strong>7<br>+<\/strong><\/td><td><strong>8<br>=<\/strong><\/td><td><strong>9<br>a#2<\/strong><\/td><td><strong>10<br>a#4<\/strong><\/td><td><strong>11<br>i#2<\/strong><\/td><td><strong>12<br>i#4<\/strong><\/td><td><strong>yht<\/strong><\/td><td><strong>aika<\/strong><\/td><\/tr><tr><td>1<\/td><td><strong>Joose Norri<\/strong><\/td><td>5<\/td><td>5<\/td><td>5<\/td><td>5<\/td><td>5<\/td><td>0<\/td><td>5<\/td><td>3<\/td><td>5<\/td><td>3<\/td><td>5<\/td><td>0<\/td><td><strong>46<\/strong><\/td><td><strong>180<\/strong><\/td><\/tr><tr><td>2<\/td><td><strong>Jorma Paavilainen<\/strong><\/td><td>5<\/td><td>0<\/td><td>5<\/td><td><\/td><td>5<\/td><td><\/td><td>5<\/td><td>1<\/td><td>5<\/td><td>3<\/td><td>5<\/td><td>4<\/td><td><strong>38<\/strong><\/td><td><strong>180<\/strong><\/td><\/tr><tr><td>3<\/td><td><strong>Kari Karhunen<\/strong><\/td><td>5<\/td><td>5<\/td><td>0<\/td><td>0<\/td><td>5<\/td><td>5<\/td><td>0<\/td><td>1<\/td><td>5<\/td><td>5<\/td><td>5<\/td><td>0<\/td><td><strong>36<\/strong><\/td><td><strong>180<\/strong><\/td><\/tr><tr><td>4<\/td><td><strong>Harri Hurme<\/strong><\/td><td>5<\/td><td>5<\/td><td>5<\/td><td>0<\/td><td>5<\/td><td><\/td><td>2<\/td><td>0<\/td><td>5<\/td><td>3<\/td><td>5<\/td><td>0<\/td><td><strong>35<\/strong><\/td><td><strong>180<\/strong><\/td><\/tr><tr><td>5<\/td><td><strong>Margus S\u00f6\u00f6t (EST)<\/strong><\/td><td>5<\/td><td>5<\/td><td>0<\/td><td>0<\/td><td>5<\/td><td><\/td><td>5<\/td><td>2<\/td><td>3<\/td><td>1,5<\/td><td>5<\/td><td><\/td><td><strong>31,5<\/strong><\/td><td><strong>180<\/strong><\/td><\/tr><tr><td>6<\/td><td><strong>Vilka Sipil\u00e4<\/strong><\/td><td>0<\/td><td>5<\/td><td>0<\/td><td>2,5<\/td><td>5<\/td><td>0<\/td><td>5<\/td><td>3<\/td><td>5<\/td><td><\/td><td>0<\/td><td>0<\/td><td><strong>25,5<\/strong><\/td><td><strong>180<\/strong><\/td><\/tr><tr><td>7<\/td><td><strong>Hannu Harkola<\/strong><\/td><td>5<\/td><td>5<\/td><td><\/td><td><\/td><td>5<\/td><td>0<\/td><td><\/td><td>0<\/td><td>5<\/td><td>3<\/td><td>0<\/td><td><\/td><td><strong>23<\/strong><\/td><td><strong>180<\/strong><\/td><\/tr><tr><td>8<\/td><td><strong>Mikael Gr\u00f6nroos<\/strong><\/td><td>5<\/td><td>5<\/td><td><\/td><td><\/td><td><\/td><td><\/td><td>0<\/td><td>0<\/td><td>5<\/td><td>3<\/td><td>0<\/td><td><\/td><td><strong>18<\/strong><\/td><td><strong>179<\/strong><\/td><\/tr><tr><td>9.-10.<\/td><td><strong>Kari Valtonen<\/strong><\/td><td>0<\/td><td>0<\/td><td>5<\/td><td><\/td><td><\/td><td><\/td><td>3<\/td><td><\/td><td>5<\/td><td><\/td><td>5<\/td><td><\/td><td><strong>18<\/strong><\/td><td><strong>180<\/strong><\/td><\/tr><tr><td>9.-10.<\/td><td><strong>Janne Syv\u00e4niemi<\/strong><\/td><td>5<\/td><td>0<\/td><td>0<\/td><td><\/td><td><\/td><td><\/td><td><\/td><td><\/td><td>5<\/td><td>3<\/td><td>5<\/td><td>0<\/td><td><strong>18<\/strong><\/td><td><strong>180<\/strong><\/td><\/tr><tr><td>11<\/td><td><strong>Olli Heimo<\/strong><\/td><td>5<\/td><td>5<\/td><td><\/td><td><\/td><td><\/td><td><\/td><td>1<\/td><td>0<\/td><td>5<\/td><td>1,5<\/td><td>0<\/td><td><\/td><td><strong>17,5<\/strong><\/td><td><strong>180<\/strong><\/td><\/tr><tr><td>12<\/td><td><strong>Kenneth Solja<\/strong><\/td><td>5<\/td><td>5<\/td><td><\/td><td><\/td><td><\/td><td><\/td><td>1<\/td><td><\/td><td>5<\/td><td><\/td><td>0<\/td><td><\/td><td><strong>16<\/strong><\/td><td><strong>170<\/strong><\/td><\/tr><tr><td>13<\/td><td><strong>Petteri Paronen<\/strong><\/td><td>5<\/td><td>0<\/td><td>0<\/td><td><\/td><td><\/td><td><\/td><td>1<\/td><td>0<\/td><td>5<\/td><td><\/td><td>5<\/td><td><\/td><td><strong>16<\/strong><\/td><td><strong>178<\/strong><\/td><\/tr><tr><td>14<\/td><td><strong>Ari M\u00f6tt\u00f6nen<\/strong><\/td><td>5<\/td><td>5<\/td><td><\/td><td>0<\/td><td>1<\/td><td><\/td><td>0<\/td><td>0<\/td><td>5<\/td><td><\/td><td>0<\/td><td><\/td><td><strong>16<\/strong><\/td><td><strong>179<\/strong><\/td><\/tr><tr><td>15<\/td><td><strong>Andrej Kalinin (LAT)<\/strong><\/td><td>5<\/td><td>5<\/td><td><\/td><td><\/td><td><\/td><td><\/td><td>1<\/td><td>0<\/td><td><\/td><td><\/td><td>5<\/td><td><\/td><td><strong>16<\/strong><\/td><td><strong>180<\/strong><\/td><\/tr><tr><td>16<\/td><td><strong>Juha Saukkola<\/strong><\/td><td>5<\/td><td>5<\/td><td><\/td><td><\/td><td><\/td><td><\/td><td>1<\/td><td><\/td><td><\/td><td>1,5<\/td><td><\/td><td><\/td><td><strong>12,5<\/strong><\/td><td><strong>180<\/strong><\/td><\/tr><tr><td>17.-19.<\/td><td><strong>Indrek Turu (EST)<\/strong><\/td><td>0<\/td><td>5<\/td><td><\/td><td><\/td><td><\/td><td><\/td><td>5<\/td><td>0<\/td><td><\/td><td><\/td><td>0<\/td><td><\/td><td><strong>10<\/strong><\/td><td><strong>180<\/strong><\/td><\/tr><tr><td>17.-19.<\/td><td><strong>Arto Heimonen<\/strong><\/td><td>5<\/td><td>5<\/td><td><\/td><td><\/td><td><\/td><td><\/td><td><\/td><td>0<\/td><td><\/td><td><\/td><td>0<\/td><td><\/td><td><strong>10<\/strong><\/td><td><strong>180<\/strong><\/td><\/tr><tr><td>17.-19.<\/td><td><strong>Mikko O. Aaltonen<\/strong><\/td><td>5<\/td><td>5<\/td><td><\/td><td><\/td><td><\/td><td><\/td><td><\/td><td><\/td><td><\/td><td><\/td><td>0<\/td><td><\/td><td><strong>10<\/strong><\/td><td><strong>180<\/strong><\/td><\/tr><tr><td>20<\/td><td><strong>Matti Rasilainen<\/strong><\/td><td>0<\/td><td>0<\/td><td>0<\/td><td><\/td><td><\/td><td><\/td><td>1<\/td><td>0<\/td><td>3<\/td><td><\/td><td>5<\/td><td>0<\/td><td><strong>9<\/strong><\/td><td><strong>180<\/strong><\/td><\/tr><tr><td><\/td><td><strong>keskiarvo<\/strong><\/td><td>4,1<\/td><td>3,9<\/td><td>1,2<\/td><td>0,6<\/td><td>2,1<\/td><td>0,6<\/td><td>2,2<\/td><td>0,9<\/td><td>4,0<\/td><td>1,9<\/td><td>3,1<\/td><td>0,8<\/td><td><\/td><\/tr><\/tbody><\/table><\/figure>\n\n\n\n<div class=\"wp-block-columns is-layout-flex wp-container-core-columns-is-layout-2 wp-block-columns-is-layout-flex\">\n<div class=\"wp-block-column is-layout-flow wp-block-column-is-layout-flow\">\n<figure class=\"wp-block-image size-full\"><img decoding=\"async\" width=\"400\" height=\"267\" src=\"https:\/\/www.tehtavaniekat.fi\/wp-content\/uploads\/pikar13a1.jpg\" alt=\"\" class=\"wp-image-2046\" srcset=\"https:\/\/www.tehtavaniekat.fi\/wp-content\/uploads\/pikar13a1.jpg 400w, https:\/\/www.tehtavaniekat.fi\/wp-content\/uploads\/pikar13a1-300x200.jpg 300w, https:\/\/www.tehtavaniekat.fi\/wp-content\/uploads\/pikar13a1-150x100.jpg 150w\" sizes=\"(max-width: 400px) 100vw, 400px\" \/><\/figure>\n<\/div>\n\n\n\n<div class=\"wp-block-column is-layout-flow wp-block-column-is-layout-flow\">\n<figure class=\"wp-block-image size-full\"><img decoding=\"async\" width=\"400\" height=\"267\" src=\"https:\/\/www.tehtavaniekat.fi\/wp-content\/uploads\/pikar13b1.jpg\" alt=\"\" class=\"wp-image-2047\" srcset=\"https:\/\/www.tehtavaniekat.fi\/wp-content\/uploads\/pikar13b1.jpg 400w, https:\/\/www.tehtavaniekat.fi\/wp-content\/uploads\/pikar13b1-300x200.jpg 300w, https:\/\/www.tehtavaniekat.fi\/wp-content\/uploads\/pikar13b1-150x100.jpg 150w\" sizes=\"(max-width: 400px) 100vw, 400px\" \/><\/figure>\n<\/div>\n<\/div>\n\n\n\n<p>Teht\u00e4v\u00e4t | Ratkaisut<\/p>\n","protected":false},"excerpt":{"rendered":"<p>PIKARATKAISEMISEN 34. SUOMEN MESTARUUSKILPAILU Kilpailu k\u00e4ytiin 23.2.13 Shakkiareenalla Helsingiss\u00e4.Tuomarina ja teht\u00e4vien valitsijana toimi tavalliseen tapaan Neal Turner.Kilpailussa oli 12 teht\u00e4v\u00e4\u00e4 ja ratkaisuaika kolme tuntia. Ratkaisijoita osallistui 20. Mukana oli ensikertalaiset Vilka Sipil\u00e4 ja Mikko O. Aaltonen sek\u00e4 vanhat tutut latvialainen Andrej Kalinin ja virolaiset Margus S\u00f6\u00f6t ja Indrek Turu, joten&#8230; <a class=\"continue-reading-link\" href=\"https:\/\/www.tehtavaniekat.fi\/index.php\/pikara2013\/\">Jatka lukemista<\/a><\/p>\n","protected":false},"author":1,"featured_media":0,"parent":0,"menu_order":0,"comment_status":"closed","ping_status":"closed","template":"","meta":{"footnotes":""},"class_list":["post-2043","page","type-page","status-publish","hentry"],"_links":{"self":[{"href":"https:\/\/www.tehtavaniekat.fi\/index.php\/wp-json\/wp\/v2\/pages\/2043","targetHints":{"allow":["GET"]}}],"collection":[{"href":"https:\/\/www.tehtavaniekat.fi\/index.php\/wp-json\/wp\/v2\/pages"}],"about":[{"href":"https:\/\/www.tehtavaniekat.fi\/index.php\/wp-json\/wp\/v2\/types\/page"}],"author":[{"embeddable":true,"href":"https:\/\/www.tehtavaniekat.fi\/index.php\/wp-json\/wp\/v2\/users\/1"}],"replies":[{"embeddable":true,"href":"https:\/\/www.tehtavaniekat.fi\/index.php\/wp-json\/wp\/v2\/comments?post=2043"}],"version-history":[{"count":2,"href":"https:\/\/www.tehtavaniekat.fi\/index.php\/wp-json\/wp\/v2\/pages\/2043\/revisions"}],"predecessor-version":[{"id":2048,"href":"https:\/\/www.tehtavaniekat.fi\/index.php\/wp-json\/wp\/v2\/pages\/2043\/revisions\/2048"}],"wp:attachment":[{"href":"https:\/\/www.tehtavaniekat.fi\/index.php\/wp-json\/wp\/v2\/media?parent=2043"}],"curies":[{"name":"wp","href":"https:\/\/api.w.org\/{rel}","templated":true}]}}