{"id":2037,"date":"2022-12-14T21:44:17","date_gmt":"2022-12-14T18:44:17","guid":{"rendered":"https:\/\/www.tehtavaniekat.fi\/?page_id=2037"},"modified":"2022-12-14T21:44:18","modified_gmt":"2022-12-14T18:44:18","slug":"pikara2012","status":"publish","type":"page","link":"https:\/\/www.tehtavaniekat.fi\/index.php\/pikara2012\/","title":{"rendered":"Pikaratkaisemisen SM 2012"},"content":{"rendered":"\n<h1 class=\"wp-block-heading\">PIKARATKAISEMISEN 33. SUOMEN MESTARUUSKILPAILU<\/h1>\n\n\n\n<p><\/p>\n\n\n\n<div class=\"wp-block-columns is-layout-flex wp-container-core-columns-is-layout-1 wp-block-columns-is-layout-flex\">\n<div class=\"wp-block-column is-layout-flow wp-block-column-is-layout-flow\" style=\"flex-basis:66.66%\">\n<p>Kilpailu k\u00e4ytiin 25.2.12 Shakkiareenalla Helsingiss\u00e4.<br>Tuomarina ja teht\u00e4vien valitsijana toimi tavalliseen tapaan <strong>Neal Turner<\/strong>.<br>Kilpailussa oli 12 teht\u00e4v\u00e4\u00e4 ja ratkaisuaika kolme tuntia. Ratkaisijoita osallistui 16. Latvialainen <strong>Andrej Kalinin<\/strong> ja virolaiset <strong>Margus S\u00f6\u00f6t<\/strong> ja <strong>Indrek Turu<\/strong> tekiv\u00e4t kilpailusta kansainv\u00e4lisen.<br>Mitalit jaettiin samoille ratkaisijoille kuin viime vuonna, mutta Kari Karhunen sai nyt nelj\u00e4nnen voittonsa.<\/p>\n<\/div>\n\n\n\n<div class=\"wp-block-column is-layout-flow wp-block-column-is-layout-flow\" style=\"flex-basis:33.33%\">\n<figure class=\"wp-block-image size-full\"><img fetchpriority=\"high\" decoding=\"async\" width=\"300\" height=\"193\" src=\"https:\/\/www.tehtavaniekat.fi\/wp-content\/uploads\/pikar121.jpg\" alt=\"\" class=\"wp-image-2038\" srcset=\"https:\/\/www.tehtavaniekat.fi\/wp-content\/uploads\/pikar121.jpg 300w, https:\/\/www.tehtavaniekat.fi\/wp-content\/uploads\/pikar121-150x97.jpg 150w\" sizes=\"(max-width: 300px) 100vw, 300px\" \/><figcaption>Paavilainen, Karhunen ja Hurme<\/figcaption><\/figure>\n<\/div>\n<\/div>\n\n\n\n<p>Lopputulokset:<\/p>\n\n\n\n<p><style>\ntable {border-collapse: collapse;}\ntd  {padding: 2px ! important;  font-size: small ! important;}\nth {font-color: white! important;  background-color: blue ! important;}\n<\/style><\/p>\n\n<figure class=\"wp-block-table is-style-stripes\"><table><tbody><tr><td><strong>sija<\/strong><\/td><td><strong>nimi<\/strong><\/td><td><strong>1<br>2#<\/strong><\/td><td><strong>2<br>2#<\/strong><\/td><td><strong>3<br>3#<\/strong><\/td><td><strong>4<br>3#<\/strong><\/td><td><strong>5<br>4#<\/strong><\/td><td><strong>6<br>5#<\/strong><\/td><td><strong>7<br>=<\/strong><\/td><td><strong>8<br>+<\/strong><\/td><td><strong>9<br>a#2<\/strong><\/td><td><strong>10<br>a#4<\/strong><\/td><td><strong>11<br>i#3<\/strong><\/td><td><strong>12<br>i#4<\/strong><\/td><td><strong>yht<\/strong><\/td><td><strong>aika<\/strong><\/td><td><strong>kv.<br>rating<\/strong><\/td><td><strong>suoritus-<br>luku<\/strong><\/td><td><strong>ratingin<br>muutos<\/strong><\/td><\/tr><tr><td><strong>1<\/strong><\/td><td><strong>Kari Karhunen<\/strong><\/td><td>5<\/td><td>5<\/td><td>5<\/td><td>4,5<\/td><td>5<\/td><td>5<\/td><td>5<\/td><td>5<\/td><td>5<\/td><td>5<\/td><td>5<\/td><td>5<\/td><td><strong>59,5<\/strong><\/td><td><strong>171<\/strong><\/td><td>2537<\/td><td>2580<\/td><td>2<\/td><\/tr><tr><td><strong>2<\/strong><\/td><td><strong>Jorma Paavilainen<\/strong><\/td><td>5<\/td><td>5<\/td><td>5<\/td><td>5<\/td><td>5<\/td><td>5<\/td><td>5<\/td><td>5<\/td><td>5<\/td><td>5<\/td><td>4<\/td><td>5<\/td><td><strong>59<\/strong><\/td><td><strong>180<\/strong><\/td><td>2580<\/td><td>2571<\/td><td>-1<\/td><\/tr><tr><td><strong>3<\/strong><\/td><td><strong>Harri Hurme<\/strong><\/td><td>5<\/td><td>5<\/td><td>5<\/td><td>4<\/td><td>4<\/td><td>5<\/td><td>5<\/td><td>0<\/td><td>5<\/td><td>2,5<\/td><td>5<\/td><td>5<\/td><td><strong>50,5<\/strong><\/td><td><strong>180<\/strong><\/td><td>2336<\/td><td>2420<\/td><td>5<\/td><\/tr><tr><td><strong>4<\/strong><\/td><td><strong>Terho Marlo<\/strong><\/td><td>5<\/td><td>5<\/td><td>5<\/td><td>&#8211;<\/td><td>3<\/td><td>5<\/td><td>0<\/td><td>5<\/td><td>5<\/td><td>2,5<\/td><td>5<\/td><td>5<\/td><td><strong>45,5<\/strong><\/td><td><strong>180<\/strong><\/td><td>2218<\/td><td>2331<\/td><td>6<\/td><\/tr><tr><td><strong>5<\/strong><\/td><td><strong>Joose Norri<\/strong><\/td><td>5<\/td><td>5<\/td><td>5<\/td><td>5<\/td><td>0<\/td><td>&#8211;<\/td><td>5<\/td><td>0<\/td><td>4<\/td><td>2,5<\/td><td>5<\/td><td>5<\/td><td><strong>41,5<\/strong><\/td><td><strong>180<\/strong><\/td><td>2356<\/td><td>2260<\/td><td>-5<\/td><\/tr><tr><td><strong>6<\/strong><\/td><td><strong>Margus S\u00f6\u00f6t (EST)<\/strong><\/td><td>0<\/td><td>5<\/td><td>5<\/td><td>0<\/td><td>&#8211;<\/td><td>5<\/td><td>5<\/td><td>5<\/td><td>4<\/td><td>2,5<\/td><td>5<\/td><td>&#8211;<\/td><td><strong>36,5<\/strong><\/td><td><strong>180<\/strong><\/td><td>2135<\/td><td>2171<\/td><td>2<\/td><\/tr><tr><td><strong>7<\/strong><\/td><td><strong>Juha Saukkola<\/strong><\/td><td>5<\/td><td>5<\/td><td>&#8211;<\/td><td>&#8211;<\/td><td>&#8211;<\/td><td>&#8211;<\/td><td>1<\/td><td>2<\/td><td>4<\/td><td>5<\/td><td>4<\/td><td>0<\/td><td><strong>26<\/strong><\/td><td><strong>180<\/strong><\/td><td>1950<\/td><td>1984<\/td><td>2<\/td><\/tr><tr><td><strong>8<\/strong><\/td><td><strong>Janne Syv\u00e4niemi<\/strong><\/td><td>5<\/td><td>5<\/td><td>4<\/td><td>&#8211;<\/td><td>&#8211;<\/td><td>&#8211;<\/td><td>&#8211;<\/td><td>&#8211;<\/td><td>4<\/td><td>2,5<\/td><td>5<\/td><td>&#8211;<\/td><td><strong>25,5<\/strong><\/td><td><strong>180<\/strong><\/td><td>1916<\/td><td>1975<\/td><td>3<\/td><\/tr><tr><td><strong>9-10<\/strong><\/td><td><strong>Ari M\u00f6tt\u00f6nen<\/strong><\/td><td>5<\/td><td>5<\/td><td>0<\/td><td>&#8211;<\/td><td>&#8211;<\/td><td>&#8211;<\/td><td>1<\/td><td>5<\/td><td>4<\/td><td>&#8211;<\/td><td>&#8211;<\/td><td>&#8211;<\/td><td><strong>20<\/strong><\/td><td><strong>180<\/strong><\/td><td>1754<\/td><td>1877<\/td><td>7<\/td><\/tr><tr><td><strong>9-10<\/strong><\/td><td><strong>Petteri Paronen<\/strong><\/td><td>5<\/td><td>5<\/td><td>0<\/td><td>0<\/td><td>&#8211;<\/td><td>5<\/td><td>0<\/td><td>0<\/td><td>5<\/td><td>&#8211;<\/td><td>&#8211;<\/td><td>&#8211;<\/td><td><strong>20<\/strong><\/td><td><strong>180<\/strong><\/td><td>1962<\/td><td>1877<\/td><td>-5<\/td><\/tr><tr><td><strong>11<\/strong><\/td><td><strong>Jori Ostrovskij<\/strong><\/td><td>5<\/td><td>5<\/td><td>&#8211;<\/td><td>&#8211;<\/td><td>&#8211;<\/td><td>0<\/td><td>1<\/td><td>0<\/td><td>5<\/td><td>&#8211;<\/td><td>&#8211;<\/td><td>&#8211;<\/td><td><strong>16<\/strong><\/td><td><strong>178<\/strong><\/td><td>&#8211;<\/td><td>1806<\/td><td>&#8211;<\/td><\/tr><tr><td><strong>12<\/strong><\/td><td><strong>Olli Heimo<\/strong><\/td><td>5<\/td><td>0<\/td><td>&#8211;<\/td><td>&#8211;<\/td><td>&#8211;<\/td><td>&#8211;<\/td><td>3<\/td><td>3<\/td><td>4<\/td><td>&#8211;<\/td><td>&#8211;<\/td><td>&#8211;<\/td><td><strong>15<\/strong><\/td><td><strong>179<\/strong><\/td><td>&#8211;<\/td><td>1788<\/td><td>&#8211;<\/td><\/tr><tr><td><strong>13-14<\/strong><\/td><td><strong>Andrej Kalinin (LAT)<\/strong><\/td><td>5<\/td><td>5<\/td><td>&#8211;<\/td><td>&#8211;<\/td><td>&#8211;<\/td><td>&#8211;<\/td><td>1<\/td><td>0<\/td><td>4<\/td><td>&#8211;<\/td><td>&#8211;<\/td><td>&#8211;<\/td><td><strong>15<\/strong><\/td><td><strong>180<\/strong><\/td><td>1795<\/td><td>1788<\/td><td>0<\/td><\/tr><tr><td><strong>13-14<\/strong><\/td><td><strong>Hannu Harkola<\/strong><\/td><td>5<\/td><td>0<\/td><td>&#8211;<\/td><td>&#8211;<\/td><td>&#8211;<\/td><td>0<\/td><td>0<\/td><td>5<\/td><td>5<\/td><td>&#8211;<\/td><td>&#8211;<\/td><td>&#8211;<\/td><td><strong>15<\/strong><\/td><td><strong>180<\/strong><\/td><td>1979<\/td><td>1788<\/td><td>-11<\/td><\/tr><tr><td><strong>15<\/strong><\/td><td><strong>Arto Heimonen<\/strong><\/td><td>5<\/td><td>5<\/td><td>&#8211;<\/td><td>&#8211;<\/td><td>&#8211;<\/td><td>&#8211;<\/td><td>&#8211;<\/td><td>&#8211;<\/td><td>3<\/td><td>&#8211;<\/td><td>0<\/td><td>&#8211;<\/td><td><strong>13<\/strong><\/td><td><strong>178<\/strong><\/td><td>1617<\/td><td>1752<\/td><td>8<\/td><\/tr><tr><td><strong>16<\/strong><\/td><td><strong>Indrek Turu (EST)<\/strong><\/td><td>5<\/td><td>&#8211;<\/td><td>&#8211;<\/td><td>&#8211;<\/td><td>&#8211;<\/td><td>&#8211;<\/td><td>&#8211;<\/td><td>&#8211;<\/td><td>2<\/td><td>&#8211;<\/td><td>0<\/td><td>&#8211;<\/td><td><strong>7<\/strong><\/td><td><strong>180<\/strong><\/td><td>1880<\/td><td>1645<\/td><td>-13<\/td><\/tr><tr><td><\/td><td><strong>keskiarvo<\/strong><\/td><td>4,8<\/td><td>4,2<\/td><td>2,3<\/td><td>1,4<\/td><td>1,4<\/td><td>2,3<\/td><td>2,4<\/td><td>2,7<\/td><td>4,8<\/td><td>2,3<\/td><td>3,0<\/td><td>2,3<\/td><td><\/td><\/tr><\/tbody><\/table><\/figure>\n\n\n\n<p>Teht\u00e4v\u00e4t | Ratkaisut<\/p>\n","protected":false},"excerpt":{"rendered":"<p>PIKARATKAISEMISEN 33. SUOMEN MESTARUUSKILPAILU Kilpailu k\u00e4ytiin 25.2.12 Shakkiareenalla Helsingiss\u00e4.Tuomarina ja teht\u00e4vien valitsijana toimi tavalliseen tapaan Neal Turner.Kilpailussa oli 12 teht\u00e4v\u00e4\u00e4 ja ratkaisuaika kolme tuntia. Ratkaisijoita osallistui 16. Latvialainen Andrej Kalinin ja virolaiset Margus S\u00f6\u00f6t ja Indrek Turu tekiv\u00e4t kilpailusta kansainv\u00e4lisen.Mitalit jaettiin samoille ratkaisijoille kuin viime vuonna, mutta Kari Karhunen sai&#8230; <a class=\"continue-reading-link\" href=\"https:\/\/www.tehtavaniekat.fi\/index.php\/pikara2012\/\">Jatka lukemista<\/a><\/p>\n","protected":false},"author":1,"featured_media":0,"parent":0,"menu_order":0,"comment_status":"closed","ping_status":"closed","template":"","meta":{"footnotes":""},"class_list":["post-2037","page","type-page","status-publish","hentry"],"_links":{"self":[{"href":"https:\/\/www.tehtavaniekat.fi\/index.php\/wp-json\/wp\/v2\/pages\/2037","targetHints":{"allow":["GET"]}}],"collection":[{"href":"https:\/\/www.tehtavaniekat.fi\/index.php\/wp-json\/wp\/v2\/pages"}],"about":[{"href":"https:\/\/www.tehtavaniekat.fi\/index.php\/wp-json\/wp\/v2\/types\/page"}],"author":[{"embeddable":true,"href":"https:\/\/www.tehtavaniekat.fi\/index.php\/wp-json\/wp\/v2\/users\/1"}],"replies":[{"embeddable":true,"href":"https:\/\/www.tehtavaniekat.fi\/index.php\/wp-json\/wp\/v2\/comments?post=2037"}],"version-history":[{"count":4,"href":"https:\/\/www.tehtavaniekat.fi\/index.php\/wp-json\/wp\/v2\/pages\/2037\/revisions"}],"predecessor-version":[{"id":2042,"href":"https:\/\/www.tehtavaniekat.fi\/index.php\/wp-json\/wp\/v2\/pages\/2037\/revisions\/2042"}],"wp:attachment":[{"href":"https:\/\/www.tehtavaniekat.fi\/index.php\/wp-json\/wp\/v2\/media?parent=2037"}],"curies":[{"name":"wp","href":"https:\/\/api.w.org\/{rel}","templated":true}]}}