{"id":2016,"date":"2022-12-14T20:03:05","date_gmt":"2022-12-14T17:03:05","guid":{"rendered":"https:\/\/www.tehtavaniekat.fi\/?page_id=2016"},"modified":"2023-01-03T22:29:07","modified_gmt":"2023-01-03T19:29:07","slug":"vuosik23","status":"publish","type":"page","link":"https:\/\/www.tehtavaniekat.fi\/index.php\/vuosik23\/","title":{"rendered":"Vuosik23"},"content":{"rendered":"<h2><strong>Suomen teht\u00e4v\u00e4niekat ry:n vuosikokous 2023<\/strong><\/h2>\n<p>Shakkiareena, Hiomotie 10, Helsinki<\/p>\n<p>Aika: lauantai 18.2.2023 alkaen klo 17.00<\/p>\n<p>Esityslista:<\/p>\n<p>1) Kokouksen avaus<br \/>2) Kokouksen j\u00e4rjest\u00e4ytyminen<br \/>3) Kokouksen laillisuus<br \/>4) Ty\u00f6j\u00e4rjestyksen vahvistaminen<br \/>5) Toimintakertomus vuodelta 2022<br \/>6) Tilinp\u00e4\u00e4t\u00f6s vuodelta 2022<br \/>7) Tilintarkastuskertomus<br \/>8) Tilinp\u00e4\u00e4t\u00f6ksen vahvistaminen<br \/>9) Muut kertomukset<br \/>10) Vastuuvapaudesta p\u00e4\u00e4tt\u00e4minen<br \/>11) Valinnat vuodeksi 2023:<\/p>\n<ul>\n<li>puheenjohtaja<\/li>\n<li>varapuheenjohtaja<\/li>\n<li>sihteeri<\/li>\n<li>taloudenhoitaja<\/li>\n<li>kirjastonhoitaja<\/li>\n<li>johtokunnan kaksi varaj\u00e4sent\u00e4<\/li>\n<li>kaksi toiminnantarkastajaa ja heid\u00e4n varamiehens\u00e4<\/li>\n<\/ul>\n<p>12) Muut valinnat:<\/p>\n<ul>\n<li>matrikkelinhoitaja<\/li>\n<li>teht\u00e4v\u00e4shakillinen toimikunta<\/li>\n<li>edustaja Maailman teht\u00e4v\u00e4shakkiliitto WFCC:ss\u00e4<\/li>\n<li>edustaja Suomen Shakkiliitossa<\/li>\n<\/ul>\n<p>13) J\u00e4senmaksut vuodelle 2023<br \/>14) Toimintasuunnitelma vuodelle 2023<br \/>15) Talousarvio vuodelle 2023<br \/>16) Arvonimiasiat<br \/>17) Huomionosoitukset<br \/>18) Muut asiat<\/p>\n\n\n<p>&nbsp;<\/p>\n","protected":false},"excerpt":{"rendered":"<p>Suomen teht\u00e4v\u00e4niekat ry:n vuosikokous 2023 Shakkiareena, Hiomotie 10, Helsinki Aika: lauantai 18.2.2023 alkaen klo 17.00 Esityslista: 1) Kokouksen avaus2) Kokouksen j\u00e4rjest\u00e4ytyminen3) Kokouksen laillisuus4) Ty\u00f6j\u00e4rjestyksen vahvistaminen5) Toimintakertomus vuodelta 20226) Tilinp\u00e4\u00e4t\u00f6s vuodelta 20227) Tilintarkastuskertomus8) Tilinp\u00e4\u00e4t\u00f6ksen vahvistaminen9) Muut kertomukset10) Vastuuvapaudesta p\u00e4\u00e4tt\u00e4minen11) Valinnat vuodeksi 2023: puheenjohtaja varapuheenjohtaja sihteeri taloudenhoitaja kirjastonhoitaja johtokunnan kaksi varaj\u00e4sent\u00e4 kaksi&#8230; <a class=\"continue-reading-link\" href=\"https:\/\/www.tehtavaniekat.fi\/index.php\/vuosik23\/\">Jatka lukemista<\/a><\/p>\n","protected":false},"author":1,"featured_media":0,"parent":0,"menu_order":0,"comment_status":"closed","ping_status":"closed","template":"","meta":{"footnotes":""},"class_list":["post-2016","page","type-page","status-publish","hentry"],"_links":{"self":[{"href":"https:\/\/www.tehtavaniekat.fi\/index.php\/wp-json\/wp\/v2\/pages\/2016","targetHints":{"allow":["GET"]}}],"collection":[{"href":"https:\/\/www.tehtavaniekat.fi\/index.php\/wp-json\/wp\/v2\/pages"}],"about":[{"href":"https:\/\/www.tehtavaniekat.fi\/index.php\/wp-json\/wp\/v2\/types\/page"}],"author":[{"embeddable":true,"href":"https:\/\/www.tehtavaniekat.fi\/index.php\/wp-json\/wp\/v2\/users\/1"}],"replies":[{"embeddable":true,"href":"https:\/\/www.tehtavaniekat.fi\/index.php\/wp-json\/wp\/v2\/comments?post=2016"}],"version-history":[{"count":2,"href":"https:\/\/www.tehtavaniekat.fi\/index.php\/wp-json\/wp\/v2\/pages\/2016\/revisions"}],"predecessor-version":[{"id":2599,"href":"https:\/\/www.tehtavaniekat.fi\/index.php\/wp-json\/wp\/v2\/pages\/2016\/revisions\/2599"}],"wp:attachment":[{"href":"https:\/\/www.tehtavaniekat.fi\/index.php\/wp-json\/wp\/v2\/media?parent=2016"}],"curies":[{"name":"wp","href":"https:\/\/api.w.org\/{rel}","templated":true}]}}