{"id":1932,"date":"2022-12-13T20:51:48","date_gmt":"2022-12-13T17:51:48","guid":{"rendered":"https:\/\/www.tehtavaniekat.fi\/?page_id=1932"},"modified":"2022-12-17T21:46:08","modified_gmt":"2022-12-17T18:46:08","slug":"pikara2008","status":"publish","type":"page","link":"https:\/\/www.tehtavaniekat.fi\/index.php\/pikara2008\/","title":{"rendered":"Pikaratkaisemisen SM 2008"},"content":{"rendered":"\n<h1 class=\"wp-block-heading\">PIKARATKAISEMISEN 29. SUOMEN MESTARUUSKILPAILU<\/h1>\n\n\n\n<p><\/p>\n\n\n\n<p>Kilpailu k\u00e4ytiin 23.2.08 Shakkikodissa Helsingiss\u00e4. Tuomarina ja teht\u00e4vien valitsijana toimi <strong>Neal Turner<\/strong>. Kilpailussa oli 12 teht\u00e4v\u00e4\u00e4 ja ratkaisuaika kolme tuntia. Koska toinen lopputeht\u00e4v\u00e4 p\u00e4\u00e4teltiin ratkaisuttomaksi, oli maksimipistem\u00e4\u00e4r\u00e4 55. <strong>Jorma Paavilainen<\/strong> voitti j\u00e4lleen ja muutenkin k\u00e4rjess\u00e4 on odotettuja ratkaisijoita, mutta Hurmeen tulos oli pettymys. Lopputulokset:<\/p>\n\n\n\n<p><style>\n\ntable {\n  border-collapse: collapse;\n}\n\ntd  {\n  padding: 2px ! important;\n  font-size: small ! important;\n}\n\nth {\n  font-color: white! important;\n  background-color: blue ! important;\n}\n\n<\/style><\/p>\n<figure class=\"wp-block-table is-style-stripes\"><table><tbody><tr><td><strong>sija<\/strong><\/td><td><strong>nimi<\/strong><\/td><td><strong>1<br>2#<\/strong><\/td><td><strong>2<br>2#<\/strong><\/td><td><strong>3<br>3#<\/strong><\/td><td><strong>4<br>3#<\/strong><\/td><td><strong>5<br>4#<\/strong><\/td><td><strong>6<br>4#<\/strong><\/td><td><strong>7<br>+<\/strong><\/td><td><strong>8<br>+<\/strong><\/td><td><strong>9<br>a#3<\/strong><\/td><td><strong>10<br>a#4<\/strong><\/td><td><strong>11<br>i#2<\/strong><\/td><td><strong>12<br>i#4<\/strong><\/td><td><strong>yht<\/strong><\/td><td><strong>aika<\/strong><\/td><\/tr><tr><td><strong>1<\/strong><\/td><td><strong>Jorma Paavilainen<\/strong><\/td><td>5<\/td><td>5<\/td><td>5<\/td><td>5<\/td><td>5<\/td><td>5<\/td><td>&#8211;<\/td><td>5<\/td><td>5<\/td><td>5<\/td><td>3,5<\/td><td>5<\/td><td><strong>53,5<\/strong><\/td><td><strong>180<\/strong><\/td><\/tr><tr><td><strong>2<\/strong><\/td><td><strong>Joose Norri<\/strong><\/td><td>5<\/td><td>5<\/td><td>5<\/td><td>4<\/td><td>5<\/td><td>4<\/td><td>&#8211;<\/td><td>5<\/td><td>5<\/td><td>5<\/td><td>5<\/td><td>4<\/td><td><strong>52<\/strong><\/td><td><strong>159<\/strong><\/td><\/tr><tr><td><strong>3<\/strong><\/td><td><strong>Kari Karhunen<\/strong><\/td><td>5<\/td><td>5<\/td><td>5<\/td><td>5<\/td><td>5<\/td><td>4<\/td><td>&#8211;<\/td><td>5<\/td><td>2,5<\/td><td>5<\/td><td>5<\/td><td>5<\/td><td><strong>51,5<\/strong><\/td><td><strong>180<\/strong><\/td><\/tr><tr><td><strong>4<\/strong><\/td><td><strong>Henry Tanner<\/strong><\/td><td>5<\/td><td>5<\/td><td>5<\/td><td>&nbsp;<\/td><td>5<\/td><td>5<\/td><td>&#8211;<\/td><td>5<\/td><td>5<\/td><td>5<\/td><td>5<\/td><td>&nbsp;<\/td><td><strong>45<\/strong><\/td><td><strong>178<\/strong><\/td><\/tr><tr><td><strong>5<\/strong><\/td><td><strong>Kari Valtonen<\/strong><\/td><td>5<\/td><td>5<\/td><td>5<\/td><td>0<\/td><td>5<\/td><td>0<\/td><td>&#8211;<\/td><td>5<\/td><td>2,5<\/td><td>2,5<\/td><td>5<\/td><td>5<\/td><td><strong>40<\/strong><\/td><td><strong>180<\/strong><\/td><\/tr><tr><td><strong>6<\/strong><\/td><td><strong>Terho Marlo<\/strong><\/td><td>5<\/td><td>5<\/td><td>1<\/td><td>&nbsp;<\/td><td>5<\/td><td>&nbsp;<\/td><td>&#8211;<\/td><td>1<\/td><td>5<\/td><td>5<\/td><td>5<\/td><td>5<\/td><td><strong>37<\/strong><\/td><td><strong>178<\/strong><\/td><\/tr><tr><td><strong>7<\/strong><\/td><td><strong>Mikael Gr\u00f6nroos<\/strong><\/td><td>5<\/td><td>5<\/td><td>4<\/td><td>&nbsp;<\/td><td>5<\/td><td>&nbsp;<\/td><td>&#8211;<\/td><td>&nbsp;<\/td><td>5<\/td><td>5<\/td><td>5<\/td><td>&nbsp;<\/td><td><strong>34<\/strong><\/td><td><strong>168<\/strong><\/td><\/tr><tr><td><strong>8<\/strong><\/td><td><strong>Hannu Harkola<\/strong><\/td><td>5<\/td><td>5<\/td><td>&nbsp;<\/td><td>&nbsp;<\/td><td>5<\/td><td>0<\/td><td>&#8211;<\/td><td>5<\/td><td>5<\/td><td>5<\/td><td>3,5<\/td><td>&nbsp;<\/td><td><strong>33,5<\/strong><\/td><td><strong>180<\/strong><\/td><\/tr><tr><td><strong>9<\/strong><\/td><td><strong>Harri Hurme<\/strong><\/td><td>0<\/td><td>5<\/td><td>3,5<\/td><td>2,5<\/td><td>5<\/td><td>&nbsp;<\/td><td>&#8211;<\/td><td>5<\/td><td>1,5<\/td><td>2,5<\/td><td>2,5<\/td><td>5<\/td><td><strong>32,5<\/strong><\/td><td><strong>176<\/strong><\/td><\/tr><tr><td><strong>10<\/strong><\/td><td><strong>Janne Syv\u00e4niemi<\/strong><\/td><td>5<\/td><td>5<\/td><td>2<\/td><td>&nbsp;<\/td><td>&nbsp;<\/td><td>&nbsp;<\/td><td>&#8211;<\/td><td>1<\/td><td>5<\/td><td>5<\/td><td>3,5<\/td><td>&nbsp;<\/td><td><strong>26,5<\/strong><\/td><td><strong>180<\/strong><\/td><\/tr><tr><td><strong>11<\/strong><\/td><td><strong>Petteri Paronen<\/strong><\/td><td>5<\/td><td>5<\/td><td>5<\/td><td>0<\/td><td>&nbsp;<\/td><td>&nbsp;<\/td><td>&#8211;<\/td><td>5<\/td><td>2,5<\/td><td>&nbsp;<\/td><td>3,5<\/td><td>&nbsp;<\/td><td><strong>26<\/strong><\/td><td><strong>179<\/strong><\/td><\/tr><tr><td><strong>12<\/strong><\/td><td><strong>Olli Heimo<\/strong><\/td><td>5<\/td><td>5<\/td><td>&nbsp;<\/td><td>&nbsp;<\/td><td>&nbsp;<\/td><td>&nbsp;<\/td><td>&#8211;<\/td><td>5<\/td><td>5<\/td><td>&nbsp;<\/td><td>5<\/td><td>&nbsp;<\/td><td><strong>25<\/strong><\/td><td><strong>166<\/strong><\/td><\/tr><tr><td><strong>13<\/strong><\/td><td><strong>Harri Hyt\u00f6nen<\/strong><\/td><td>5<\/td><td>0<\/td><td>2<\/td><td>&nbsp;<\/td><td>5<\/td><td>0<\/td><td>&#8211;<\/td><td>1<\/td><td>&nbsp;<\/td><td>&nbsp;<\/td><td>5<\/td><td>&nbsp;<\/td><td><strong>18<\/strong><\/td><td><strong>180<\/strong><\/td><\/tr><tr><td><strong>14<\/strong><\/td><td><strong>Arto Heimonen<\/strong><\/td><td>5<\/td><td>5<\/td><td>&nbsp;<\/td><td>&nbsp;<\/td><td>&nbsp;<\/td><td>&nbsp;<\/td><td>&#8211;<\/td><td>&nbsp;<\/td><td>&nbsp;<\/td><td>&nbsp;<\/td><td>0<\/td><td>&nbsp;<\/td><td><strong>10<\/strong><\/td><td><strong>175<\/strong><\/td><\/tr><tr><td><strong>15<\/strong><\/td><td><strong>Ari M\u00f6tt\u00f6nen<\/strong><\/td><td>0<\/td><td>&nbsp;<\/td><td>&nbsp;<\/td><td>&nbsp;<\/td><td>&nbsp;<\/td><td>&nbsp;<\/td><td>&#8211;<\/td><td>1<\/td><td>&nbsp;<\/td><td>&nbsp;<\/td><td>3,5<\/td><td>&nbsp;<\/td><td><strong>4,5<\/strong><\/td><td><strong>179<\/strong><\/td><\/tr><tr><td>&nbsp;<\/td><td>keskiarvo<\/td><td>4,3<\/td><td>4,3<\/td><td>2,8<\/td><td>1,1<\/td><td>3,3<\/td><td>1,2<\/td><td>&#8211;<\/td><td>3,3<\/td><td>3,3<\/td><td>3,0<\/td><td>4,0<\/td><td>1,9<\/td><td>&nbsp;<\/td><td>&nbsp;<\/td><\/tr><\/tbody><\/table><\/figure>\n\n\n\n<p><a href=\"https:\/\/www.tehtavaniekat.fi\/index.php\/pika08t\" data-type=\"URL\">Teht\u00e4v\u00e4t<\/a> | <a href=\"https:\/\/www.tehtavaniekat.fi\/index.php\/pika08r\">Ratkaisut<\/a><\/p>\n","protected":false},"excerpt":{"rendered":"<p>PIKARATKAISEMISEN 29. SUOMEN MESTARUUSKILPAILU Kilpailu k\u00e4ytiin 23.2.08 Shakkikodissa Helsingiss\u00e4. Tuomarina ja teht\u00e4vien valitsijana toimi Neal Turner. Kilpailussa oli 12 teht\u00e4v\u00e4\u00e4 ja ratkaisuaika kolme tuntia. Koska toinen lopputeht\u00e4v\u00e4 p\u00e4\u00e4teltiin ratkaisuttomaksi, oli maksimipistem\u00e4\u00e4r\u00e4 55. Jorma Paavilainen voitti j\u00e4lleen ja muutenkin k\u00e4rjess\u00e4 on odotettuja ratkaisijoita, mutta Hurmeen tulos oli pettymys. Lopputulokset: sija nimi&#8230; <a class=\"continue-reading-link\" href=\"https:\/\/www.tehtavaniekat.fi\/index.php\/pikara2008\/\">Jatka lukemista<\/a><\/p>\n","protected":false},"author":1,"featured_media":0,"parent":0,"menu_order":0,"comment_status":"closed","ping_status":"closed","template":"","meta":{"footnotes":""},"class_list":["post-1932","page","type-page","status-publish","hentry"],"_links":{"self":[{"href":"https:\/\/www.tehtavaniekat.fi\/index.php\/wp-json\/wp\/v2\/pages\/1932","targetHints":{"allow":["GET"]}}],"collection":[{"href":"https:\/\/www.tehtavaniekat.fi\/index.php\/wp-json\/wp\/v2\/pages"}],"about":[{"href":"https:\/\/www.tehtavaniekat.fi\/index.php\/wp-json\/wp\/v2\/types\/page"}],"author":[{"embeddable":true,"href":"https:\/\/www.tehtavaniekat.fi\/index.php\/wp-json\/wp\/v2\/users\/1"}],"replies":[{"embeddable":true,"href":"https:\/\/www.tehtavaniekat.fi\/index.php\/wp-json\/wp\/v2\/comments?post=1932"}],"version-history":[{"count":4,"href":"https:\/\/www.tehtavaniekat.fi\/index.php\/wp-json\/wp\/v2\/pages\/1932\/revisions"}],"predecessor-version":[{"id":2332,"href":"https:\/\/www.tehtavaniekat.fi\/index.php\/wp-json\/wp\/v2\/pages\/1932\/revisions\/2332"}],"wp:attachment":[{"href":"https:\/\/www.tehtavaniekat.fi\/index.php\/wp-json\/wp\/v2\/media?parent=1932"}],"curies":[{"name":"wp","href":"https:\/\/api.w.org\/{rel}","templated":true}]}}