{"id":1900,"date":"2022-12-10T19:09:50","date_gmt":"2022-12-10T16:09:50","guid":{"rendered":"https:\/\/www.tehtavaniekat.fi\/?page_id=1900"},"modified":"2022-12-13T21:49:49","modified_gmt":"2022-12-13T18:49:49","slug":"pikaratkaisemisen-sm-2006","status":"publish","type":"page","link":"https:\/\/www.tehtavaniekat.fi\/index.php\/pikaratkaisemisen-sm-2006\/","title":{"rendered":"Pikaratkaisemisen SM 2006"},"content":{"rendered":"\n<h1 class=\"wp-block-heading\">PIKARATKAISEMISEN 27. SUOMEN MESTARUUSKILPAILU<\/h1>\n\n\n\n<p><\/p>\n\n\n\n<p>Kilpailu k\u00e4ytiin 4.3.06 Shakkikodissa Helsingiss\u00e4. Tuomarina ja teht\u00e4vien valitsijana toimi <strong>Neal Turner<\/strong>. Kilpailussa oli 14 teht\u00e4v\u00e4\u00e4 ja ne ratkaistiin kahdessa 105 minuutin jaksossa. Maksimipistem\u00e4\u00e4r\u00e4 oli 70 ja maksimiaika 210 min. <strong>Joose Norri<\/strong> saavutti ensimm\u00e4isen mestaruutensa muiden edustusratkaisijoiden edell\u00e4. Lopputulokset:<\/p>\n\n\n\n<figure class=\"wp-block-table is-style-stripes\"><table><thead><tr><th class=\"has-text-align-left\" data-align=\"left\">sija<\/th><th class=\"has-text-align-left\" data-align=\"left\">nimi<\/th><th class=\"has-text-align-left\" data-align=\"left\">yht.<\/th><th class=\"has-text-align-left\" data-align=\"left\">aika<\/th><\/tr><\/thead><tbody><tr><td class=\"has-text-align-left\" data-align=\"left\"><strong>1<\/strong><\/td><td class=\"has-text-align-left\" data-align=\"left\"><strong>Joose Norri<\/strong><\/td><td class=\"has-text-align-left\" data-align=\"left\"><strong>62,5<\/strong><\/td><td class=\"has-text-align-left\" data-align=\"left\"><strong>189<\/strong><\/td><\/tr><tr><td class=\"has-text-align-left\" data-align=\"left\"><strong>2<\/strong><\/td><td class=\"has-text-align-left\" data-align=\"left\"><strong>Jorma Paavilainen<\/strong><\/td><td class=\"has-text-align-left\" data-align=\"left\"><strong>62,0<\/strong><\/td><td class=\"has-text-align-left\" data-align=\"left\"><strong>210<\/strong><\/td><\/tr><tr><td class=\"has-text-align-left\" data-align=\"left\"><strong>3<\/strong><\/td><td class=\"has-text-align-left\" data-align=\"left\"><strong>Harri Hurme<\/strong><\/td><td class=\"has-text-align-left\" data-align=\"left\"><strong>56,5<\/strong><\/td><td class=\"has-text-align-left\" data-align=\"left\"><strong>202<\/strong><\/td><\/tr><tr><td class=\"has-text-align-left\" data-align=\"left\"><strong>4<\/strong><\/td><td class=\"has-text-align-left\" data-align=\"left\"><strong>Kari Karhunen<\/strong><\/td><td class=\"has-text-align-left\" data-align=\"left\"><strong>55,0<\/strong><\/td><td class=\"has-text-align-left\" data-align=\"left\"><strong>210<\/strong><\/td><\/tr><tr><td class=\"has-text-align-left\" data-align=\"left\"><strong>5<\/strong><\/td><td class=\"has-text-align-left\" data-align=\"left\"><strong>Kari Valtonen<\/strong><\/td><td class=\"has-text-align-left\" data-align=\"left\"><strong>49,5<\/strong><\/td><td class=\"has-text-align-left\" data-align=\"left\"><strong>208<\/strong><\/td><\/tr><tr><td class=\"has-text-align-left\" data-align=\"left\"><strong>6<\/strong><\/td><td class=\"has-text-align-left\" data-align=\"left\"><strong>Henry Tanner<\/strong><\/td><td class=\"has-text-align-left\" data-align=\"left\"><strong>45,5<\/strong><\/td><td class=\"has-text-align-left\" data-align=\"left\"><strong>210<\/strong><\/td><\/tr><tr><td class=\"has-text-align-left\" data-align=\"left\"><strong>7<\/strong><\/td><td class=\"has-text-align-left\" data-align=\"left\"><strong>Hannu Harkola<\/strong><\/td><td class=\"has-text-align-left\" data-align=\"left\"><strong>36,0<\/strong><\/td><td class=\"has-text-align-left\" data-align=\"left\"><strong>210<\/strong><\/td><\/tr><tr><td class=\"has-text-align-left\" data-align=\"left\"><strong>8<\/strong><\/td><td class=\"has-text-align-left\" data-align=\"left\"><strong>Janne Syv\u00e4niemi<\/strong><\/td><td class=\"has-text-align-left\" data-align=\"left\"><strong>34,0<\/strong><\/td><td class=\"has-text-align-left\" data-align=\"left\"><strong>210<\/strong><\/td><\/tr><tr><td class=\"has-text-align-left\" data-align=\"left\"><strong>9<\/strong><\/td><td class=\"has-text-align-left\" data-align=\"left\"><strong>Juha Saukkola<\/strong><\/td><td class=\"has-text-align-left\" data-align=\"left\"><strong>29,0<\/strong><\/td><td class=\"has-text-align-left\" data-align=\"left\"><strong>209<\/strong><\/td><\/tr><tr><td class=\"has-text-align-left\" data-align=\"left\"><strong>10<\/strong><\/td><td class=\"has-text-align-left\" data-align=\"left\"><strong>Petteri Paronen<\/strong><\/td><td class=\"has-text-align-left\" data-align=\"left\"><strong>21,0<\/strong><\/td><td class=\"has-text-align-left\" data-align=\"left\"><strong>204<\/strong><\/td><\/tr><tr><td class=\"has-text-align-left\" data-align=\"left\"><strong>11<\/strong><\/td><td class=\"has-text-align-left\" data-align=\"left\"><strong>Harri Hyt\u00f6nen<\/strong><\/td><td class=\"has-text-align-left\" data-align=\"left\"><strong>18,0<\/strong><\/td><td class=\"has-text-align-left\" data-align=\"left\"><strong>210<\/strong><\/td><\/tr><tr><td class=\"has-text-align-left\" data-align=\"left\"><strong>12<\/strong><\/td><td class=\"has-text-align-left\" data-align=\"left\"><strong>Matti Rasilainen<\/strong><\/td><td class=\"has-text-align-left\" data-align=\"left\"><strong>12,0<\/strong><\/td><td class=\"has-text-align-left\" data-align=\"left\"><strong>135<\/strong><\/td><\/tr><\/tbody><\/table><\/figure>\n\n\n\n<div class=\"wp-block-columns is-layout-flex wp-container-core-columns-is-layout-1 wp-block-columns-is-layout-flex\">\n<div class=\"wp-block-column is-layout-flow wp-block-column-is-layout-flow\">\n<figure class=\"wp-block-image size-full\"><img fetchpriority=\"high\" decoding=\"async\" width=\"350\" height=\"269\" src=\"https:\/\/www.tehtavaniekat.fi\/wp-content\/uploads\/pikar061.jpg\" alt=\"\" class=\"wp-image-1947\" srcset=\"https:\/\/www.tehtavaniekat.fi\/wp-content\/uploads\/pikar061.jpg 350w, https:\/\/www.tehtavaniekat.fi\/wp-content\/uploads\/pikar061-300x231.jpg 300w, https:\/\/www.tehtavaniekat.fi\/wp-content\/uploads\/pikar061-150x115.jpg 150w\" sizes=\"(max-width: 350px) 100vw, 350px\" \/><figcaption>Neal Turner onnittelee Joose Norria<\/figcaption><\/figure>\n<\/div>\n\n\n\n<div class=\"wp-block-column is-layout-flow wp-block-column-is-layout-flow\">\n<figure class=\"wp-block-image size-full\"><img decoding=\"async\" width=\"350\" height=\"204\" src=\"https:\/\/www.tehtavaniekat.fi\/wp-content\/uploads\/pikar06b1.jpg\" alt=\"\" class=\"wp-image-1948\" srcset=\"https:\/\/www.tehtavaniekat.fi\/wp-content\/uploads\/pikar06b1.jpg 350w, https:\/\/www.tehtavaniekat.fi\/wp-content\/uploads\/pikar06b1-300x175.jpg 300w, https:\/\/www.tehtavaniekat.fi\/wp-content\/uploads\/pikar06b1-150x87.jpg 150w\" sizes=\"(max-width: 350px) 100vw, 350px\" \/><figcaption>Jorma Paavilainen, Joose Norri ja Harri Hurme<\/figcaption><\/figure>\n<\/div>\n<\/div>\n\n\n\n<p>Teht\u00e4v\u00e4t | Ratkaisut | <a href=\"https:\/\/www.tehtavaniekat.fi\/wp-content\/uploads\/sm2006.pdf\">Tulostaulukko<\/a><\/p>\n","protected":false},"excerpt":{"rendered":"<p>PIKARATKAISEMISEN 27. SUOMEN MESTARUUSKILPAILU Kilpailu k\u00e4ytiin 4.3.06 Shakkikodissa Helsingiss\u00e4. Tuomarina ja teht\u00e4vien valitsijana toimi Neal Turner. Kilpailussa oli 14 teht\u00e4v\u00e4\u00e4 ja ne ratkaistiin kahdessa 105 minuutin jaksossa. Maksimipistem\u00e4\u00e4r\u00e4 oli 70 ja maksimiaika 210 min. Joose Norri saavutti ensimm\u00e4isen mestaruutensa muiden edustusratkaisijoiden edell\u00e4. Lopputulokset: sija nimi yht. aika 1 Joose Norri&#8230; <a class=\"continue-reading-link\" href=\"https:\/\/www.tehtavaniekat.fi\/index.php\/pikaratkaisemisen-sm-2006\/\">Jatka lukemista<\/a><\/p>\n","protected":false},"author":1,"featured_media":0,"parent":0,"menu_order":0,"comment_status":"closed","ping_status":"closed","template":"","meta":{"footnotes":""},"class_list":["post-1900","page","type-page","status-publish","hentry"],"_links":{"self":[{"href":"https:\/\/www.tehtavaniekat.fi\/index.php\/wp-json\/wp\/v2\/pages\/1900","targetHints":{"allow":["GET"]}}],"collection":[{"href":"https:\/\/www.tehtavaniekat.fi\/index.php\/wp-json\/wp\/v2\/pages"}],"about":[{"href":"https:\/\/www.tehtavaniekat.fi\/index.php\/wp-json\/wp\/v2\/types\/page"}],"author":[{"embeddable":true,"href":"https:\/\/www.tehtavaniekat.fi\/index.php\/wp-json\/wp\/v2\/users\/1"}],"replies":[{"embeddable":true,"href":"https:\/\/www.tehtavaniekat.fi\/index.php\/wp-json\/wp\/v2\/comments?post=1900"}],"version-history":[{"count":4,"href":"https:\/\/www.tehtavaniekat.fi\/index.php\/wp-json\/wp\/v2\/pages\/1900\/revisions"}],"predecessor-version":[{"id":1952,"href":"https:\/\/www.tehtavaniekat.fi\/index.php\/wp-json\/wp\/v2\/pages\/1900\/revisions\/1952"}],"wp:attachment":[{"href":"https:\/\/www.tehtavaniekat.fi\/index.php\/wp-json\/wp\/v2\/media?parent=1900"}],"curies":[{"name":"wp","href":"https:\/\/api.w.org\/{rel}","templated":true}]}}