{"id":1888,"date":"2022-12-10T18:21:43","date_gmt":"2022-12-10T15:21:43","guid":{"rendered":"https:\/\/www.tehtavaniekat.fi\/?page_id=1888"},"modified":"2022-12-17T14:20:50","modified_gmt":"2022-12-17T11:20:50","slug":"pikaratkaisemisen-sm-2005","status":"publish","type":"page","link":"https:\/\/www.tehtavaniekat.fi\/index.php\/pikaratkaisemisen-sm-2005\/","title":{"rendered":"Pikaratkaisemisen SM 2005"},"content":{"rendered":"\n<h1 class=\"wp-block-heading\">PIKARATKAISEMISEN 26. SUOMEN MESTARUUSKILPAILU<\/h1>\n\n\n\n<p><br>Kilpailu k\u00e4ytiin 26.-27.2.05 Shakkikodissa Helsingiss\u00e4. Tuomarina ja teht\u00e4vien valitsijana toimi <strong>Neal Turner<\/strong>. Kilpailussa kokeiltiin ensimm\u00e4ist\u00e4 kertaa Suomessa MM-kilpailujen muotoa, jossa kunkin teht\u00e4v\u00e4ryhm\u00e4n kolme teht\u00e4v\u00e4\u00e4 ratkaistiin kerralla seuraavasti:<\/p>\n\n\n\n<figure class=\"wp-block-table is-style-stripes\"><table><tbody><tr><td><br>lauantai 26.2.<br>&#8211; kaksisiirtoiset mattiteht\u00e4v\u00e4t (20 minuuttia)<br>&#8211; kolmisiirtoiset mattiteht\u00e4v\u00e4t (60 minuuttia)<br>&#8211; lopputeht\u00e4v\u00e4t (100 minuuttia)<\/td><td>sunnuntai 27.2.<br>&#8211; apumatit (50 minuuttia)<br>&#8211; monisiirtoiset mattiteht\u00e4v\u00e4t (80 minuuttia)<br>&#8211; itsematit (50 minuuttia)<\/td><\/tr><\/tbody><\/table><\/figure>\n\n\n\n<p>Maksimipistem\u00e4\u00e4r\u00e4 oli 90 ja maksimiaika 360 min.<\/p>\n\n\n\n<p style=\"text-align: center;\"><img fetchpriority=\"high\" decoding=\"async\" class=\"aligncenter wp-image-1953\" src=\"https:\/\/www.tehtavaniekat.fi\/wp-content\/uploads\/pikar051.jpg\" alt=\"\" width=\"400\" height=\"252\" srcset=\"https:\/\/www.tehtavaniekat.fi\/wp-content\/uploads\/pikar051.jpg 300w, https:\/\/www.tehtavaniekat.fi\/wp-content\/uploads\/pikar051-150x95.jpg 150w\" sizes=\"(max-width: 400px) 100vw, 400px\" \/><span style=\"font-size: 10pt;\">Joose Norri, Jorma Paavilainen ja Kari Karhunen<\/span><\/p>\n\n\n\n<p>Lopputulokset:<\/p>\n\n\n\n<figure class=\"wp-block-table is-style-stripes\" style=\"font-size:12px\"><table><thead><tr><th>Sija<\/th><th>Nimi<\/th><th>2#<\/th><th>3#<\/th><th>lt<\/th><th>a#<\/th><th>n#<\/th><th>i#<\/th><th>yht.<\/th><th>aika<\/th><\/tr><\/thead><tbody><tr><td>1<\/td><td>RSM Jorma Paavilainen<\/td><td>10<\/td><td>13,5<\/td><td>12<\/td><td>15<\/td><td>14<\/td><td>12,5<\/td><td>77,0<\/td><td>326<\/td><\/tr><tr><td>2<\/td><td>Joose Norri<\/td><td>15<\/td><td>15<\/td><td>11<\/td><td>12,5<\/td><td>13<\/td><td>10<\/td><td>76,5<\/td><td>356<\/td><\/tr><tr><td>3<\/td><td>RFM Kari Karhunen<\/td><td>10<\/td><td>14<\/td><td>12<\/td><td>10<\/td><td>15<\/td><td>13,5<\/td><td>74,5<\/td><td>359<\/td><\/tr><tr><td>4<\/td><td>RKvM Harri Hurme<\/td><td>15<\/td><td>15<\/td><td>12<\/td><td>5<\/td><td>15<\/td><td>10<\/td><td>72,0<\/td><td>358<\/td><\/tr><tr><td>5<\/td><td>Petteri Paronen<\/td><td>5<\/td><td>8,5<\/td><td>12<\/td><td>5<\/td><td>9<\/td><td>5<\/td><td>44,5<\/td><td>356<\/td><\/tr><tr><td>6<\/td><td>Hannu Harkola<\/td><td>5<\/td><td>0<\/td><td>6<\/td><td>2,5<\/td><td>7,5<\/td><td>6,5<\/td><td>27,5<\/td><td>358<\/td><\/tr><tr><td>7<\/td><td>Tommi Lantta<\/td><td>5<\/td><td>0<\/td><td>2<\/td><td>5<\/td><td>8<\/td><td>5<\/td><td>25,0<\/td><td>351<\/td><\/tr><tr><td>8<\/td><td>Sippo Puroila<\/td><td>0<\/td><td>1<\/td><td>7<\/td><td>5<\/td><td>3,5<\/td><td>4<\/td><td>20,5<\/td><td>301<\/td><\/tr><tr><td>9<\/td><td>Matti Rasilainen<\/td><td>10<\/td><td>2<\/td><td>2<\/td><td>0<\/td><td>4,5<\/td><td>0<\/td><td>18,5<\/td><td>357<\/td><\/tr><tr><td><\/td><td><\/td><td><\/td><td><\/td><td><\/td><td><\/td><td><\/td><td><\/td><td><\/td><td><\/td><\/tr><\/tbody><\/table><\/figure>\n\n\n\n<p><a href=\"https:\/\/www.tehtavaniekat.fi\/index.php\/pika05t\/\">Teht\u00e4v\u00e4t<\/a> | <a href=\"https:\/\/www.tehtavaniekat.fi\/index.php\/pika05r\/\">Ratkaisut<\/a><\/p>\n","protected":false},"excerpt":{"rendered":"<p>PIKARATKAISEMISEN 26. SUOMEN MESTARUUSKILPAILU Kilpailu k\u00e4ytiin 26.-27.2.05 Shakkikodissa Helsingiss\u00e4. Tuomarina ja teht\u00e4vien valitsijana toimi Neal Turner. Kilpailussa kokeiltiin ensimm\u00e4ist\u00e4 kertaa Suomessa MM-kilpailujen muotoa, jossa kunkin teht\u00e4v\u00e4ryhm\u00e4n kolme teht\u00e4v\u00e4\u00e4 ratkaistiin kerralla seuraavasti: lauantai 26.2.&#8211; kaksisiirtoiset mattiteht\u00e4v\u00e4t (20 minuuttia)&#8211; kolmisiirtoiset mattiteht\u00e4v\u00e4t (60 minuuttia)&#8211; lopputeht\u00e4v\u00e4t (100 minuuttia) sunnuntai 27.2.&#8211; apumatit (50 minuuttia)&#8211; monisiirtoiset&#8230; <a class=\"continue-reading-link\" href=\"https:\/\/www.tehtavaniekat.fi\/index.php\/pikaratkaisemisen-sm-2005\/\">Jatka lukemista<\/a><\/p>\n","protected":false},"author":1,"featured_media":0,"parent":0,"menu_order":0,"comment_status":"closed","ping_status":"closed","template":"","meta":{"footnotes":""},"class_list":["post-1888","page","type-page","status-publish","hentry"],"_links":{"self":[{"href":"https:\/\/www.tehtavaniekat.fi\/index.php\/wp-json\/wp\/v2\/pages\/1888","targetHints":{"allow":["GET"]}}],"collection":[{"href":"https:\/\/www.tehtavaniekat.fi\/index.php\/wp-json\/wp\/v2\/pages"}],"about":[{"href":"https:\/\/www.tehtavaniekat.fi\/index.php\/wp-json\/wp\/v2\/types\/page"}],"author":[{"embeddable":true,"href":"https:\/\/www.tehtavaniekat.fi\/index.php\/wp-json\/wp\/v2\/users\/1"}],"replies":[{"embeddable":true,"href":"https:\/\/www.tehtavaniekat.fi\/index.php\/wp-json\/wp\/v2\/comments?post=1888"}],"version-history":[{"count":10,"href":"https:\/\/www.tehtavaniekat.fi\/index.php\/wp-json\/wp\/v2\/pages\/1888\/revisions"}],"predecessor-version":[{"id":2234,"href":"https:\/\/www.tehtavaniekat.fi\/index.php\/wp-json\/wp\/v2\/pages\/1888\/revisions\/2234"}],"wp:attachment":[{"href":"https:\/\/www.tehtavaniekat.fi\/index.php\/wp-json\/wp\/v2\/media?parent=1888"}],"curies":[{"name":"wp","href":"https:\/\/api.w.org\/{rel}","templated":true}]}}