{"id":1835,"date":"2022-11-08T23:49:23","date_gmt":"2022-11-08T20:49:23","guid":{"rendered":"https:\/\/www.tehtavaniekat.fi\/?page_id=1835"},"modified":"2023-08-29T14:40:33","modified_gmt":"2023-08-29T11:40:33","slug":"uh-muistokilpailu","status":"publish","type":"page","link":"https:\/\/www.tehtavaniekat.fi\/index.php\/uh-muistokilpailu\/","title":{"rendered":"uh-muistokilpailu"},"content":{"rendered":"\n<h1 class=\"wp-block-heading\">Unto Heinosen muistokilpailu<\/h1>\n\n\n\n<p><br>Suomen Teht\u00e4v\u00e4niekat ry julistaa Unto Heinosen kansainv\u00e4lisen muistokilpailun teemaltaan vapaille sarjasiirtoisille teht\u00e4ville kahdessa ryhm\u00e4ss\u00e4.<br>A: teht\u00e4v\u00e4t, joissa ei ole satuehtoja eik\u00e4 -nappuloita.<br>B: teht\u00e4v\u00e4t, joissa on satuehtoja tai -nappuloita.<br>Sallitut vaatimustyypit ovat matti- tai pattiteht\u00e4v\u00e4t, apumatit ja -patit sek\u00e4 itsematit ja -patit.<\/p>\n\n\n\n<p>Teht\u00e4v\u00e4t on l\u00e4hetett\u00e4v\u00e4 viimeist\u00e4\u00e4n 30.4.2023 s\u00e4hk\u00f6postilla luottamusmies Neal Turnerille: nealturnerfinland@hotmail.com<\/p>\n\n\n\n<p>Kirjapalkinnot, kilpailun tuomari on Hans Gruber ja tuomio julkaistaan <em>Teht\u00e4v\u00e4niekassa<\/em>.<\/p>\n","protected":false},"excerpt":{"rendered":"<p>Unto Heinosen muistokilpailu Suomen Teht\u00e4v\u00e4niekat ry julistaa Unto Heinosen kansainv\u00e4lisen muistokilpailun teemaltaan vapaille sarjasiirtoisille teht\u00e4ville kahdessa ryhm\u00e4ss\u00e4.A: teht\u00e4v\u00e4t, joissa ei ole satuehtoja eik\u00e4 -nappuloita.B: teht\u00e4v\u00e4t, joissa on satuehtoja tai -nappuloita.Sallitut vaatimustyypit ovat matti- tai pattiteht\u00e4v\u00e4t, apumatit ja -patit sek\u00e4 itsematit ja -patit. Teht\u00e4v\u00e4t on l\u00e4hetett\u00e4v\u00e4 viimeist\u00e4\u00e4n 30.4.2023 s\u00e4hk\u00f6postilla luottamusmies Neal&#8230; <a class=\"continue-reading-link\" href=\"https:\/\/www.tehtavaniekat.fi\/index.php\/uh-muistokilpailu\/\">Jatka lukemista<\/a><\/p>\n","protected":false},"author":1,"featured_media":0,"parent":0,"menu_order":0,"comment_status":"closed","ping_status":"closed","template":"","meta":{"footnotes":""},"class_list":["post-1835","page","type-page","status-publish","hentry"],"_links":{"self":[{"href":"https:\/\/www.tehtavaniekat.fi\/index.php\/wp-json\/wp\/v2\/pages\/1835","targetHints":{"allow":["GET"]}}],"collection":[{"href":"https:\/\/www.tehtavaniekat.fi\/index.php\/wp-json\/wp\/v2\/pages"}],"about":[{"href":"https:\/\/www.tehtavaniekat.fi\/index.php\/wp-json\/wp\/v2\/types\/page"}],"author":[{"embeddable":true,"href":"https:\/\/www.tehtavaniekat.fi\/index.php\/wp-json\/wp\/v2\/users\/1"}],"replies":[{"embeddable":true,"href":"https:\/\/www.tehtavaniekat.fi\/index.php\/wp-json\/wp\/v2\/comments?post=1835"}],"version-history":[{"count":3,"href":"https:\/\/www.tehtavaniekat.fi\/index.php\/wp-json\/wp\/v2\/pages\/1835\/revisions"}],"predecessor-version":[{"id":2979,"href":"https:\/\/www.tehtavaniekat.fi\/index.php\/wp-json\/wp\/v2\/pages\/1835\/revisions\/2979"}],"wp:attachment":[{"href":"https:\/\/www.tehtavaniekat.fi\/index.php\/wp-json\/wp\/v2\/media?parent=1835"}],"curies":[{"name":"wp","href":"https:\/\/api.w.org\/{rel}","templated":true}]}}