{"id":1823,"date":"2022-11-06T20:11:43","date_gmt":"2022-11-06T17:11:43","guid":{"rendered":"https:\/\/www.tehtavaniekat.fi\/?page_id=1823"},"modified":"2022-12-16T18:06:33","modified_gmt":"2022-12-16T15:06:33","slug":"pikara03","status":"publish","type":"page","link":"https:\/\/www.tehtavaniekat.fi\/index.php\/pikara03\/","title":{"rendered":"Pikaratkaisemisen SM 2003"},"content":{"rendered":"\n<h1 class=\"wp-block-heading\">PIKARATKAISEMISEN 24. SUOMEN MESTARUUSKILPAILU<\/h1>\n\n\n\n<p>Kilpailu k\u00e4ytiin lauantaina 22.2.03 Shakkikodissa Helsingiss\u00e4. Tuomarina ja teht\u00e4vien valitsijana toimi <strong>Neal Turner<\/strong>. Ratkaisuaika oli kolme tuntia ja maksimipistem\u00e4\u00e4r\u00e4 60. Ratkaisijoita oli 22 sek\u00e4 kilpailun ulkopuolella kolmen hengen ryhm\u00e4. Voittaja suurmestari <strong>Pauli Perkonoja<\/strong> oli ylivoimainen vaikka k\u00e4ytti aikaa vain pari tuntia:<\/p>\n\n\n\n<div class=\"wp-block-columns is-layout-flex wp-container-core-columns-is-layout-1 wp-block-columns-is-layout-flex\">\n<div class=\"wp-block-column is-layout-flow wp-block-column-is-layout-flow\" style=\"flex-basis:75%\">\n<figure class=\"wp-block-table is-style-stripes\"><table><tbody><tr><td><strong>sija<\/strong><\/td><td><strong>nimi<\/strong><\/td><td><strong>&nbsp;yht.<\/strong>&nbsp;<\/td><td><strong>aika<\/strong>&nbsp;<\/td><\/tr><tr><td>1<\/td><td>Pauli Perkonoja<\/td><td>59,0<\/td><td>115<\/td><\/tr><tr><td>2<\/td><td>Jorma Paavilainen<\/td><td>52,2<\/td><td>180<\/td><\/tr><tr><td>3<\/td><td>Terho Jaatinen<\/td><td>46,0<\/td><td>180<\/td><\/tr><tr><td>4<\/td><td>Harri Hurme<\/td><td>44,7<\/td><td>179<\/td><\/tr><tr><td>5<\/td><td>Kari Valtonen<\/td><td>44,0<\/td><td>180<\/td><\/tr><tr><td>6<\/td><td>Henry Tanner<\/td><td>39,7<\/td><td>180<\/td><\/tr><tr><td>7<\/td><td>Kari Karhunen<\/td><td>36,3<\/td><td>180<\/td><\/tr><tr><td>8<\/td><td>Unto Heinonen<\/td><td>25,2<\/td><td>171<\/td><\/tr><tr><td>9<\/td><td>Juha Saukkola<\/td><td>25,2<\/td><td>173<\/td><\/tr><tr><td>10<\/td><td>Janne Syv\u00e4niemi<\/td><td>25,0<\/td><td>180<\/td><\/tr><tr><td>11<\/td><td>Hannu Harkola<\/td><td>23,7<\/td><td>180<\/td><\/tr><tr><td>12<\/td><td>Olli Heimo<\/td><td>21,9<\/td><td>180<\/td><\/tr><tr><td>13<\/td><td>Petteri Paronen<\/td><td>19,6<\/td><td>179<\/td><\/tr><tr><td>14<\/td><td>Tommi Lantta<\/td><td>19,2<\/td><td>180<\/td><\/tr><tr><td>15<\/td><td>Antero Harju<\/td><td>18,5<\/td><td>180<\/td><\/tr><tr><td>16<\/td><td>Jorma Pitk\u00e4nen<\/td><td>17,2<\/td><td>179<\/td><\/tr><tr><td>17<\/td><td>Sippo Puroila<\/td><td>10,0<\/td><td>173<\/td><\/tr><tr><td>18<\/td><td>Harri Hyt\u00f6nen<\/td><td>10,0<\/td><td>180<\/td><\/tr><tr><td>19<\/td><td>Kenneth Solja<\/td><td>5,0<\/td><td>176<\/td><\/tr><tr><td>20<\/td><td>Ilkka M\u00e4kinen<\/td><td>5,0<\/td><td>180<\/td><\/tr><tr><td>21<\/td><td>Ari M\u00f6tt\u00f6nen<\/td><td>1,0<\/td><td>180<\/td><\/tr><tr><td>22<\/td><td>Teemu Pudas<\/td><td>1,0<\/td><td>180<\/td><\/tr><tr><td>&nbsp;<\/td><td>Sanna Asikainen, <br>Anna Phan &amp; <br>Sida Zhov<\/td><td>5,0<\/td><td>180<\/td><\/tr><\/tbody><\/table><\/figure>\n<\/div>\n\n\n\n<div class=\"wp-block-column is-layout-flow wp-block-column-is-layout-flow\" style=\"flex-basis:25%\"><\/div>\n<\/div>\n\n\n\n<p><a href=\"https:\/\/www.tehtavaniekat.fi\/index.php\/pika03t\/\">Teht\u00e4v\u00e4t<\/a> | Tulostaulukko puuttuu<\/p>\n","protected":false},"excerpt":{"rendered":"<p>PIKARATKAISEMISEN 24. SUOMEN MESTARUUSKILPAILU Kilpailu k\u00e4ytiin lauantaina 22.2.03 Shakkikodissa Helsingiss\u00e4. Tuomarina ja teht\u00e4vien valitsijana toimi Neal Turner. Ratkaisuaika oli kolme tuntia ja maksimipistem\u00e4\u00e4r\u00e4 60. Ratkaisijoita oli 22 sek\u00e4 kilpailun ulkopuolella kolmen hengen ryhm\u00e4. Voittaja suurmestari Pauli Perkonoja oli ylivoimainen vaikka k\u00e4ytti aikaa vain pari tuntia: sija nimi &nbsp;yht.&nbsp; aika&nbsp; 1&#8230; <a class=\"continue-reading-link\" href=\"https:\/\/www.tehtavaniekat.fi\/index.php\/pikara03\/\">Jatka lukemista<\/a><\/p>\n","protected":false},"author":1,"featured_media":0,"parent":0,"menu_order":0,"comment_status":"closed","ping_status":"closed","template":"","meta":{"footnotes":""},"class_list":["post-1823","page","type-page","status-publish","hentry"],"_links":{"self":[{"href":"https:\/\/www.tehtavaniekat.fi\/index.php\/wp-json\/wp\/v2\/pages\/1823","targetHints":{"allow":["GET"]}}],"collection":[{"href":"https:\/\/www.tehtavaniekat.fi\/index.php\/wp-json\/wp\/v2\/pages"}],"about":[{"href":"https:\/\/www.tehtavaniekat.fi\/index.php\/wp-json\/wp\/v2\/types\/page"}],"author":[{"embeddable":true,"href":"https:\/\/www.tehtavaniekat.fi\/index.php\/wp-json\/wp\/v2\/users\/1"}],"replies":[{"embeddable":true,"href":"https:\/\/www.tehtavaniekat.fi\/index.php\/wp-json\/wp\/v2\/comments?post=1823"}],"version-history":[{"count":3,"href":"https:\/\/www.tehtavaniekat.fi\/index.php\/wp-json\/wp\/v2\/pages\/1823\/revisions"}],"predecessor-version":[{"id":2193,"href":"https:\/\/www.tehtavaniekat.fi\/index.php\/wp-json\/wp\/v2\/pages\/1823\/revisions\/2193"}],"wp:attachment":[{"href":"https:\/\/www.tehtavaniekat.fi\/index.php\/wp-json\/wp\/v2\/media?parent=1823"}],"curies":[{"name":"wp","href":"https:\/\/api.w.org\/{rel}","templated":true}]}}