{"id":1820,"date":"2022-12-10T17:21:01","date_gmt":"2022-12-10T14:21:01","guid":{"rendered":"https:\/\/www.tehtavaniekat.fi\/?page_id=1820"},"modified":"2022-12-16T15:24:40","modified_gmt":"2022-12-16T12:24:40","slug":"pikara02","status":"publish","type":"page","link":"https:\/\/www.tehtavaniekat.fi\/index.php\/pikara02\/","title":{"rendered":"Pikaratkaisemisen SM 2002"},"content":{"rendered":"\n<h1 class=\"wp-block-heading\">PIKARATKAISEMISEN 23. SUOMEN MESTARUUSKILPAILU<\/h1>\n\n\n\n<p>Kilpailu k\u00e4ytiin lauantaina 23.2.2002 Shakkikodissa Helsingiss\u00e4. Tuomarina ja teht\u00e4vien valitsijana toimi <strong>Neal Turner<\/strong>. Ratkaisuaika oli kolme tuntia ja maksimipistem\u00e4\u00e4r\u00e4 60. Ratkaisijoiden m\u00e4\u00e4r\u00e4 oli sama kuin edellisell\u00e4 kerralla ja k\u00e4rjess\u00e4 olivat samat nimet v\u00e4h\u00e4n eri j\u00e4rjestyksess\u00e4. Paras <strong>uusi osallistuja oli Sami H\u00e4m\u00e4l\u00e4inen<\/strong>.<\/p>\n\n\n\n<div class=\"wp-block-columns is-layout-flex wp-container-core-columns-is-layout-1 wp-block-columns-is-layout-flex\">\n<div class=\"wp-block-column is-layout-flow wp-block-column-is-layout-flow\" style=\"flex-basis:75%\">\n<figure class=\"wp-block-table is-style-stripes\"><table><tbody><tr><td><strong>sija<\/strong><\/td><td><strong>nimi<\/strong><\/td><td><strong>yht.<\/strong>&nbsp;<\/td><td>&nbsp;<strong>aika<\/strong><\/td><\/tr><tr><td>1<\/td><td>Kari Valtonen<\/td><td>49,0<\/td><td>180<\/td><\/tr><tr><td>2<\/td><td>Henry Tanner<\/td><td>48,8<\/td><td>180<\/td><\/tr><tr><td>3<\/td><td>Jorma Paavilainen<\/td><td>44,2<\/td><td>180<\/td><\/tr><tr><td>4<\/td><td>Harri Hurme<\/td><td>38,8<\/td><td>180<\/td><\/tr><tr><td>5<\/td><td>Kari Karhunen<\/td><td>30,2<\/td><td>180<\/td><\/tr><tr><td>6<\/td><td>Joose Norri<\/td><td>30,0<\/td><td>151<\/td><\/tr><tr><td>7<\/td><td>Terho Jaatinen<\/td><td>26,0<\/td><td>179<\/td><\/tr><tr><td>8<\/td><td>Janne Syv\u00e4niemi<\/td><td>26,0<\/td><td>180<\/td><\/tr><tr><td>9<\/td><td>Jorma Pitk\u00e4nen<\/td><td>22,9<\/td><td>180<\/td><\/tr><tr><td>10<\/td><td>Unto Heinonen<\/td><td>22,0<\/td><td>172<\/td><\/tr><tr><td>11<\/td><td>Sami H\u00e4m\u00e4l\u00e4inen<\/td><td>21,0<\/td><td>180<\/td><\/tr><tr><td>12<\/td><td>Marko Ylijoki<\/td><td>19,0<\/td><td>174<\/td><\/tr><tr><td>13<\/td><td>Petteri Paronen<\/td><td>15,0<\/td><td>176<\/td><\/tr><tr><td>14<\/td><td>Tommi Lantta<\/td><td>15,0<\/td><td>180<\/td><\/tr><tr><td>15<\/td><td>Juha Saukkola<\/td><td>12,0<\/td><td>178<\/td><\/tr><tr><td>16<\/td><td>Hannu Harkola<\/td><td>12,0<\/td><td>180<\/td><\/tr><tr><td>17<\/td><td>Kauko Virtanen<\/td><td>11,0<\/td><td>177<\/td><\/tr><tr><td>18<\/td><td>Harri Hyt\u00f6nen<\/td><td>9,0<\/td><td>180<\/td><\/tr><tr><td>19<\/td><td>Timo Aitta<\/td><td>7,0<\/td><td>171<\/td><\/tr><tr><td>20<\/td><td>Aapo Ahola<\/td><td>6,0<\/td><td>177<\/td><\/tr><tr><td>21<\/td><td>Teemu Pudas<\/td><td>1,0<\/td><td>64<\/td><\/tr><\/tbody><\/table><\/figure>\n<\/div>\n\n\n\n<div class=\"wp-block-column is-layout-flow wp-block-column-is-layout-flow\"><\/div>\n<\/div>\n\n\n\n<p><a rel=\"noreferrer noopener\" href=\"https:\/\/www.tehtavaniekat.fi\/wp-content\/uploads\/sm2002.pdf\" target=\"_blank\">Tulostaulukko<\/a> | <a href=\"https:\/\/www.tehtavaniekat.fi\/index.php\/pika02t\/\">Teht\u00e4v\u00e4t<\/a><\/p>\n","protected":false},"excerpt":{"rendered":"<p>PIKARATKAISEMISEN 23. SUOMEN MESTARUUSKILPAILU Kilpailu k\u00e4ytiin lauantaina 23.2.2002 Shakkikodissa Helsingiss\u00e4. Tuomarina ja teht\u00e4vien valitsijana toimi Neal Turner. Ratkaisuaika oli kolme tuntia ja maksimipistem\u00e4\u00e4r\u00e4 60. Ratkaisijoiden m\u00e4\u00e4r\u00e4 oli sama kuin edellisell\u00e4 kerralla ja k\u00e4rjess\u00e4 olivat samat nimet v\u00e4h\u00e4n eri j\u00e4rjestyksess\u00e4. Paras uusi osallistuja oli Sami H\u00e4m\u00e4l\u00e4inen. sija nimi yht.&nbsp; &nbsp;aika 1&#8230; <a class=\"continue-reading-link\" href=\"https:\/\/www.tehtavaniekat.fi\/index.php\/pikara02\/\">Jatka lukemista<\/a><\/p>\n","protected":false},"author":1,"featured_media":0,"parent":0,"menu_order":0,"comment_status":"closed","ping_status":"closed","template":"","meta":{"footnotes":""},"class_list":["post-1820","page","type-page","status-publish","hentry"],"_links":{"self":[{"href":"https:\/\/www.tehtavaniekat.fi\/index.php\/wp-json\/wp\/v2\/pages\/1820","targetHints":{"allow":["GET"]}}],"collection":[{"href":"https:\/\/www.tehtavaniekat.fi\/index.php\/wp-json\/wp\/v2\/pages"}],"about":[{"href":"https:\/\/www.tehtavaniekat.fi\/index.php\/wp-json\/wp\/v2\/types\/page"}],"author":[{"embeddable":true,"href":"https:\/\/www.tehtavaniekat.fi\/index.php\/wp-json\/wp\/v2\/users\/1"}],"replies":[{"embeddable":true,"href":"https:\/\/www.tehtavaniekat.fi\/index.php\/wp-json\/wp\/v2\/comments?post=1820"}],"version-history":[{"count":4,"href":"https:\/\/www.tehtavaniekat.fi\/index.php\/wp-json\/wp\/v2\/pages\/1820\/revisions"}],"predecessor-version":[{"id":2182,"href":"https:\/\/www.tehtavaniekat.fi\/index.php\/wp-json\/wp\/v2\/pages\/1820\/revisions\/2182"}],"wp:attachment":[{"href":"https:\/\/www.tehtavaniekat.fi\/index.php\/wp-json\/wp\/v2\/media?parent=1820"}],"curies":[{"name":"wp","href":"https:\/\/api.w.org\/{rel}","templated":true}]}}