{"id":177,"date":"2021-09-28T14:23:40","date_gmt":"2021-09-28T14:23:40","guid":{"rendered":"https:\/\/www.tehtavaniekat.fi\/?page_id=177"},"modified":"2025-02-22T19:36:34","modified_gmt":"2025-02-22T17:36:34","slug":"tehtavashakin-termeja-ja-teemoja","status":"publish","type":"page","link":"https:\/\/www.tehtavaniekat.fi\/index.php\/tehtavashakin-termeja-ja-teemoja\/","title":{"rendered":"Teht\u00e4v\u00e4shakin termej\u00e4 ja teemoja"},"content":{"rendered":"\n<h1 class=\"wp-block-heading\">Teht\u00e4v\u00e4shakin termej\u00e4 ja teemoja<\/h1>\n\n\n\n<p><strong>Kari Valtonen<\/strong> on kirjoittanut <em><a href=\"https:\/\/www.tehtavaniekat.fi\/index.php\/lehti\/\" target=\"_blank\" rel=\"noreferrer noopener\">Teht\u00e4v\u00e4niekka<\/a><\/em>-lehteen (vuoteen 2010 asti <em>Suomen Teht\u00e4v\u00e4niekat<\/em>) artikkeleita, jotka esittelev\u00e4t teht\u00e4v\u00e4shakin termej\u00e4 ja teemoja.<\/p>\n\n\n\n<p>Kirjoitelmat auttavat ymm\u00e4rt\u00e4m\u00e4\u00e4n ja arvostamaan shakkiteht\u00e4vien sis\u00e4lt\u00f6\u00e4. Ne antavat laatijoille uusia ideoita, mutta samalla osoittavat, mit\u00e4 eri teemoista on jo laadittu.<\/p>\n\n\n\n<p>Ty\u00f6t\u00e4 on tarkistaen ja t\u00e4ydent\u00e4en avustanut Henry Tanner.<\/p>\n\n\n\n<p>Yhdess\u00e4 serbialaisen Milan Velimirovi\u0107in kanssa toimitettu <em>The Encyclopedia of Chess Problems. Themes and Terms<\/em> ilmestyi vuonna 2012 Chess Informant -kustantamon julkaisemana.<br><\/p>\n\n\n\n<h2 class=\"wp-block-heading\">Sis\u00e4llys<\/h2>\n\n\n\n<ol class=\"wp-block-list\">\n<li><a href=\"https:\/\/www.tehtavaniekat.fi\/vanhat\/ttt\/luku1.pdf\" target=\"_blank\" rel=\"noreferrer noopener\">Teht\u00e4v\u00e4shakin termist\u00f6st\u00e4 ja teemanimikkeist\u00e4<\/a>, <em>Suomen Teht\u00e4v\u00e4niekat<\/em> 1\/2005<\/li>\n\n\n\n<li><a href=\"https:\/\/www.tehtavaniekat.fi\/vanhat\/ttt\/luku2.pdf\" target=\"_blank\" rel=\"noreferrer noopener\">Alkusiirto (osa I)<\/a>, <em>Suomen Teht\u00e4v\u00e4niekat<\/em> 2\/2005<\/li>\n\n\n\n<li><a href=\"https:\/\/www.tehtavaniekat.fi\/vanhat\/ttt\/luku3.pdf\" target=\"_blank\" rel=\"noreferrer noopener\">Alkusiirto (osa II)<\/a>, <em>Suomen Teht\u00e4v\u00e4niekat<\/em> 4\/2005<\/li>\n\n\n\n<li><a href=\"https:\/\/www.tehtavaniekat.fi\/vanhat\/ttt\/luku4.pdf\" target=\"_blank\" rel=\"noreferrer noopener\">Barulin<\/a>, <em>Suomen Teht\u00e4v\u00e4niekat<\/em> 5\/2005<\/li>\n\n\n\n<li><a href=\"https:\/\/www.tehtavaniekat.fi\/vanhat\/ttt\/luku5.pdf\" target=\"_blank\" rel=\"noreferrer noopener\">Duaaleja? \u00c4l\u00e4 v\u00e4l(i)t\u00e4!<\/a>, <em>Suomen Teht\u00e4v\u00e4niekat<\/em> 1\/2006<\/li>\n\n\n\n<li><a href=\"https:\/\/www.tehtavaniekat.fi\/vanhat\/ttt\/luku6.pdf\" target=\"_blank\" rel=\"noreferrer noopener\">Esitoimi (I osa)<\/a>, <em>Suomen Teht\u00e4v\u00e4niekat<\/em> 4\u20135\/2006<\/li>\n\n\n\n<li><a href=\"https:\/\/www.tehtavaniekat.fi\/vanhat\/ttt\/luku7.pdf\" target=\"_blank\" rel=\"noreferrer noopener\">Esitoimi (II osa)<\/a>, <em>Suomen Teht\u00e4v\u00e4niekat<\/em> 1\/2007<\/li>\n\n\n\n<li><a href=\"https:\/\/www.tehtavaniekat.fi\/vanhat\/ttt\/luku8.pdf\" target=\"_blank\" rel=\"noreferrer noopener\">Funktionmuutosteemoja 2 siirron mattiteht\u00e4viss\u00e4<\/a>, <em>Suomen Teht\u00e4v\u00e4niekat<\/em> 2\/2007<\/li>\n\n\n\n<li><a href=\"https:\/\/www.tehtavaniekat.fi\/vanhat\/ttt\/luku9.pdf\" target=\"_blank\" rel=\"noreferrer noopener\">Grimshaw-katkot, osa I<\/a>, <em>Suomen Teht\u00e4v\u00e4niekat<\/em> 4\u20135\/2007<\/li>\n\n\n\n<li><a href=\"https:\/\/www.tehtavaniekat.fi\/vanhat\/ttt\/luku10.pdf\" target=\"_blank\" rel=\"noreferrer noopener\">Grimshaw-katkot, osa II<\/a>, <em>Suomen Teht\u00e4v\u00e4niekat<\/em> 6\/2007<\/li>\n\n\n\n<li><a href=\"https:\/\/www.tehtavaniekat.fi\/vanhat\/ttt\/luku11.pdf\" target=\"_blank\" rel=\"noreferrer noopener\">Grimshaw-katkot, osa III<\/a>, <em>Suomen Teht\u00e4v\u00e4niekat<\/em> 1\/2008<\/li>\n\n\n\n<li><a href=\"https:\/\/www.tehtavaniekat.fi\/vanhat\/ttt\/luku12.pdf\" target=\"_blank\" rel=\"noreferrer noopener\">Herlin<\/a>, <em>Suomen Teht\u00e4v\u00e4niekat<\/em> 1\/2010<\/li>\n\n\n\n<li><a href=\"https:\/\/www.tehtavaniekat.fi\/vanhat\/ttt\/luku13.pdf\" target=\"_blank\" rel=\"noreferrer noopener\">Itsematin varhaishistoriaa I<\/a>, <em>Teht\u00e4v\u00e4niekka<\/em> 2\/2011, 10.6.2011<\/li>\n\n\n\n<li><a href=\"https:\/\/www.tehtavaniekat.fi\/vanhat\/ttt\/luku14.pdf\" target=\"_blank\" rel=\"noreferrer noopener\">Itsemattien historiaa II<\/a>, <em>Teht\u00e4v\u00e4niekka<\/em> 3\/2011, 30.9.2011<\/li>\n\n\n\n<li><a href=\"https:\/\/www.tehtavaniekat.fi\/vanhat\/ttt\/luku15.pdf\" target=\"_blank\" rel=\"noreferrer noopener\">Jatkettu hy\u00f6kk\u00e4ys, I osa<\/a>, <em>Teht\u00e4v\u00e4niekka<\/em> 4\u20135\/2011, 11.11.2011<\/li>\n\n\n\n<li><a href=\"https:\/\/www.tehtavaniekat.fi\/vanhat\/ttt\/luku16.pdf\" target=\"_blank\" rel=\"noreferrer noopener\">Jatkettu hy\u00f6kk\u00e4ys, II osa<\/a>, <em>Teht\u00e4v\u00e4niekka<\/em> 6\/2011, 21.12.2011<\/li>\n\n\n\n<li><a href=\"https:\/\/www.tehtavaniekat.fi\/vanhat\/ttt\/luku17.pdf\" target=\"_blank\" rel=\"noreferrer noopener\">Jatkettu hy\u00f6kk\u00e4ys, III osa<\/a>, <em>Teht\u00e4v\u00e4niekka<\/em> 3\/2012, 3.8.2012<\/li>\n\n\n\n<li><a href=\"https:\/\/www.tehtavaniekat.fi\/vanhat\/ttt\/luku18.pdf\" target=\"_blank\" rel=\"noreferrer noopener\">Kahdennukset<\/a>, <em>Teht\u00e4v\u00e4niekka<\/em> 6\/2012, 20.12.2012<\/li>\n\n\n\n<li><a href=\"https:\/\/www.tehtavaniekat.fi\/vanhat\/ttt\/luku19.pdf\" target=\"_blank\" rel=\"noreferrer noopener\">Kaksisiirtoisen synty ja varhaiskehitys<\/a>, <em>Teht\u00e4v\u00e4niekka<\/em> 1\/2013, 11.3.2013<\/li>\n\n\n\n<li><a href=\"https:\/\/www.tehtavaniekat.fi\/vanhat\/ttt\/luku20.pdf\" target=\"_blank\" rel=\"noreferrer noopener\">Teht\u00e4v\u00e4shakin historiaa: Vanhan shakin aika (n. 550\u20131475)<\/a>, <em>Teht\u00e4v\u00e4niekka<\/em> 2\/2013, 30.7.2013<\/li>\n\n\n\n<li><a href=\"https:\/\/www.tehtavaniekat.fi\/vanhat\/ttt\/luku21.pdf\" target=\"_blank\" rel=\"noreferrer noopener\">Samuel Loyd (30.1.1841 \u2013 10.4.1911), modernin teht\u00e4v\u00e4taiteen pioneeri \u2013 kriittinen tutkielma<\/a>, <em>Teht\u00e4v\u00e4niekka<\/em> 3\/2013, 20.9.2013<\/li>\n\n\n\n<li><a href=\"https:\/\/www.tehtavaniekat.fi\/vanhat\/ttt\/luku22.pdf\" target=\"_blank\" rel=\"noreferrer noopener\">Modenan koulukunta \u2013 modernin teht\u00e4v\u00e4taiteen edell\u00e4k\u00e4vij\u00e4<\/a>, <em>Teht\u00e4v\u00e4niekka<\/em> 4\u20135\/2013, 28.10.2013<\/li>\n\n\n\n<li><a href=\"https:\/\/www.tehtavaniekat.fi\/vanhat\/ttt\/luku23.pdf\" target=\"_blank\" rel=\"noreferrer noopener\">Laajeneva Nowotny-perhe I<\/a>, <em>Teht\u00e4v\u00e4niekka<\/em> 6\/2013, 24.12.2013<\/li>\n\n\n\n<li><a href=\"https:\/\/www.tehtavaniekat.fi\/vanhat\/ttt\/luku24.pdf\" target=\"_blank\" rel=\"noreferrer noopener\">Nowotny-perhe laajenee II<\/a>, <em>Teht\u00e4v\u00e4niekka<\/em> 1\/2014, 1.4.2014<\/li>\n\n\n\n<li><a href=\"https:\/\/www.tehtavaniekat.fi\/vanhat\/ttt\/luku25.pdf\">Ohestaly\u00f6nti teht\u00e4v\u00e4shakissa<\/a>, <em>Teht\u00e4v\u00e4niekka<\/em> 2\/2014, 11.6.2014<\/li>\n\n\n\n<li><a href=\"https:\/\/www.tehtavaniekat.fi\/vanhat\/ttt\/luku26.pdf\" target=\"_blank\" rel=\"noreferrer noopener\">Puolipatteri I<\/a>, <em>Teht\u00e4v\u00e4niekka<\/em> 3\/2014, 21.8.2014<\/li>\n\n\n\n<li><a href=\"https:\/\/www.tehtavaniekat.fi\/vanhat\/ttt\/luku27.pdf\" target=\"_blank\" rel=\"noreferrer noopener\">Puolipatteri II<\/a>, <em>Teht\u00e4v\u00e4niekka<\/em> 5\u20136\/2014, 17.12.2014<\/li>\n\n\n\n<li><a href=\"https:\/\/www.tehtavaniekat.fi\/vanhat\/ttt\/luku28.pdf\" target=\"_blank\" rel=\"noreferrer noopener\">Raivauksen monet kasvot<\/a>, <em>Teht\u00e4v\u00e4niekka<\/em> 1\/2015, 1.4.2015<\/li>\n\n\n\n<li><a href=\"https:\/\/www.tehtavaniekat.fi\/vanhat\/ttt\/luku29.pdf\" target=\"_blank\" rel=\"noreferrer noopener\">Suunnanvaihtoteemat \u2013 uusi nimitys vanhoille tutuille<\/a>, <em>Teht\u00e4v\u00e4niekka<\/em> 3\/2015, 22.9.2015<\/li>\n\n\n\n<li><a href=\"https:\/\/www.tehtavaniekat.fi\/vanhat\/ttt\/luku30.pdf\" target=\"_blank\" rel=\"noreferrer noopener\">Tukinta<\/a>, <em>Teht\u00e4v\u00e4niekka<\/em> 4\/2015, 9.12.2015<\/li>\n\n\n\n<li><a href=\"https:\/\/www.tehtavaniekat.fi\/vanhat\/ttt\/luku31.pdf\" target=\"_blank\" rel=\"noreferrer noopener\">Unkarilaisteemoja ja -saavutuksia<\/a>, <em>Teht\u00e4v\u00e4niekka<\/em> 2\/2016, 10.6.2016<\/li>\n\n\n\n<li><a href=\"https:\/\/www.tehtavaniekat.fi\/vanhat\/ttt\/luku32.pdf\" target=\"_blank\" rel=\"noreferrer noopener\">Unkarilaisteemoja ja -laatijoita II<\/a>, <em>Teht\u00e4v\u00e4niekka<\/em> 3\/2016, 14.9.2016<\/li>\n\n\n\n<li><a href=\"https:\/\/www.tehtavaniekat.fi\/vanhat\/ttt\/luku33.pdf\" target=\"_blank\" rel=\"noreferrer noopener\">Vaihdelmateht\u00e4v\u00e4<\/a>, <em>Teht\u00e4v\u00e4niekka<\/em> 4\/2016, 14.12.2016<\/li>\n\n\n\n<li><a href=\"https:\/\/www.tehtavaniekat.fi\/vanhat\/ttt\/luku34.pdf\" target=\"_blank\" rel=\"noreferrer noopener\">WXY \u2013 otteita termist\u00f6st\u00e4<\/a>, <em>Teht\u00e4v\u00e4niekka<\/em> 1\/2017, 22.3.2017<\/li>\n\n\n\n<li><a href=\"https:\/\/www.tehtavaniekat.fi\/vanhat\/ttt\/luku35.pdf\" target=\"_blank\" rel=\"noreferrer noopener\">Zagoruiko<\/a>, <em>Teht\u00e4v\u00e4niekka<\/em> 2\/2017, 15.6.2017<\/li>\n<\/ol>\n\n\n\n<p>Suomen teht\u00e4v\u00e4niekat 2018<br>Hannu Harkola<\/p>\n","protected":false},"excerpt":{"rendered":"<p>Teht\u00e4v\u00e4shakin termej\u00e4 ja teemoja Kari Valtonen on kirjoittanut Teht\u00e4v\u00e4niekka-lehteen (vuoteen 2010 asti Suomen Teht\u00e4v\u00e4niekat) artikkeleita, jotka esittelev\u00e4t teht\u00e4v\u00e4shakin termej\u00e4 ja teemoja. Kirjoitelmat auttavat ymm\u00e4rt\u00e4m\u00e4\u00e4n ja arvostamaan shakkiteht\u00e4vien sis\u00e4lt\u00f6\u00e4. Ne antavat laatijoille uusia ideoita, mutta samalla osoittavat, mit\u00e4 eri teemoista on jo laadittu. Ty\u00f6t\u00e4 on tarkistaen ja t\u00e4ydent\u00e4en avustanut Henry Tanner&#8230;. <a class=\"continue-reading-link\" href=\"https:\/\/www.tehtavaniekat.fi\/index.php\/tehtavashakin-termeja-ja-teemoja\/\">Jatka lukemista<\/a><\/p>\n","protected":false},"author":1,"featured_media":0,"parent":0,"menu_order":0,"comment_status":"closed","ping_status":"closed","template":"","meta":{"footnotes":""},"class_list":["post-177","page","type-page","status-publish","hentry"],"_links":{"self":[{"href":"https:\/\/www.tehtavaniekat.fi\/index.php\/wp-json\/wp\/v2\/pages\/177","targetHints":{"allow":["GET"]}}],"collection":[{"href":"https:\/\/www.tehtavaniekat.fi\/index.php\/wp-json\/wp\/v2\/pages"}],"about":[{"href":"https:\/\/www.tehtavaniekat.fi\/index.php\/wp-json\/wp\/v2\/types\/page"}],"author":[{"embeddable":true,"href":"https:\/\/www.tehtavaniekat.fi\/index.php\/wp-json\/wp\/v2\/users\/1"}],"replies":[{"embeddable":true,"href":"https:\/\/www.tehtavaniekat.fi\/index.php\/wp-json\/wp\/v2\/comments?post=177"}],"version-history":[{"count":9,"href":"https:\/\/www.tehtavaniekat.fi\/index.php\/wp-json\/wp\/v2\/pages\/177\/revisions"}],"predecessor-version":[{"id":3643,"href":"https:\/\/www.tehtavaniekat.fi\/index.php\/wp-json\/wp\/v2\/pages\/177\/revisions\/3643"}],"wp:attachment":[{"href":"https:\/\/www.tehtavaniekat.fi\/index.php\/wp-json\/wp\/v2\/media?parent=177"}],"curies":[{"name":"wp","href":"https:\/\/api.w.org\/{rel}","templated":true}]}}