{"id":170,"date":"2021-09-28T14:11:49","date_gmt":"2021-09-28T14:11:49","guid":{"rendered":"https:\/\/www.tehtavaniekat.fi\/?page_id=170"},"modified":"2022-12-14T18:52:19","modified_gmt":"2022-12-14T15:52:19","slug":"hiljaisia-siirtoja","status":"publish","type":"page","link":"https:\/\/www.tehtavaniekat.fi\/index.php\/hiljaisia-siirtoja\/","title":{"rendered":"Hiljaisia siirtoja"},"content":{"rendered":"\n<h2 class=\"wp-block-heading\">Ismo Tompurin valitut shakkiteht\u00e4v\u00e4t<\/h2>\n\n\n\n<p><\/p>\n\n\n\n<div class=\"wp-block-columns is-layout-flex wp-container-core-columns-is-layout-1 wp-block-columns-is-layout-flex\">\n<div class=\"wp-block-column is-layout-flow wp-block-column-is-layout-flow\" style=\"flex-basis:20%\">\n<figure class=\"wp-block-image size-full is-resized\"><img decoding=\"async\" src=\"https:\/\/www.tehtavaniekat.fi\/wp-content\/uploads\/tompuri1.jpg\" alt=\"\" class=\"wp-image-1979\" width=\"153\" height=\"140\" srcset=\"https:\/\/www.tehtavaniekat.fi\/wp-content\/uploads\/tompuri1.jpg 306w, https:\/\/www.tehtavaniekat.fi\/wp-content\/uploads\/tompuri1-300x274.jpg 300w, https:\/\/www.tehtavaniekat.fi\/wp-content\/uploads\/tompuri1-150x137.jpg 150w\" sizes=\"(max-width: 153px) 100vw, 153px\" \/><\/figure>\n<\/div>\n\n\n\n<div class=\"wp-block-column is-layout-flow wp-block-column-is-layout-flow\" style=\"flex-basis:60%\">\n<p>Haminalaisen Ismo Tompurin teht\u00e4v\u00e4tuotantoa esittelev\u00e4 70-sivuinen kirja ilmestyi joulukuun alussa 2012. Se sis\u00e4lt\u00e4\u00e4 120 teht\u00e4v\u00e4\u00e4 Kari Valtosen asiantuntevin ja perusteellisin kommentein. Lis\u00e4ksi esitell\u00e4\u00e4n kolme Tompurin peli\u00e4 vuodelta 1967. <br><br>Kirjan on kustantanut Ismon veli Vesa ja taittanut Hannu Harkola. Sit\u00e4 on saatavana ST:lt\u00e4. <br><br>Toinen, korjattu painos (ISBN 978-952-7063-01-9) ilmestyi toukokuussa 2014.<br> <br>Korjauksia:<br>Sivu 15, kuvio 11: Valkea kuningas h7 on liikaa.<br>Sivu 16, teht\u00e4v\u00e4 13: Valkea l\u00e4hetti b8 pit\u00e4\u00e4 olla ruudussa e5. Nappulaluku 11+8.<br>Sivu 17, teht\u00e4v\u00e4 15: Valkea ratsu a2 siirret\u00e4\u00e4n c2:een. Valkea ratsu f1 poistetaan. Musta sotilas f3 siirret\u00e4\u00e4n ruutuun c4. Sivumuunnelmia 1\u2026cxd3 ol 2.c4#, 1\u2026exd4 2.Lg2#.<br>Sivu 18, teht\u00e4v\u00e4n 17 ratkaisu: 1\u2026Ke6 2.Txe4#.<br>Sivu 21, teht\u00e4v\u00e4n 24 ratkaisu: Ei 1\u2026Le~ vaan 1\u2026Lc~.<br>Sivu 21, teht\u00e4v\u00e4 25: Kuviossa pit\u00e4\u00e4 olla valkea sotilas e6 ja musta sotilas e7.<br>Sivu 22, teht\u00e4v\u00e4 28: 1.Lb4? (2.Dc4#) e4! (ei Rc6)<br>Sivu 23, teht\u00e4v\u00e4n 29 ratkaisu: 1.Lc8? dxe5\/L~2.Lxb7#.<br>Sivu 27, teht\u00e4v\u00e4 39: 1&#8230;fxg4 2.Lg6#.<br>Sivu 28, teht\u00e4v\u00e4 41: Nappulaluku 9+11.<br>Sivu 33, teht\u00e4v\u00e4 54: Valkea l\u00e4hetti g8 on korvattava ratsulla f8.<br>Sivu 37, teht\u00e4v\u00e4 61: Nappulaluku 9+7.<br>Sivu 37, teht\u00e4v\u00e4 62: Kuvio on virheellinen. Oikea teht\u00e4v\u00e4 Kh4 Tc4 e6 Lb7 d6 Rd2 d8 sc2 g2 g3 &#8211; Kf5 Td5 sc5 c3 d4 e5. (10+6) L\u00e4hdetiedot ja kommenttiteksti ovat oikein.<br>Sivu 39, teht\u00e4v\u00e4n 64 kommentti: &#8221;Nyt huomaan kuitenkin, ett\u00e4 siirto 1&#8230;dxe3 (ei 1&#8230;dxc3)&#8230;&#8221;<br>Sivu 39, teht\u00e4v\u00e4 65: 1.Df3? Rg6 2.Df5#.<br>Sivu 40, teht\u00e4v\u00e4 68: 1&#8230;Le5(~) 2.Dxf7#.<br>Sivu 44-45, teht\u00e4v\u00e4 78: Nappulaluku 10+10, 1.Dh5! 1&#8230;Rg5\/T7f5\/T3f5.<br>Sivu 50, teht\u00e4v\u00e4 91: Matinmuutospeli puolustusten 1&#8230;Ld6\/Lc4 j\u00e4lkeen&#8230;<br>Sivu 51, teht\u00e4v\u00e4 92: Ruudusta g4 puuttuu musta sotilas.<br>Sivu 54, teht\u00e4v\u00e4 101: 1&#8230;b5 2.Rxd5.<br>Sivu 57, teht\u00e4v\u00e4 109: 1.Db4? Kc2 2.d3+ Kd1 3.Db1#.<br>Sivu 57, teht\u00e4v\u00e4 110: 1&#8230;b6 2.Tc1! Rf4[g7]\/<strong>f5<\/strong> 3.Kd7\/Kd8.<br>Sivu 58, teht\u00e4v\u00e4 112: Laatijat Ismo Tompuri ja Kari Valtonen.<br>Sivu 60, teht\u00e4v\u00e4 117: vaatimus 2a#*.<br>Sivu 65: Pelin Tompuri &#8211; Lilja p\u00e4iv\u00e4ys oli 11.7.196<strong>7<\/strong>.<br>Sivu 66: Valkean 21. siirron tulee olla T<strong>c<\/strong>1, mink\u00e4 seurauksena suluissa esitetty lause on tarpeeton.<\/p>\n<\/div>\n\n\n\n<div class=\"wp-block-column is-layout-flow wp-block-column-is-layout-flow\" style=\"flex-basis:20%\">\n<figure class=\"wp-block-image size-full is-resized\"><img fetchpriority=\"high\" decoding=\"async\" src=\"https:\/\/www.tehtavaniekat.fi\/wp-content\/uploads\/hiljaisia1.jpg\" alt=\"\" class=\"wp-image-1980\" width=\"200\" height=\"279\" srcset=\"https:\/\/www.tehtavaniekat.fi\/wp-content\/uploads\/hiljaisia1.jpg 200w, https:\/\/www.tehtavaniekat.fi\/wp-content\/uploads\/hiljaisia1-108x150.jpg 108w\" sizes=\"(max-width: 200px) 100vw, 200px\" \/><\/figure>\n<\/div>\n<\/div>\n","protected":false},"excerpt":{"rendered":"<p>Ismo Tompurin valitut shakkiteht\u00e4v\u00e4t Haminalaisen Ismo Tompurin teht\u00e4v\u00e4tuotantoa esittelev\u00e4 70-sivuinen kirja ilmestyi joulukuun alussa 2012. Se sis\u00e4lt\u00e4\u00e4 120 teht\u00e4v\u00e4\u00e4 Kari Valtosen asiantuntevin ja perusteellisin kommentein. Lis\u00e4ksi esitell\u00e4\u00e4n kolme Tompurin peli\u00e4 vuodelta 1967. Kirjan on kustantanut Ismon veli Vesa ja taittanut Hannu Harkola. Sit\u00e4 on saatavana ST:lt\u00e4. Toinen, korjattu painos (ISBN&#8230; <a class=\"continue-reading-link\" href=\"https:\/\/www.tehtavaniekat.fi\/index.php\/hiljaisia-siirtoja\/\">Jatka lukemista<\/a><\/p>\n","protected":false},"author":1,"featured_media":0,"parent":0,"menu_order":0,"comment_status":"closed","ping_status":"closed","template":"","meta":{"footnotes":""},"class_list":["post-170","page","type-page","status-publish","hentry"],"_links":{"self":[{"href":"https:\/\/www.tehtavaniekat.fi\/index.php\/wp-json\/wp\/v2\/pages\/170","targetHints":{"allow":["GET"]}}],"collection":[{"href":"https:\/\/www.tehtavaniekat.fi\/index.php\/wp-json\/wp\/v2\/pages"}],"about":[{"href":"https:\/\/www.tehtavaniekat.fi\/index.php\/wp-json\/wp\/v2\/types\/page"}],"author":[{"embeddable":true,"href":"https:\/\/www.tehtavaniekat.fi\/index.php\/wp-json\/wp\/v2\/users\/1"}],"replies":[{"embeddable":true,"href":"https:\/\/www.tehtavaniekat.fi\/index.php\/wp-json\/wp\/v2\/comments?post=170"}],"version-history":[{"count":3,"href":"https:\/\/www.tehtavaniekat.fi\/index.php\/wp-json\/wp\/v2\/pages\/170\/revisions"}],"predecessor-version":[{"id":1981,"href":"https:\/\/www.tehtavaniekat.fi\/index.php\/wp-json\/wp\/v2\/pages\/170\/revisions\/1981"}],"wp:attachment":[{"href":"https:\/\/www.tehtavaniekat.fi\/index.php\/wp-json\/wp\/v2\/media?parent=170"}],"curies":[{"name":"wp","href":"https:\/\/api.w.org\/{rel}","templated":true}]}}