{"id":1696,"date":"2022-09-28T18:10:05","date_gmt":"2022-09-28T15:10:05","guid":{"rendered":"https:\/\/www.tehtavaniekat.fi\/?page_id=1696"},"modified":"2022-12-15T18:31:02","modified_gmt":"2022-12-15T15:31:02","slug":"pikara14","status":"publish","type":"page","link":"https:\/\/www.tehtavaniekat.fi\/index.php\/pikara14\/","title":{"rendered":"Ratkaisemisen SM 2014"},"content":{"rendered":"\n<h1 class=\"wp-block-heading\">PIKARATKAISEMISEN 35. SUOMEN MESTARUUSKILPAILU<\/h1>\n\n\n\n<figure class=\"wp-block-table is-style-stripes\">\n<table>\n<tbody>\n<tr>\n<td>Kilpailu k\u00e4ytiin 22.2.14 Shakkiareenalla Helsingiss\u00e4.<br \/>Tuomarina ja teht\u00e4vien valitsijana toimi tavalliseen tapaan <strong>Neal Turner<\/strong>.<br \/>Kilpailussa oli 12 teht\u00e4v\u00e4\u00e4 ja ratkaisuaika kolme tuntia. Ratkaisijoita osallistui 17. Teht\u00e4vi\u00e4 pidettiin vaikeahkoina.<br \/><strong>Kari Karhunen<\/strong> saavutti jo viidennen voittonsa, mutta <strong>Hannu Harkolalle<\/strong> mitali oli ensimm\u00e4inen.<\/td>\n<td style=\"text-align: center;\"><img fetchpriority=\"high\" decoding=\"async\" class=\"alignnone size-medium wp-image-2051\" src=\"https:\/\/www.tehtavaniekat.fi\/wp-content\/uploads\/pikar14-300x186.jpg\" alt=\"\" width=\"300\" height=\"186\" srcset=\"https:\/\/www.tehtavaniekat.fi\/wp-content\/uploads\/pikar14-300x186.jpg 300w, https:\/\/www.tehtavaniekat.fi\/wp-content\/uploads\/pikar14-150x93.jpg 150w, https:\/\/www.tehtavaniekat.fi\/wp-content\/uploads\/pikar14.jpg 350w\" sizes=\"(max-width: 300px) 100vw, 300px\" \/><br \/><span style=\"font-size: 10pt;\">Marlo, Karhunen ja Harkola<\/span><\/td>\n<\/tr>\n<\/tbody>\n<\/table>\n<\/figure>\n\n\n\n<p>Lopputulokset:<\/p>\n\n\n\n<figure class=\"wp-block-table is-style-stripes\">\n<table style=\"width: 55.2382%; height: 805px;\">\n<tbody>\n<tr style=\"height: 42px;\">\n<td style=\"width: 14.8987%; height: 42px;\"><strong>sija<\/strong><\/td>\n<td style=\"width: 50.6555%; height: 42px;\"><strong>nimi<\/strong><\/td>\n<td style=\"width: 17.4017%; height: 42px;\"><strong>yht.<\/strong><\/td>\n<td style=\"width: 17.0441%; height: 42px;\"><strong>aika<\/strong><\/td>\n<\/tr>\n<tr style=\"height: 42px;\">\n<td style=\"width: 14.8987%; height: 42px;\">1<\/td>\n<td style=\"width: 50.6555%; height: 42px;\"><strong>Kari Karhunen<\/strong><\/td>\n<td style=\"width: 17.4017%; height: 42px;\"><strong>52,5<\/strong><\/td>\n<td style=\"width: 17.0441%; height: 42px;\"><strong>180<\/strong><\/td>\n<\/tr>\n<tr style=\"height: 42px;\">\n<td style=\"width: 14.8987%; height: 42px;\">2<\/td>\n<td style=\"width: 50.6555%; height: 42px;\"><strong>Terho Marlo<\/strong><\/td>\n<td style=\"width: 17.4017%; height: 42px;\"><strong>45<\/strong><\/td>\n<td style=\"width: 17.0441%; height: 42px;\"><strong>180<\/strong><\/td>\n<\/tr>\n<tr style=\"height: 42px;\">\n<td style=\"width: 14.8987%; height: 42px;\">3<\/td>\n<td style=\"width: 50.6555%; height: 42px;\"><strong>Hannu Harkola<\/strong><\/td>\n<td style=\"width: 17.4017%; height: 42px;\"><strong>32,5<\/strong><\/td>\n<td style=\"width: 17.0441%; height: 42px;\"><strong>180<\/strong><\/td>\n<\/tr>\n<tr style=\"height: 42px;\">\n<td style=\"width: 14.8987%; height: 42px;\">4<\/td>\n<td style=\"width: 50.6555%; height: 42px;\"><strong>Harri Hurme<\/strong><\/td>\n<td style=\"width: 17.4017%; height: 42px;\"><strong>31<\/strong><\/td>\n<td style=\"width: 17.0441%; height: 42px;\"><strong>180<\/strong><\/td>\n<\/tr>\n<tr style=\"height: 42px;\">\n<td style=\"width: 14.8987%; height: 42px;\">5<\/td>\n<td style=\"width: 50.6555%; height: 42px;\"><strong>Henry Tanner<\/strong><\/td>\n<td style=\"width: 17.4017%; height: 42px;\"><strong>27,5<\/strong><\/td>\n<td style=\"width: 17.0441%; height: 42px;\"><strong>180<\/strong><\/td>\n<\/tr>\n<tr style=\"height: 42px;\">\n<td style=\"width: 14.8987%; height: 42px;\">6<\/td>\n<td style=\"width: 50.6555%; height: 42px;\"><strong>Janne Syv\u00e4niemi<\/strong><\/td>\n<td style=\"width: 17.4017%; height: 42px;\"><strong>26<\/strong><\/td>\n<td style=\"width: 17.0441%; height: 42px;\"><strong>180<\/strong><\/td>\n<\/tr>\n<tr style=\"height: 42px;\">\n<td style=\"width: 14.8987%; height: 42px;\">7<\/td>\n<td style=\"width: 50.6555%; height: 42px;\"><strong>Joose Norri<\/strong><\/td>\n<td style=\"width: 17.4017%; height: 42px;\"><strong>21<\/strong><\/td>\n<td style=\"width: 17.0441%; height: 42px;\"><strong>180<\/strong><\/td>\n<\/tr>\n<tr style=\"height: 42px;\">\n<td style=\"width: 14.8987%; height: 42px;\">8<\/td>\n<td style=\"width: 50.6555%; height: 42px;\"><strong>Seppo Praski<\/strong><\/td>\n<td style=\"width: 17.4017%; height: 42px;\"><strong>18,5<\/strong><\/td>\n<td style=\"width: 17.0441%; height: 42px;\"><strong>180<\/strong><\/td>\n<\/tr>\n<tr style=\"height: 42px;\">\n<td style=\"width: 14.8987%; height: 42px;\">9<\/td>\n<td style=\"width: 50.6555%; height: 42px;\"><strong>Jukka Tuovinen<\/strong><\/td>\n<td style=\"width: 17.4017%; height: 42px;\"><strong>17<\/strong><\/td>\n<td style=\"width: 17.0441%; height: 42px;\"><strong>175<\/strong><\/td>\n<\/tr>\n<tr style=\"height: 42px;\">\n<td style=\"width: 14.8987%; height: 42px;\">10<\/td>\n<td style=\"width: 50.6555%; height: 42px;\"><strong>Juha Saukkola<\/strong><\/td>\n<td style=\"width: 17.4017%; height: 42px;\"><strong>17<\/strong><\/td>\n<td style=\"width: 17.0441%; height: 42px;\"><strong>180<\/strong><\/td>\n<\/tr>\n<tr style=\"height: 42px;\">\n<td style=\"width: 14.8987%; height: 42px;\">11<\/td>\n<td style=\"width: 50.6555%; height: 42px;\"><strong>Ari M\u00f6tt\u00f6nen<\/strong><\/td>\n<td style=\"width: 17.4017%; height: 42px;\"><strong>15<\/strong><\/td>\n<td style=\"width: 17.0441%; height: 42px;\"><strong>176<\/strong><\/td>\n<\/tr>\n<tr style=\"height: 42px;\">\n<td style=\"width: 14.8987%; height: 42px;\">12<\/td>\n<td style=\"width: 50.6555%; height: 42px;\"><strong>Mikael Gr\u00f6nroos<\/strong><\/td>\n<td style=\"width: 17.4017%; height: 42px;\"><strong>12,5<\/strong><\/td>\n<td style=\"width: 17.0441%; height: 42px;\"><strong>178<\/strong><\/td>\n<\/tr>\n<tr style=\"height: 42px;\">\n<td style=\"width: 14.8987%; height: 42px;\">13<\/td>\n<td style=\"width: 50.6555%; height: 42px;\"><strong>Olli Heimo<\/strong><\/td>\n<td style=\"width: 17.4017%; height: 42px;\"><strong>12,5<\/strong><\/td>\n<td style=\"width: 17.0441%; height: 42px;\"><strong>179<\/strong><\/td>\n<\/tr>\n<tr style=\"height: 42px;\">\n<td style=\"width: 14.8987%; height: 42px;\">14<\/td>\n<td style=\"width: 50.6555%; height: 42px;\"><strong>Matti Rasilainen<\/strong><\/td>\n<td style=\"width: 17.4017%; height: 42px;\"><strong>11<\/strong><\/td>\n<td style=\"width: 17.0441%; height: 42px;\"><strong>180<\/strong><\/td>\n<\/tr>\n<tr style=\"height: 42px;\">\n<td style=\"width: 14.8987%; height: 42px;\">15<\/td>\n<td style=\"width: 50.6555%; height: 42px;\"><strong>Arto Heimonen<\/strong><\/td>\n<td style=\"width: 17.4017%; height: 42px;\"><strong>10<\/strong><\/td>\n<td style=\"width: 17.0441%; height: 42px;\"><strong>175<\/strong><\/td>\n<\/tr>\n<tr style=\"height: 42px;\">\n<td style=\"width: 14.8987%; height: 42px;\">16<\/td>\n<td style=\"width: 50.6555%; height: 42px;\"><strong>Petteri Paronen<\/strong><\/td>\n<td style=\"width: 17.4017%; height: 42px;\"><strong>9<\/strong><\/td>\n<td style=\"width: 17.0441%; height: 42px;\"><strong>175<\/strong><\/td>\n<\/tr>\n<tr style=\"height: 42px;\">\n<td style=\"width: 14.8987%; height: 42px;\">17<\/td>\n<td style=\"width: 50.6555%; height: 42px;\"><strong>Jukka Peltonen<\/strong><\/td>\n<td style=\"width: 17.4017%; height: 42px;\"><strong>5<\/strong><\/td>\n<td style=\"width: 17.0441%; height: 42px;\"><strong>175<\/strong><\/td>\n<\/tr>\n<\/tbody>\n<\/table>\n<\/figure>\n\n\n\n<p><a href=\"https:\/\/www.tehtavaniekat.fi\/wp-content\/uploads\/sm2014.pdf\" target=\"_blank\" rel=\"noreferrer noopener\">Tulostaulukko <\/a>| Teht\u00e4v\u00e4t | Ratkaisut<\/p>\n","protected":false},"excerpt":{"rendered":"<p>PIKARATKAISEMISEN 35. SUOMEN MESTARUUSKILPAILU Kilpailu k\u00e4ytiin 22.2.14 Shakkiareenalla Helsingiss\u00e4.Tuomarina ja teht\u00e4vien valitsijana toimi tavalliseen tapaan Neal Turner.Kilpailussa oli 12 teht\u00e4v\u00e4\u00e4 ja ratkaisuaika kolme tuntia. Ratkaisijoita osallistui 17. Teht\u00e4vi\u00e4 pidettiin vaikeahkoina.Kari Karhunen saavutti jo viidennen voittonsa, mutta Hannu Harkolalle mitali oli ensimm\u00e4inen. Marlo, Karhunen ja Harkola Lopputulokset: sija nimi yht. aika&#8230; <a class=\"continue-reading-link\" href=\"https:\/\/www.tehtavaniekat.fi\/index.php\/pikara14\/\">Jatka lukemista<\/a><\/p>\n","protected":false},"author":1,"featured_media":0,"parent":0,"menu_order":0,"comment_status":"closed","ping_status":"closed","template":"","meta":{"footnotes":""},"class_list":["post-1696","page","type-page","status-publish","hentry"],"_links":{"self":[{"href":"https:\/\/www.tehtavaniekat.fi\/index.php\/wp-json\/wp\/v2\/pages\/1696","targetHints":{"allow":["GET"]}}],"collection":[{"href":"https:\/\/www.tehtavaniekat.fi\/index.php\/wp-json\/wp\/v2\/pages"}],"about":[{"href":"https:\/\/www.tehtavaniekat.fi\/index.php\/wp-json\/wp\/v2\/types\/page"}],"author":[{"embeddable":true,"href":"https:\/\/www.tehtavaniekat.fi\/index.php\/wp-json\/wp\/v2\/users\/1"}],"replies":[{"embeddable":true,"href":"https:\/\/www.tehtavaniekat.fi\/index.php\/wp-json\/wp\/v2\/comments?post=1696"}],"version-history":[{"count":4,"href":"https:\/\/www.tehtavaniekat.fi\/index.php\/wp-json\/wp\/v2\/pages\/1696\/revisions"}],"predecessor-version":[{"id":2052,"href":"https:\/\/www.tehtavaniekat.fi\/index.php\/wp-json\/wp\/v2\/pages\/1696\/revisions\/2052"}],"wp:attachment":[{"href":"https:\/\/www.tehtavaniekat.fi\/index.php\/wp-json\/wp\/v2\/media?parent=1696"}],"curies":[{"name":"wp","href":"https:\/\/api.w.org\/{rel}","templated":true}]}}