{"id":1685,"date":"2022-09-28T17:32:23","date_gmt":"2022-09-28T14:32:23","guid":{"rendered":"https:\/\/www.tehtavaniekat.fi\/?page_id=1685"},"modified":"2022-09-28T17:32:23","modified_gmt":"2022-09-28T14:32:23","slug":"em-ratkaisukilpailu-2008","status":"publish","type":"page","link":"https:\/\/www.tehtavaniekat.fi\/index.php\/em-ratkaisukilpailu-2008\/","title":{"rendered":"EM-ratkaisukilpailu 2008"},"content":{"rendered":"\n<h2 class=\"wp-block-heading\">EM-RATKAISUKILPAILU 2008 TURKISSA<\/h2>\n\n\n\n<p>Turkin Antalyassa 29.-30.3.08 pidettyyn nelj\u00e4nteen ratkaisemisen Euroopan mestaruuskilpailuun osallistui vain 10 maata. Ratkaisijoita oli kaikkiaan 45 (84 vuonna 2007). Kilpailu k\u00e4ytiin MM-kilpailun tapaan, mutta 4-henkisten joukkueiden kilpailussa kullakin kierroksella otettiin huomioon kolmen parhaan ratkaisijan tulos.<\/p>\n\n\n\n<p>Suomen joukkueessa ratkaisivat Harri Hurme, Terho Marlo, Jorma Paavilainen ja Henry Tanner. Mitalistit olivat samat kuin edellisin\u00e4 vuosina. Suomi j\u00e4i viidenneksi, kun Ukrainakin p\u00e4\u00e4si niukasti edelle.<br><\/p>\n\n\n\n<p><strong>JOUKKUEKILPAILU<\/strong><\/p>\n\n\n\n<p>1. Serbia 223\/270 (1017 min)<br>2. Ven\u00e4j\u00e4 222 (982)<br>3. Puola 206,5 (1051)<br>4. Ukraina 192 (1075)<br><strong>5. Suomi<\/strong> 189 (1067)<br>6. Slovakia 178 (1047)<br>7. Azerbaidzan 174,5 (982)<br>8. Alankomaat 168 (1058)<br>9. Romania 159 (1073)<br>10. Iso-Britannia 151,5 (1080)<\/p>\n\n\n\n<p><strong>HENKIL\u00d6KOHTAINEN KILPAILU<\/strong><\/p>\n\n\n\n<p>1. GM Piotr Murdzia, POL 77,5\/331<br>2. IM Bojan Vuckovic, SRB 76,5\/315<br>3. IM Miodrag Mladenovic, SRB 73,5\/347<br>4. IM Andrey Selivanov, RUS 73\/317<br>5. IM Michal Dragoun, CZE 73\/320<br>6. GM Dolf Wissmann, NLD 73\/338<br>7. IM Vladimir Pogorelov, UKR 73\/355<br>8. GM Alexander Azhusin, RUS 72\/317<br>9. GM <strong>Jorma Paavilainen<\/strong>, FIN 71\/360<br>10. Araz Almammadov, AZE 70,5\/301<br>11-12. IM Vladimir Podinic, SRB 66\/360<br>11.-12. Piotr Gorski, POL 66\/360<br>13. Evgeniy Viktorov, RUS 65\/359<br>14. <strong>Terho Marlo<\/strong>, FIN 64\/347<br>15. FM Zbigniew Szczep, POL 64\/360<br>16. FM Emil Klemanic, SVK 61,5\/356<br>17. IM Alexander Feoktistov, RUS 61\/354<br>18. Ramil Javadov, AZE 61\/355<br>19. Roman Yevstignyeyev, UKR 60\/360<br>20. FM Lubomir Siran, SVK 59,5\/356<br>21. Alexander Leontiev, RUS 59,5\/358<br>22. IM Valerij Kopyl, UKR 59\/360<br>23. IM Eric Huber, ROM 58,5\/358<br>24. IM Anatoly Mukoseev, RUS 58\/352<br>25. IM Bogusz Piliczewski, POL 58\/360<br>26. FM Marek Kolcak, SVK 57\/335<br>27. IM Vlaicu Crisan, ROM 56,5\/355<br>28. GM Marjan Kovacevic, SRB 56\/355<br>29. FM Hans Uitenbroek, NLD 55\/360<br>30. Andrey Petrov, RUS 54\/360<br>31. FM Jacek Stopa, POL 52\/358<br>32. Ian Watson, GBR 51,5\/360<br>33. IM <strong>Harri Hurme<\/strong>, FIN 48,5\/359<br>34. IM <strong>Henry Tanner<\/strong>, FIN 47\/356<br>35. FM Michael McDowell, GBR 47\/360<br>36. Dafydd Johnston, GBR 46\/360<br>37-38. Dinu-Ioan Nicula, ROM 44\/360<br>37.-38. Marcel van Herck, BEL 44\/360<br>39. Agshin Masimov, AZE 42\/358<br>40. FM Johan De Boer, NLD 40\/360<br>41. John Gemmell, GBR 39\/360<br>42. Borislav Gadjanski, SRB 26\/360<br>43. Samir Karimov, AZE 24\/320<br>44. Ifan Johnston, GBR 20\/360<br>45. Omar Deniz Gulbay, TUR 1\/323<\/p>\n","protected":false},"excerpt":{"rendered":"<p>EM-RATKAISUKILPAILU 2008 TURKISSA Turkin Antalyassa 29.-30.3.08 pidettyyn nelj\u00e4nteen ratkaisemisen Euroopan mestaruuskilpailuun osallistui vain 10 maata. Ratkaisijoita oli kaikkiaan 45 (84 vuonna 2007). Kilpailu k\u00e4ytiin MM-kilpailun tapaan, mutta 4-henkisten joukkueiden kilpailussa kullakin kierroksella otettiin huomioon kolmen parhaan ratkaisijan tulos. Suomen joukkueessa ratkaisivat Harri Hurme, Terho Marlo, Jorma Paavilainen ja Henry Tanner&#8230;. <a class=\"continue-reading-link\" href=\"https:\/\/www.tehtavaniekat.fi\/index.php\/em-ratkaisukilpailu-2008\/\">Jatka lukemista<\/a><\/p>\n","protected":false},"author":1,"featured_media":0,"parent":0,"menu_order":0,"comment_status":"closed","ping_status":"closed","template":"","meta":{"footnotes":""},"class_list":["post-1685","page","type-page","status-publish","hentry"],"_links":{"self":[{"href":"https:\/\/www.tehtavaniekat.fi\/index.php\/wp-json\/wp\/v2\/pages\/1685","targetHints":{"allow":["GET"]}}],"collection":[{"href":"https:\/\/www.tehtavaniekat.fi\/index.php\/wp-json\/wp\/v2\/pages"}],"about":[{"href":"https:\/\/www.tehtavaniekat.fi\/index.php\/wp-json\/wp\/v2\/types\/page"}],"author":[{"embeddable":true,"href":"https:\/\/www.tehtavaniekat.fi\/index.php\/wp-json\/wp\/v2\/users\/1"}],"replies":[{"embeddable":true,"href":"https:\/\/www.tehtavaniekat.fi\/index.php\/wp-json\/wp\/v2\/comments?post=1685"}],"version-history":[{"count":1,"href":"https:\/\/www.tehtavaniekat.fi\/index.php\/wp-json\/wp\/v2\/pages\/1685\/revisions"}],"predecessor-version":[{"id":1686,"href":"https:\/\/www.tehtavaniekat.fi\/index.php\/wp-json\/wp\/v2\/pages\/1685\/revisions\/1686"}],"wp:attachment":[{"href":"https:\/\/www.tehtavaniekat.fi\/index.php\/wp-json\/wp\/v2\/media?parent=1685"}],"curies":[{"name":"wp","href":"https:\/\/api.w.org\/{rel}","templated":true}]}}