{"id":1632,"date":"2022-09-20T13:53:09","date_gmt":"2022-09-20T10:53:09","guid":{"rendered":"https:\/\/www.tehtavaniekat.fi\/?page_id=1632"},"modified":"2022-09-20T13:53:09","modified_gmt":"2022-09-20T10:53:09","slug":"ratk47","status":"publish","type":"page","link":"https:\/\/www.tehtavaniekat.fi\/index.php\/ratk47\/","title":{"rendered":"Unto Heinonen 25.12.1946\u201317.9.2022"},"content":{"rendered":"\n<h1 class=\"wp-block-heading\">Unto Heinonen 25.12.1946\u201317.9.2022<\/h1>\n\n\n<p>Kaikkien aikojen menestynein suomalainen laatija suurmestari Unto Heinonen menehtyi pitk\u00e4aikaiseen sairauteen Helsingiss\u00e4 17.9.2022. <\/p>\n<p>Laatijana Unto oli monipuolinen, tarttui mielell\u00e4\u00e4n monimutkaisiinkin satuehtoihin ja -nappuloihin ja laati aina elegantilla otteella. Aluksi painopiste oli mattiteht\u00e4viss\u00e4, sitten etusijalle nousivat apumatit ja viime vuosikymmenin\u00e4 johtopelit ja satushakki. Kansainv\u00e4lisen mestarin arvon Unto sai vuonna 1992 viidenten\u00e4 suomalaisena, suurmestarin arvo tuli vuonna 2004. FIDE-albumiteht\u00e4vist\u00e4 on pisteit\u00e4 kertynyt jo 147,5!<\/p>\n\n\n\n\n<script type=\"text\/javascript\" src=\"\/py2web\/jquery-1.11.1.js\"><\/script>\n<script type=\"text\/javascript\" src=\"\/py2web\/py2web.js\"><\/script>\n<link href=\"\/py2web\/py2web.css\" rel=\"stylesheet\" type=\"text\/css\">\n\n<div style=\"overflow-x:auto;\">\n\n    <table cellspacing=\"3\" cellpadding=\"0\" border=\"0\">\n      <tbody><tr>  \n    <td valign=\"top\" align=\"center\"> <b>Unto Heinonen<\/b><br>\n      1. palkinto <em>Teht\u00e4v\u00e4niekka<\/em> 2017-18<br>\n   \n        <div class=\"p2w-diagram\" id=\"esim\" glyphs=\"{&quot;d&quot;:&quot;q&quot;,&quot;t&quot;:&quot;r&quot;,&quot;l&quot;:&quot;b&quot;,&quot;r&quot;:&quot;s&quot;}\"> \n          White   Kh1 Dg2 Td2 Le8 Rc8 Pc7 Pe2 Pf4\nBlack   Kd5 Td1 Th8 Lh7 Rd4 Rg1 Pb7 Pc5 Pf3 Pg3\nTwin Remove g2 Twin Continued Remove d2 Twin Continued Remove e8 Twin Continued Remove c8\n<\/div>\n        2 siirron apumatti (a#2)<br>\nb) -Dg2<br>\nc) = b) -Td2<br>\nd) = c) -Le8<br>\ne) = d) -Rc8\n<\/td>\n      <td valign=\"top\"> \n        <div class=\"p2w-solution\" style=\"white-space: pre;\" target=\"esim\">\na) 1.Th8-g8 Dg2*g3   2.Lh7-e4 Dg3*g8 #\nb) -wDg2 1.f3*e2 Td2*e2   2.c5-c4 Te2-e5 #\n+c) -wTd2 1.Rd4-c6 e2*f3   2.Td1-d4 Le8-f7 #\n+d) -wLe8 1.Th8-d8 c7*d8=D +   2.Kd5-c6 Rc8-a7 #\n+e) -wRc8 1.Th8-b8 c7*b8=D   2.Kd5-e4 Db8-e5 #\n         <\/div>\n      <\/td>\n    <\/tr>\n    <\/tbody><\/table>\n<\/div>\n\n\n\n\n<p>Tuomari Dmitri Turevski: Enn\u00e4tysteht\u00e4v\u00e4, joka esitt\u00e4\u00e4 \u201dstrip-tease\u201d-kaksoset lis\u00e4vivahteella: matin tekev\u00e4 valkea nappula poistetaan \u2013 teknisten vaikeuksien johdosta vaativa idea. Viimeinen matti, jonka luonnollisesti tekee korottunut sotilas, ei ole mallimatti, mutta selv\u00e4sti ei voi vaatia liikaa.<\/p>\n","protected":false},"excerpt":{"rendered":"<p>Unto Heinonen 25.12.1946\u201317.9.2022 Kaikkien aikojen menestynein suomalainen laatija suurmestari Unto Heinonen menehtyi pitk\u00e4aikaiseen sairauteen Helsingiss\u00e4 17.9.2022. Laatijana Unto oli monipuolinen, tarttui mielell\u00e4\u00e4n monimutkaisiinkin satuehtoihin ja -nappuloihin ja laati aina elegantilla otteella. Aluksi painopiste oli mattiteht\u00e4viss\u00e4, sitten etusijalle nousivat apumatit ja viime vuosikymmenin\u00e4 johtopelit ja satushakki. Kansainv\u00e4lisen mestarin arvon Unto sai&#8230; <a class=\"continue-reading-link\" href=\"https:\/\/www.tehtavaniekat.fi\/index.php\/ratk47\/\">Jatka lukemista<\/a><\/p>\n","protected":false},"author":1,"featured_media":0,"parent":0,"menu_order":0,"comment_status":"closed","ping_status":"closed","template":"","meta":{"footnotes":""},"class_list":["post-1632","page","type-page","status-publish","hentry"],"_links":{"self":[{"href":"https:\/\/www.tehtavaniekat.fi\/index.php\/wp-json\/wp\/v2\/pages\/1632","targetHints":{"allow":["GET"]}}],"collection":[{"href":"https:\/\/www.tehtavaniekat.fi\/index.php\/wp-json\/wp\/v2\/pages"}],"about":[{"href":"https:\/\/www.tehtavaniekat.fi\/index.php\/wp-json\/wp\/v2\/types\/page"}],"author":[{"embeddable":true,"href":"https:\/\/www.tehtavaniekat.fi\/index.php\/wp-json\/wp\/v2\/users\/1"}],"replies":[{"embeddable":true,"href":"https:\/\/www.tehtavaniekat.fi\/index.php\/wp-json\/wp\/v2\/comments?post=1632"}],"version-history":[{"count":8,"href":"https:\/\/www.tehtavaniekat.fi\/index.php\/wp-json\/wp\/v2\/pages\/1632\/revisions"}],"predecessor-version":[{"id":2830,"href":"https:\/\/www.tehtavaniekat.fi\/index.php\/wp-json\/wp\/v2\/pages\/1632\/revisions\/2830"}],"wp:attachment":[{"href":"https:\/\/www.tehtavaniekat.fi\/index.php\/wp-json\/wp\/v2\/media?parent=1632"}],"curies":[{"name":"wp","href":"https:\/\/api.w.org\/{rel}","templated":true}]}}