{"id":1605,"date":"2022-08-31T13:08:23","date_gmt":"2022-08-31T10:08:23","guid":{"rendered":"https:\/\/www.tehtavaniekat.fi\/?page_id=1605"},"modified":"2022-08-31T13:18:34","modified_gmt":"2022-08-31T10:18:34","slug":"vk22","status":"publish","type":"page","link":"https:\/\/www.tehtavaniekat.fi\/index.php\/vk22\/","title":{"rendered":"Vuosikokous 2022"},"content":{"rendered":"\n<h2 class=\"wp-block-heading\">SUOMEN TEHT\u00c4V\u00c4NIEKKAIN VUOSIKOKOUS 2022<\/h2>\n\n\n\n<p>pidettiin sunnuntaina 26.2. Helsingin Shakkiareenalla. Kokoukseen osallistui 10 henke\u00e4. T\u00e4rkeimpi\u00e4 p\u00e4\u00e4t\u00f6ksi\u00e4:<\/p>\n\n\n\n<ul class=\"wp-block-list\"><li>Vahvistettiin vuoden 2021 tilinp\u00e4\u00e4t\u00f6s, joka osoitti ylij\u00e4\u00e4m\u00e4\u00e4 512,20 euroa.<\/li><li>Johtokunnalle my\u00f6nnettiin vastuuvapaus vuodelta 2021<\/li><li>Johtokuntaan vuodeksi 2022 valittiin:<ul><li>puheenjohtaja Jorma Paavilainen<\/li><li>varapuheenjohtaja Mikael Gr\u00f6nroos<\/li><li>sihteeri Kari Karhunen<\/li><li>taloudenhoitaja Hannu Harkola<\/li><li>kirjastonhoitaja Neal Turner<\/li><li>varaj\u00e4senet Terho Marlo ja Janne Syv\u00e4niemi<\/li><\/ul><\/li><li>Toiminnantarkastajiksi valittiin Timo Kallio ja Ari M\u00f6tt\u00f6nen, varalle Teemu Miettinen<\/li><li>Muut valinnat:<ul><li>matrikkelinhoitajat Henry Tanner ja Marko Tauriainen,<\/li><li>teht\u00e4v\u00e4shakillinen toimikunta Unto Heinonen, Pauli Perkonoja, Henry Tanner ja Kari Valtonen,<\/li><li>edustaja Suomen Shakkiliitossa Jorma Paavilainen,<\/li><\/ul><\/li><li>J\u00e4senmaksu p\u00e4\u00e4tettiin pit\u00e4\u00e4 ennallaan 25 eurona.<\/li><li>Hyv\u00e4ksyttiin johtokunnan valmistelema toimintasuunnitelma ja talousarvio vuodelle 2022. <em>Teht\u00e4v\u00e4niekka<\/em>-lehte\u00e4 julkaistaan my\u00f6s vuonna 2022 nelj\u00e4 numeroa.<\/li><li>Per Olinille annettiin kansallisen teht\u00e4v\u00e4mestarin arvo.<\/li><li><a href=\"https:\/\/www.tehtavaniekat.fi\/index.php\/valve-2\/\" target=\"_blank\" rel=\"noreferrer noopener\">Leo Valven kiertopalkinto<\/a> p\u00e4\u00e4tettiin antaa vuodeksi Olli Heimolle.<\/li><\/ul>\n","protected":false},"excerpt":{"rendered":"<p>SUOMEN TEHT\u00c4V\u00c4NIEKKAIN VUOSIKOKOUS 2022 pidettiin sunnuntaina 26.2. Helsingin Shakkiareenalla. Kokoukseen osallistui 10 henke\u00e4. T\u00e4rkeimpi\u00e4 p\u00e4\u00e4t\u00f6ksi\u00e4: Vahvistettiin vuoden 2021 tilinp\u00e4\u00e4t\u00f6s, joka osoitti ylij\u00e4\u00e4m\u00e4\u00e4 512,20 euroa. Johtokunnalle my\u00f6nnettiin vastuuvapaus vuodelta 2021 Johtokuntaan vuodeksi 2022 valittiin: puheenjohtaja Jorma Paavilainen varapuheenjohtaja Mikael Gr\u00f6nroos sihteeri Kari Karhunen taloudenhoitaja Hannu Harkola kirjastonhoitaja Neal Turner varaj\u00e4senet Terho&#8230; <a class=\"continue-reading-link\" href=\"https:\/\/www.tehtavaniekat.fi\/index.php\/vk22\/\">Jatka lukemista<\/a><\/p>\n","protected":false},"author":1,"featured_media":0,"parent":0,"menu_order":0,"comment_status":"closed","ping_status":"closed","template":"","meta":{"footnotes":""},"class_list":["post-1605","page","type-page","status-publish","hentry"],"_links":{"self":[{"href":"https:\/\/www.tehtavaniekat.fi\/index.php\/wp-json\/wp\/v2\/pages\/1605","targetHints":{"allow":["GET"]}}],"collection":[{"href":"https:\/\/www.tehtavaniekat.fi\/index.php\/wp-json\/wp\/v2\/pages"}],"about":[{"href":"https:\/\/www.tehtavaniekat.fi\/index.php\/wp-json\/wp\/v2\/types\/page"}],"author":[{"embeddable":true,"href":"https:\/\/www.tehtavaniekat.fi\/index.php\/wp-json\/wp\/v2\/users\/1"}],"replies":[{"embeddable":true,"href":"https:\/\/www.tehtavaniekat.fi\/index.php\/wp-json\/wp\/v2\/comments?post=1605"}],"version-history":[{"count":3,"href":"https:\/\/www.tehtavaniekat.fi\/index.php\/wp-json\/wp\/v2\/pages\/1605\/revisions"}],"predecessor-version":[{"id":1613,"href":"https:\/\/www.tehtavaniekat.fi\/index.php\/wp-json\/wp\/v2\/pages\/1605\/revisions\/1613"}],"wp:attachment":[{"href":"https:\/\/www.tehtavaniekat.fi\/index.php\/wp-json\/wp\/v2\/media?parent=1605"}],"curies":[{"name":"wp","href":"https:\/\/api.w.org\/{rel}","templated":true}]}}