{"id":1593,"date":"2022-08-31T12:52:14","date_gmt":"2022-08-31T09:52:14","guid":{"rendered":"https:\/\/www.tehtavaniekat.fi\/?page_id=1593"},"modified":"2022-09-01T20:13:40","modified_gmt":"2022-09-01T17:13:40","slug":"syyspaivat-2022","status":"publish","type":"page","link":"https:\/\/www.tehtavaniekat.fi\/index.php\/syyspaivat-2022\/","title":{"rendered":"Syysp\u00e4iv\u00e4t 2022"},"content":{"rendered":"\t\t<div data-elementor-type=\"wp-page\" data-elementor-id=\"1593\" class=\"elementor elementor-1593\">\n\t\t\t\t\t\t<section class=\"elementor-section elementor-top-section elementor-element elementor-element-1466768 elementor-section-boxed elementor-section-height-default elementor-section-height-default\" data-id=\"1466768\" data-element_type=\"section\" data-e-type=\"section\">\n\t\t\t\t\t\t<div class=\"elementor-container elementor-column-gap-default\">\n\t\t\t\t\t<div class=\"elementor-column elementor-col-100 elementor-top-column elementor-element elementor-element-8183ce0\" data-id=\"8183ce0\" data-element_type=\"column\" data-e-type=\"column\">\n\t\t\t<div class=\"elementor-widget-wrap elementor-element-populated\">\n\t\t\t\t\t\t<div class=\"elementor-element elementor-element-f111a99 elementor-widget elementor-widget-heading\" data-id=\"f111a99\" data-element_type=\"widget\" data-e-type=\"widget\" data-widget_type=\"heading.default\">\n\t\t\t\t<div class=\"elementor-widget-container\">\n\t\t\t\t\t<h2 class=\"elementor-heading-title elementor-size-default\">Syysp\u00e4iv\u00e4t 22.\u201323.10.2022<\/h2>\t\t\t\t<\/div>\n\t\t\t\t<\/div>\n\t\t\t\t\t<\/div>\n\t\t<\/div>\n\t\t\t\t\t<\/div>\n\t\t<\/section>\n\t\t\t\t<section class=\"elementor-section elementor-top-section elementor-element elementor-element-158dcb1 elementor-section-boxed elementor-section-height-default elementor-section-height-default\" data-id=\"158dcb1\" data-element_type=\"section\" data-e-type=\"section\">\n\t\t\t\t\t\t<div class=\"elementor-container elementor-column-gap-default\">\n\t\t\t\t\t<div class=\"elementor-column elementor-col-66 elementor-top-column elementor-element elementor-element-59d2770\" data-id=\"59d2770\" data-element_type=\"column\" data-e-type=\"column\">\n\t\t\t<div class=\"elementor-widget-wrap elementor-element-populated\">\n\t\t\t\t\t\t<div class=\"elementor-element elementor-element-aa44296 elementor-widget elementor-widget-text-editor\" data-id=\"aa44296\" data-element_type=\"widget\" data-e-type=\"widget\" data-widget_type=\"text-editor.default\">\n\t\t\t\t<div class=\"elementor-widget-container\">\n\t\t\t\t\t\t\t\t\t<p>Yhdistyksemme kaunis tapa kokoontua syys- ja kev\u00e4tp\u00e4iville jatkuu lokakuun toiseksi viimeisen\u00e4 viikonloppuna. Paikka on tutusti Kokem\u00e4ell\u00e4 Anttilan tila, aika siis 22.-23.10.2022. Ohjelma alkaa lauantaina klo 12 ja p\u00e4\u00e4ttyy sunnuntaina noin klo 16.<\/p><p>Tiedossa on ratkaisemista, pikalaadintaa, esitelmi\u00e4 ja keskusteluja. Tarkempi ohjelma l\u00e4hetet\u00e4\u00e4n ilmoittautuneille. T\u00e4ysihoito maksaa noin 75 EUR ja sis\u00e4lt\u00e4\u00e4 majoituksen, saunan, ruokailut ja kahvit. Yhteiskuljetuksiin on mahdollisuus ainakin p\u00e4\u00e4kaupunkiseudulta ja ehk\u00e4 Pirkanmaan suunnalta.<\/p><p>Ilmoittautumiset viimeist\u00e4\u00e4n maanantaina 17.10.2022 yhdistyksen sihteeri Kari Karhuselle: puh. nollaviisinolla 4641068, kari.karhunen1-t\u00e4h\u00e4n at-gmail,piste,c.o.m.<\/p><p>Tervetuloa!<\/p>\t\t\t\t\t\t\t\t<\/div>\n\t\t\t\t<\/div>\n\t\t\t\t\t<\/div>\n\t\t<\/div>\n\t\t\t\t<div class=\"elementor-column elementor-col-33 elementor-top-column elementor-element elementor-element-c958caf\" data-id=\"c958caf\" data-element_type=\"column\" data-e-type=\"column\">\n\t\t\t<div class=\"elementor-widget-wrap elementor-element-populated\">\n\t\t\t\t\t\t<div class=\"elementor-element elementor-element-3e51883 elementor-widget elementor-widget-google_maps\" data-id=\"3e51883\" data-element_type=\"widget\" data-e-type=\"widget\" data-widget_type=\"google_maps.default\">\n\t\t\t\t<div class=\"elementor-widget-container\">\n\t\t\t\t\t\t\t<div class=\"elementor-custom-embed\">\n\t\t\t<iframe loading=\"lazy\"\n\t\t\t\t\tsrc=\"https:\/\/maps.google.com\/maps?q=Anttilan%20tila%2C%20Kokem%C3%A4ki&#038;t=m&#038;z=10&#038;output=embed&#038;iwloc=near\"\n\t\t\t\t\ttitle=\"Anttilan tila, Kokem\u00e4ki\"\n\t\t\t\t\taria-label=\"Anttilan tila, Kokem\u00e4ki\"\n\t\t\t><\/iframe>\n\t\t<\/div>\n\t\t\t\t\t\t<\/div>\n\t\t\t\t<\/div>\n\t\t\t\t\t<\/div>\n\t\t<\/div>\n\t\t\t\t\t<\/div>\n\t\t<\/section>\n\t\t\t\t<\/div>\n\t\t","protected":false},"excerpt":{"rendered":"<p>Syysp\u00e4iv\u00e4t 22.\u201323.10.2022 Yhdistyksemme kaunis tapa kokoontua syys- ja kev\u00e4tp\u00e4iville jatkuu lokakuun toiseksi viimeisen\u00e4 viikonloppuna. Paikka on tutusti Kokem\u00e4ell\u00e4 Anttilan tila, aika siis 22.-23.10.2022. Ohjelma alkaa lauantaina klo 12 ja p\u00e4\u00e4ttyy sunnuntaina noin klo 16. Tiedossa on ratkaisemista, pikalaadintaa, esitelmi\u00e4 ja keskusteluja. Tarkempi ohjelma l\u00e4hetet\u00e4\u00e4n ilmoittautuneille. T\u00e4ysihoito maksaa noin 75 EUR&#8230; <a class=\"continue-reading-link\" href=\"https:\/\/www.tehtavaniekat.fi\/index.php\/syyspaivat-2022\/\">Jatka lukemista<\/a><\/p>\n","protected":false},"author":1,"featured_media":0,"parent":0,"menu_order":0,"comment_status":"closed","ping_status":"closed","template":"","meta":{"footnotes":""},"class_list":["post-1593","page","type-page","status-publish","hentry"],"_links":{"self":[{"href":"https:\/\/www.tehtavaniekat.fi\/index.php\/wp-json\/wp\/v2\/pages\/1593","targetHints":{"allow":["GET"]}}],"collection":[{"href":"https:\/\/www.tehtavaniekat.fi\/index.php\/wp-json\/wp\/v2\/pages"}],"about":[{"href":"https:\/\/www.tehtavaniekat.fi\/index.php\/wp-json\/wp\/v2\/types\/page"}],"author":[{"embeddable":true,"href":"https:\/\/www.tehtavaniekat.fi\/index.php\/wp-json\/wp\/v2\/users\/1"}],"replies":[{"embeddable":true,"href":"https:\/\/www.tehtavaniekat.fi\/index.php\/wp-json\/wp\/v2\/comments?post=1593"}],"version-history":[{"count":11,"href":"https:\/\/www.tehtavaniekat.fi\/index.php\/wp-json\/wp\/v2\/pages\/1593\/revisions"}],"predecessor-version":[{"id":1618,"href":"https:\/\/www.tehtavaniekat.fi\/index.php\/wp-json\/wp\/v2\/pages\/1593\/revisions\/1618"}],"wp:attachment":[{"href":"https:\/\/www.tehtavaniekat.fi\/index.php\/wp-json\/wp\/v2\/media?parent=1593"}],"curies":[{"name":"wp","href":"https:\/\/api.w.org\/{rel}","templated":true}]}}