{"id":1526,"date":"2022-07-27T14:02:31","date_gmt":"2022-07-27T11:02:31","guid":{"rendered":"https:\/\/www.tehtavaniekat.fi\/?page_id=1526"},"modified":"2022-07-27T15:17:02","modified_gmt":"2022-07-27T12:17:02","slug":"matrikkeli","status":"publish","type":"page","link":"https:\/\/www.tehtavaniekat.fi\/index.php\/matrikkeli\/","title":{"rendered":"Matrikkeli"},"content":{"rendered":"\n<h2 class=\"wp-block-heading\">Teht\u00e4v\u00e4niekkojen matrikkeli<\/h2>\n\n\n\n<p>Suomen teht\u00e4v\u00e4niekkojen matrikkeli sis\u00e4lt\u00e4\u00e4 henkil\u00f6tietoja ja n\u00e4yteteht\u00e4vi\u00e4 menneiden vuosien tunnetuilta teht\u00e4v\u00e4niekoilta ja shakin vaikuttajilta.<\/p>\n\n\n\n<div class=\"wp-block-media-text alignwide is-stacked-on-mobile\" style=\"grid-template-columns:15% auto\"><figure class=\"wp-block-media-text__media\"><img fetchpriority=\"high\" decoding=\"async\" width=\"964\" height=\"1024\" src=\"https:\/\/www.tehtavaniekat.fi\/wp-content\/uploads\/Backmansson-964x1024.jpg\" alt=\"\" class=\"wp-image-1505 size-full\"\/><\/figure><div class=\"wp-block-media-text__content\">\n<p class=\"has-large-font-size\"><a href=\"\/matrikkelisivut\/Backmansson.pdf\"><span style=\"font-size: 18pt;\">Hugo Backmansson<\/span><\/a><\/p>\n<\/div><\/div>\n\n\n\n<div class=\"wp-block-media-text alignwide is-stacked-on-mobile\" style=\"grid-template-columns:15% auto\"><figure class=\"wp-block-media-text__media\"><img decoding=\"async\" width=\"785\" height=\"1024\" src=\"https:\/\/www.tehtavaniekat.fi\/wp-content\/uploads\/Book-785x1024.jpg\" alt=\"\" class=\"wp-image-1506 size-full\"\/><\/figure><div class=\"wp-block-media-text__content\">\n<p class=\"has-large-font-size\"><a href=\"\/matrikkelisivut\/Book.pdf\"><span style=\"font-size: 18pt;\">Eero E. B\u00f6\u00f6k<\/span><\/a><\/p>\n<\/div><\/div>\n\n\n\n<div class=\"wp-block-media-text alignwide is-stacked-on-mobile\" style=\"grid-template-columns:15% auto\"><figure class=\"wp-block-media-text__media\"><img decoding=\"async\" width=\"1024\" height=\"980\" src=\"https:\/\/www.tehtavaniekat.fi\/wp-content\/uploads\/Dalberg-1024x980.jpg\" alt=\"\" class=\"wp-image-1507 size-full\"\/><\/figure><div class=\"wp-block-media-text__content\">\n<p class=\"has-large-font-size\"><a href=\"\/matrikkelisivut\/Dalberg.pdf\"><span style=\"font-size: 18pt;\">John Dahlberg<\/span><\/a><\/p>\n<\/div><\/div>\n\n\n\n<div class=\"wp-block-media-text alignwide is-stacked-on-mobile\" style=\"grid-template-columns:15% auto\"><figure class=\"wp-block-media-text__media\"><img loading=\"lazy\" decoding=\"async\" width=\"1024\" height=\"779\" src=\"https:\/\/www.tehtavaniekat.fi\/wp-content\/uploads\/Dunder-1024x779.jpg\" alt=\"\" class=\"wp-image-1508 size-full\"\/><\/figure><div class=\"wp-block-media-text__content\">\n<p class=\"has-large-font-size\"><a href=\"\/matrikkelisivut\/Dunder.pdf\"><span style=\"font-size: 18pt;\">Aarne Dunder<\/span><\/a><\/p>\n<\/div><\/div>\n\n\n\n<div class=\"wp-block-media-text alignwide is-stacked-on-mobile\" style=\"grid-template-columns:15% auto\"><figure class=\"wp-block-media-text__media\"><img loading=\"lazy\" decoding=\"async\" width=\"784\" height=\"1024\" src=\"https:\/\/www.tehtavaniekat.fi\/wp-content\/uploads\/Ekholm-784x1024.jpg\" alt=\"\" class=\"wp-image-1509 size-full\"\/><\/figure><div class=\"wp-block-media-text__content\">\n<p class=\"has-large-font-size\"><a href=\"\/matrikkelisivut\/Ekholm.pdf\"><span style=\"font-size: 18pt;\">Edvin Ekholm<\/span><\/a><\/p>\n<\/div><\/div>\n\n\n\n<div class=\"wp-block-media-text alignwide is-stacked-on-mobile\" style=\"grid-template-columns:15% auto\"><figure class=\"wp-block-media-text__media\"><img loading=\"lazy\" decoding=\"async\" width=\"784\" height=\"1024\" src=\"https:\/\/www.tehtavaniekat.fi\/wp-content\/uploads\/Essen-784x1024.jpg\" alt=\"\" class=\"wp-image-1514 size-full\"\/><\/figure><div class=\"wp-block-media-text__content\">\n<p class=\"has-large-font-size\"><a href=\"\/matrikkelisivut\/Essen.pdf\"><span style=\"font-size: 18pt;\">Georg von Essen<\/span><\/a><\/p>\n<\/div><\/div>\n\n\n\n<div class=\"wp-block-media-text alignwide is-stacked-on-mobile\" style=\"grid-template-columns:15% auto\"><figure class=\"wp-block-media-text__media\"><img loading=\"lazy\" decoding=\"async\" width=\"739\" height=\"1024\" src=\"https:\/\/www.tehtavaniekat.fi\/wp-content\/uploads\/Hannelius-739x1024.jpg\" alt=\"\" class=\"wp-image-1510 size-full\"\/><\/figure><div class=\"wp-block-media-text__content\">\n<p class=\"has-large-font-size\"><a href=\"\/matrikkelisivut\/Hannelius.pdf\"><span style=\"font-size: 18pt;\">Jan Hannelius<\/span><\/a><\/p>\n<\/div><\/div>\n\n\n\n<div class=\"wp-block-media-text alignwide is-stacked-on-mobile\" style=\"grid-template-columns:15% auto\"><figure class=\"wp-block-media-text__media\"><img loading=\"lazy\" decoding=\"async\" width=\"50\" height=\"60\" src=\"https:\/\/www.tehtavaniekat.fi\/wp-content\/uploads\/tyhja.jpg\" alt=\"\" class=\"wp-image-1563 size-full\"\/><\/figure><div class=\"wp-block-media-text__content\">\n<p class=\"has-large-font-size\"><span style=\"font-size: 18pt;\"><a href=\"\/matrikkelisivut\/Hinds.pdf\">Arnold Hinds<\/a><\/span><\/p>\n<\/div><\/div>\n\n\n\n<div class=\"wp-block-media-text alignwide is-stacked-on-mobile\" style=\"grid-template-columns:15% auto\"><figure class=\"wp-block-media-text__media\"><img loading=\"lazy\" decoding=\"async\" width=\"1024\" height=\"981\" src=\"https:\/\/www.tehtavaniekat.fi\/wp-content\/uploads\/Hindstrom-1024x981.jpg\" alt=\"\" class=\"wp-image-1511 size-full\"\/><\/figure><div class=\"wp-block-media-text__content\">\n<p class=\"has-large-font-size\"><a href=\"\/matrikkelisivut\/Hindstrom.pdf\"><span style=\"font-size: 18pt;\">Helge Hindstr\u00f6m<\/span><\/a><\/p>\n<\/div><\/div>\n\n\n\n<div class=\"wp-block-media-text alignwide is-stacked-on-mobile\" style=\"grid-template-columns:15% auto\"><figure class=\"wp-block-media-text__media\"><img loading=\"lazy\" decoding=\"async\" width=\"795\" height=\"1024\" src=\"https:\/\/www.tehtavaniekat.fi\/wp-content\/uploads\/Hallstrom-795x1024.jpg\" alt=\"\" class=\"wp-image-1512 size-full\"\/><\/figure><div class=\"wp-block-media-text__content\">\n<p class=\"has-large-font-size\"><a href=\"\/matrikkelisivut\/Hallstrom.pdf\"><span style=\"font-size: 18pt;\">Edvard af H\u00e4llstr\u00f6m<\/span><\/a><\/p>\n<\/div><\/div>\n\n\n\n<div class=\"wp-block-media-text alignwide is-stacked-on-mobile\" style=\"grid-template-columns:15% auto\"><figure class=\"wp-block-media-text__media\"><img loading=\"lazy\" decoding=\"async\" width=\"50\" height=\"60\" src=\"https:\/\/www.tehtavaniekat.fi\/wp-content\/uploads\/tyhja.jpg\" alt=\"\" class=\"wp-image-1563 size-full\"\/><\/figure><div class=\"wp-block-media-text__content\">\n<p class=\"has-large-font-size\"><span style=\"font-size: 18pt;\"><a href=\"\/matrikkelisivut\/Hoglund.pdf\">Harry H\u00f6glund<\/a><\/span><\/p>\n<\/div><\/div>\n\n\n\n<div class=\"wp-block-media-text alignwide is-stacked-on-mobile\" style=\"grid-template-columns:15% auto\"><figure class=\"wp-block-media-text__media\"><img loading=\"lazy\" decoding=\"async\" width=\"795\" height=\"1024\" src=\"https:\/\/www.tehtavaniekat.fi\/wp-content\/uploads\/Ilmakunnas-795x1024.jpg\" alt=\"\" class=\"wp-image-1513 size-full\"\/><\/figure><div class=\"wp-block-media-text__content\">\n<p class=\"has-large-font-size\"><a href=\"\/matrikkelisivut\/Ilmakunnas.pdf\"><span style=\"font-size: 18pt;\">Ari Ilmakunnas<\/span><\/a><\/p>\n<\/div><\/div>\n\n\n\n<div class=\"wp-block-media-text alignwide is-stacked-on-mobile\" style=\"grid-template-columns:15% auto\"><figure class=\"wp-block-media-text__media\"><img loading=\"lazy\" decoding=\"async\" width=\"718\" height=\"1024\" src=\"https:\/\/www.tehtavaniekat.fi\/wp-content\/uploads\/Iso-Puonti-718x1024.jpg\" alt=\"\" class=\"wp-image-1516 size-full\"\/><\/figure><div class=\"wp-block-media-text__content\">\n<p class=\"has-large-font-size\"><a href=\"\/matrikkelisivut\/Iso-Puonti.pdf\"><span style=\"font-size: 18pt;\">Yrj\u00f6 Iso-Puonti<\/span><\/a><\/p>\n<\/div><\/div>\n\n\n\n<div class=\"wp-block-media-text alignwide is-stacked-on-mobile\" style=\"grid-template-columns:15% auto\"><figure class=\"wp-block-media-text__media\"><img loading=\"lazy\" decoding=\"async\" width=\"660\" height=\"1024\" src=\"https:\/\/www.tehtavaniekat.fi\/wp-content\/uploads\/Karhia-660x1024.jpg\" alt=\"\" class=\"wp-image-1517 size-full\"\/><\/figure><div class=\"wp-block-media-text__content\">\n<p class=\"has-large-font-size\"><a href=\"\/matrikkelisivut\/Karhia.pdf\" data-wplink-edit=\"true\"><span style=\"font-size: 18pt;\">Veikko Karhia<\/span><\/a><\/p>\n<\/div><\/div>\n\n\n\n<div class=\"wp-block-media-text alignwide is-stacked-on-mobile\" style=\"grid-template-columns:15% auto\"><figure class=\"wp-block-media-text__media\"><img loading=\"lazy\" decoding=\"async\" width=\"731\" height=\"1024\" src=\"https:\/\/www.tehtavaniekat.fi\/wp-content\/uploads\/Kivi-731x1024.jpg\" alt=\"\" class=\"wp-image-1518 size-full\"\/><\/figure><div class=\"wp-block-media-text__content\">\n<p class=\"has-large-font-size\"><a href=\"\/matrikkelisivut\/Kivi.pdf\"><span style=\"font-size: 18pt;\">Visa Kivi<\/span><\/a><\/p>\n<\/div><\/div>\n\n\n\n<div class=\"wp-block-media-text alignwide is-stacked-on-mobile\" style=\"grid-template-columns:15% auto\"><figure class=\"wp-block-media-text__media\"><img loading=\"lazy\" decoding=\"async\" width=\"732\" height=\"1024\" src=\"https:\/\/www.tehtavaniekat.fi\/wp-content\/uploads\/Kujala-732x1024.jpg\" alt=\"\" class=\"wp-image-1519 size-full\"\/><\/figure><div class=\"wp-block-media-text__content\">\n<p class=\"has-large-font-size\"><a href=\"\/matrikkelisivut\/Kujala.pdf\"><span style=\"font-size: 18pt;\">Reino Kujala<\/span><\/a><\/p>\n<\/div><\/div>\n\n\n\n<div class=\"wp-block-media-text alignwide is-stacked-on-mobile\" style=\"grid-template-columns:15% auto\"><figure class=\"wp-block-media-text__media\"><img loading=\"lazy\" decoding=\"async\" width=\"724\" height=\"1024\" src=\"https:\/\/www.tehtavaniekat.fi\/wp-content\/uploads\/Laaksonen-H-724x1024.jpg\" alt=\"\" class=\"wp-image-1520 size-full\"\/><\/figure><div class=\"wp-block-media-text__content\">\n<p class=\"has-large-font-size\"><a href=\"\/matrikkelisivut\/Laaksonen H.pdf\"><span style=\"font-size: 18pt;\">Hellmuth Laaksonen<\/span><\/a><\/p>\n<\/div><\/div>\n\n\n\n<div class=\"wp-block-media-text alignwide is-stacked-on-mobile\" style=\"grid-template-columns:15% auto\"><figure class=\"wp-block-media-text__media\"><img loading=\"lazy\" decoding=\"async\" width=\"679\" height=\"1024\" src=\"https:\/\/www.tehtavaniekat.fi\/wp-content\/uploads\/Laaksonen-K-679x1024.jpg\" alt=\"\" class=\"wp-image-1523 size-full\"\/><\/figure><div class=\"wp-block-media-text__content\">\n<p class=\"has-large-font-size\"><a href=\"\/matrikkelisivut\/Laaksonen K.pdf\"><span style=\"font-size: 18pt;\">Kaarlo Laaksonen<\/span><\/a><\/p>\n<\/div><\/div>\n\n\n\n<div class=\"wp-block-media-text alignwide is-stacked-on-mobile\" style=\"grid-template-columns:15% auto\"><figure class=\"wp-block-media-text__media\"><img loading=\"lazy\" decoding=\"async\" width=\"50\" height=\"60\" src=\"https:\/\/www.tehtavaniekat.fi\/wp-content\/uploads\/tyhja.jpg\" alt=\"\" class=\"wp-image-1563 size-full\"\/><\/figure><div class=\"wp-block-media-text__content\">\n<p class=\"has-large-font-size\"><span style=\"font-size: 18pt;\"><a href=\"\/matrikkelisivut\/Laisaari.pdf\">Mauno Laisaari<\/a><\/span><\/p>\n<\/div><\/div>\n\n\n\n<div class=\"wp-block-media-text alignwide is-stacked-on-mobile\" style=\"grid-template-columns:15% auto\"><figure class=\"wp-block-media-text__media\"><img loading=\"lazy\" decoding=\"async\" width=\"942\" height=\"1024\" src=\"https:\/\/www.tehtavaniekat.fi\/wp-content\/uploads\/Laitinen-942x1024.jpg\" alt=\"\" class=\"wp-image-1524 size-full\"\/><\/figure><div class=\"wp-block-media-text__content\">\n<p class=\"has-large-font-size\"><a href=\"\/matrikkelisivut\/Laitinen.pdf\"><span style=\"font-size: 18pt;\">Gottfrid Laitinen<\/span><\/a><\/p>\n<\/div><\/div>\n\n\n\n<div class=\"wp-block-media-text alignwide is-stacked-on-mobile\" style=\"grid-template-columns:15% auto\"><figure class=\"wp-block-media-text__media\"><img loading=\"lazy\" decoding=\"async\" width=\"671\" height=\"1024\" src=\"https:\/\/www.tehtavaniekat.fi\/wp-content\/uploads\/Liljestrand-671x1024.jpg\" alt=\"\" class=\"wp-image-1545 size-full\"\/><\/figure><div class=\"wp-block-media-text__content\">\n<p class=\"has-large-font-size\"><a href=\"\/matrikkelisivut\/Liljestrand.pdf\"><span style=\"font-size: 18pt;\">Seth Liljestrand<\/span><\/a><\/p>\n<\/div><\/div>\n\n\n\n<div class=\"wp-block-media-text alignwide is-stacked-on-mobile\" style=\"grid-template-columns:15% auto\"><figure class=\"wp-block-media-text__media\"><img loading=\"lazy\" decoding=\"async\" width=\"680\" height=\"1024\" src=\"https:\/\/www.tehtavaniekat.fi\/wp-content\/uploads\/Lillja-680x1024.jpg\" alt=\"\" class=\"wp-image-1546 size-full\"\/><\/figure><div class=\"wp-block-media-text__content\">\n<p class=\"has-large-font-size\"><a href=\"\/matrikkelisivut\/Lillja.pdf\"><span style=\"font-size: 18pt;\">John L. W. Lillja<\/span><\/a><\/p>\n<\/div><\/div>\n\n\n\n<div class=\"wp-block-media-text alignwide is-stacked-on-mobile\" style=\"grid-template-columns:15% auto\"><figure class=\"wp-block-media-text__media\"><img loading=\"lazy\" decoding=\"async\" width=\"50\" height=\"60\" src=\"https:\/\/www.tehtavaniekat.fi\/wp-content\/uploads\/tyhja.jpg\" alt=\"\" class=\"wp-image-1563 size-full\"\/><\/figure><div class=\"wp-block-media-text__content\">\n<p class=\"has-large-font-size\"><a href=\"\/matrikkelisivut\/Lukkarinen.pdf\"><span style=\"font-size: 18pt;\">Heikki Lukkarinen<\/span><\/a><\/p>\n<\/div><\/div>\n\n\n\n<div class=\"wp-block-media-text alignwide is-stacked-on-mobile\" style=\"grid-template-columns:15% auto\"><figure class=\"wp-block-media-text__media\"><img loading=\"lazy\" decoding=\"async\" width=\"798\" height=\"1024\" src=\"https:\/\/www.tehtavaniekat.fi\/wp-content\/uploads\/Luukkonen-798x1024.jpg\" alt=\"\" class=\"wp-image-1547 size-full\"\/><\/figure><div class=\"wp-block-media-text__content\">\n<p class=\"has-large-font-size\"><a href=\"\/matrikkelisivut\/Luukkonen.pdf\"><span style=\"font-size: 18pt;\">Emil Luukkonen<\/span><\/a><\/p>\n<\/div><\/div>\n\n\n\n<div class=\"wp-block-media-text alignwide is-stacked-on-mobile\" style=\"grid-template-columns:15% auto\"><figure class=\"wp-block-media-text__media\"><img decoding=\"async\" src=\"https:\/\/www.tehtavaniekat.fi\/wp-content\/uploads\/Ojanen-718x1024.jpg\" alt=\"\" class=\"wp-image-1548 size-full\"\/><\/figure><div class=\"wp-block-media-text__content\">\n<p class=\"has-large-font-size\"><a href=\"\/matrikkelisivut\/Ojanen.pdf\"><span style=\"font-size: 18pt;\">Antti G. Ojanen<\/span><\/a><\/p>\n<\/div><\/div>\n\n\n\n<div class=\"wp-block-media-text alignwide is-stacked-on-mobile\" style=\"grid-template-columns:15% auto\"><figure class=\"wp-block-media-text__media\"><img loading=\"lazy\" decoding=\"async\" width=\"796\" height=\"1024\" src=\"https:\/\/www.tehtavaniekat.fi\/wp-content\/uploads\/Paalanen-796x1024.jpg\" alt=\"\" class=\"wp-image-1549 size-full\"\/><\/figure><div class=\"wp-block-media-text__content\">\n<p class=\"has-large-font-size\"><a href=\"\/matrikkelisivut\/Paalanen.pdf\"><span style=\"font-size: 18pt;\">Erkki Paalanen<\/span><\/a><\/p>\n<\/div><\/div>\n\n\n\n<div class=\"wp-block-media-text alignwide is-stacked-on-mobile\" style=\"grid-template-columns:15% auto\"><figure class=\"wp-block-media-text__media\"><img loading=\"lazy\" decoding=\"async\" width=\"50\" height=\"60\" src=\"https:\/\/www.tehtavaniekat.fi\/wp-content\/uploads\/tyhja.jpg\" alt=\"\" class=\"wp-image-1563 size-full\"\/><\/figure><div class=\"wp-block-media-text__content\">\n<p class=\"has-large-font-size\"><a href=\"\/matrikkelisivut\/Rautanen.pdf\"><span style=\"font-size: 18pt;\">Aleksis Rautanen<\/span><\/a><\/p>\n<\/div><\/div>\n\n\n\n<div class=\"wp-block-media-text alignwide is-stacked-on-mobile\" style=\"grid-template-columns:15% auto\"><figure class=\"wp-block-media-text__media\"><img loading=\"lazy\" decoding=\"async\" width=\"843\" height=\"1024\" src=\"https:\/\/www.tehtavaniekat.fi\/wp-content\/uploads\/Saarenheimo-843x1024.jpg\" alt=\"\" class=\"wp-image-1550 size-full\"\/><\/figure><div class=\"wp-block-media-text__content\">\n<p class=\"has-large-font-size\"><a href=\"\/matrikkelisivut\/Saarenheimo.pdf\"><span style=\"font-size: 18pt;\">Eero Saarenheimo<\/span><\/a><\/p>\n<\/div><\/div>\n\n\n\n<div class=\"wp-block-media-text alignwide is-stacked-on-mobile\" style=\"grid-template-columns:15% auto\"><figure class=\"wp-block-media-text__media\"><img loading=\"lazy\" decoding=\"async\" width=\"769\" height=\"1024\" src=\"https:\/\/www.tehtavaniekat.fi\/wp-content\/uploads\/Saloila-769x1024.jpg\" alt=\"\" class=\"wp-image-1551 size-full\"\/><\/figure><div class=\"wp-block-media-text__content\">\n<p class=\"has-large-font-size\"><a href=\"\/matrikkelisivut\/Saloila.pdf\"><span style=\"font-size: 18pt;\">Altti Saloila<\/span><\/a><\/p>\n<\/div><\/div>\n\n\n\n<div class=\"wp-block-media-text alignwide is-stacked-on-mobile\" style=\"grid-template-columns:15% auto\"><figure class=\"wp-block-media-text__media\"><img loading=\"lazy\" decoding=\"async\" width=\"676\" height=\"1024\" src=\"https:\/\/www.tehtavaniekat.fi\/wp-content\/uploads\/Soininen-676x1024.jpg\" alt=\"\" class=\"wp-image-1552 size-full\"\/><\/figure><div class=\"wp-block-media-text__content\">\n<p class=\"has-large-font-size\"><a href=\"\/matrikkelisivut\/Soininen.pdf\"><span style=\"font-size: 18pt;\">Fritz Soininen<\/span><\/a><\/p>\n<\/div><\/div>\n\n\n\n<div class=\"wp-block-media-text alignwide is-stacked-on-mobile\" style=\"grid-template-columns:15% auto\"><figure class=\"wp-block-media-text__media\"><img loading=\"lazy\" decoding=\"async\" width=\"728\" height=\"1024\" src=\"https:\/\/www.tehtavaniekat.fi\/wp-content\/uploads\/Sola-728x1024.jpg\" alt=\"\" class=\"wp-image-1553 size-full\"\/><\/figure><div class=\"wp-block-media-text__content\">\n<p class=\"has-large-font-size\"><a href=\"\/matrikkelisivut\/Sola.pdf\"><span style=\"font-size: 18pt;\">Pentti Sola<\/span><\/a><\/p>\n<\/div><\/div>\n\n\n\n<div class=\"wp-block-media-text alignwide is-stacked-on-mobile\" style=\"grid-template-columns:15% auto\"><figure class=\"wp-block-media-text__media\"><img loading=\"lazy\" decoding=\"async\" width=\"780\" height=\"1024\" src=\"https:\/\/www.tehtavaniekat.fi\/wp-content\/uploads\/Somerpuu-780x1024.jpg\" alt=\"\" class=\"wp-image-1554 size-full\"\/><\/figure><div class=\"wp-block-media-text__content\">\n<p class=\"has-large-font-size\"><a href=\"\/matrikkelisivut\/Somerpuu.pdf\"><span style=\"font-size: 18pt;\">Vilho Somerpuu<\/span><\/a><\/p>\n<\/div><\/div>\n\n\n\n<div class=\"wp-block-media-text alignwide is-stacked-on-mobile\" style=\"grid-template-columns:15% auto\"><figure class=\"wp-block-media-text__media\"><img loading=\"lazy\" decoding=\"async\" width=\"679\" height=\"1024\" src=\"https:\/\/www.tehtavaniekat.fi\/wp-content\/uploads\/Tamminen-679x1024.jpg\" alt=\"\" class=\"wp-image-1555 size-full\"\/><\/figure><div class=\"wp-block-media-text__content\">\n<p class=\"has-large-font-size\"><a href=\"\/matrikkelisivut\/Tamminen.pdf\"><span style=\"font-size: 18pt;\">Veikko Tamminen<\/span><\/a><\/p>\n<\/div><\/div>\n\n\n\n<div class=\"wp-block-media-text alignwide is-stacked-on-mobile\" style=\"grid-template-columns:15% auto\"><figure class=\"wp-block-media-text__media\"><img loading=\"lazy\" decoding=\"async\" width=\"736\" height=\"1024\" src=\"https:\/\/www.tehtavaniekat.fi\/wp-content\/uploads\/Tschepurnoff-736x1024.jpg\" alt=\"\" class=\"wp-image-1556 size-full\"\/><\/figure><div class=\"wp-block-media-text__content\">\n<p class=\"has-large-font-size\"><a href=\"\/matrikkelisivut\/Tschepurnoff.pdf\"><span style=\"font-size: 18pt;\">Anatol Tschepurnoff<\/span><\/a><\/p>\n<\/div><\/div>\n\n\n\n<div class=\"wp-block-media-text alignwide is-stacked-on-mobile\" style=\"grid-template-columns:15% auto\"><figure class=\"wp-block-media-text__media\"><img loading=\"lazy\" decoding=\"async\" width=\"655\" height=\"1024\" src=\"https:\/\/www.tehtavaniekat.fi\/wp-content\/uploads\/Valve-655x1024.jpg\" alt=\"\" class=\"wp-image-1557 size-full\"\/><\/figure><div class=\"wp-block-media-text__content\">\n<p class=\"has-large-font-size\"><a href=\"\/matrikkelisivut\/Valve.pdf\"><span style=\"font-size: 18pt;\">Leo Valve<\/span><\/a><\/p>\n<\/div><\/div>\n\n\n\n<div class=\"wp-block-media-text alignwide is-stacked-on-mobile\" style=\"grid-template-columns:15% auto\"><figure class=\"wp-block-media-text__media\"><img loading=\"lazy\" decoding=\"async\" width=\"1009\" height=\"1024\" src=\"https:\/\/www.tehtavaniekat.fi\/wp-content\/uploads\/Wasastjerna-1009x1024.jpg\" alt=\"\" class=\"wp-image-1559 size-full\"\/><\/figure><div class=\"wp-block-media-text__content\">\n<p class=\"has-large-font-size\"><a href=\"\/matrikkelisivut\/Wasastjerna.pdf\"><span style=\"font-size: 18pt;\">Knut Wasastjerna<\/span><\/a><\/p>\n<\/div><\/div>\n\n\n\n<div class=\"wp-block-media-text alignwide is-stacked-on-mobile\" style=\"grid-template-columns:15% auto\"><figure class=\"wp-block-media-text__media\"><img loading=\"lazy\" decoding=\"async\" width=\"691\" height=\"1024\" src=\"https:\/\/www.tehtavaniekat.fi\/wp-content\/uploads\/Winter-691x1024.jpg\" alt=\"\" class=\"wp-image-1560 size-full\"\/><\/figure><div class=\"wp-block-media-text__content\">\n<p class=\"has-large-font-size\"><a href=\"\/matrikkelisivut\/Winter.pdf\"><span style=\"font-size: 18pt;\">Johan Winter<\/span><\/a><\/p>\n<\/div><\/div>\n\n\n\n<div class=\"wp-block-media-text alignwide is-stacked-on-mobile\" style=\"grid-template-columns:15% auto\"><figure class=\"wp-block-media-text__media\"><img loading=\"lazy\" decoding=\"async\" width=\"761\" height=\"1024\" src=\"https:\/\/www.tehtavaniekat.fi\/wp-content\/uploads\/Virtanen-E-761x1024.jpg\" alt=\"\" class=\"wp-image-1558 size-full\"\/><\/figure><div class=\"wp-block-media-text__content\">\n<p class=\"has-large-font-size\"><a href=\"\/matrikkelisivut\/Virtanen E.pdf\"><span style=\"font-size: 18pt;\">Erkki A. Virtanen<\/span><\/a><\/p>\n<\/div><\/div>\n\n\n\n<div class=\"wp-block-media-text alignwide is-stacked-on-mobile\" style=\"grid-template-columns:15% auto\"><figure class=\"wp-block-media-text__media\"><img loading=\"lazy\" decoding=\"async\" width=\"725\" height=\"1024\" src=\"https:\/\/www.tehtavaniekat.fi\/wp-content\/uploads\/Ohqvist-725x1024.jpg\" alt=\"\" class=\"wp-image-1561 size-full\"\/><\/figure><div class=\"wp-block-media-text__content\">\n<p class=\"has-large-font-size\"><a href=\"\/matrikkelisivut\/Ohqvist.pdf\"><span style=\"font-size: 18pt;\">Johannes \u00d6hqvist<\/span><\/a><\/p>\n<\/div><\/div>\n\n\n\n<p><\/p>\n","protected":false},"excerpt":{"rendered":"<p>Teht\u00e4v\u00e4niekkojen matrikkeli Suomen teht\u00e4v\u00e4niekkojen matrikkeli sis\u00e4lt\u00e4\u00e4 henkil\u00f6tietoja ja n\u00e4yteteht\u00e4vi\u00e4 menneiden vuosien tunnetuilta teht\u00e4v\u00e4niekoilta ja shakin vaikuttajilta. <a class=\"continue-reading-link\" href=\"https:\/\/www.tehtavaniekat.fi\/index.php\/matrikkeli\/\">Jatka lukemista<\/a><\/p>\n","protected":false},"author":1,"featured_media":0,"parent":0,"menu_order":0,"comment_status":"closed","ping_status":"closed","template":"","meta":{"footnotes":""},"class_list":["post-1526","page","type-page","status-publish","hentry"],"_links":{"self":[{"href":"https:\/\/www.tehtavaniekat.fi\/index.php\/wp-json\/wp\/v2\/pages\/1526","targetHints":{"allow":["GET"]}}],"collection":[{"href":"https:\/\/www.tehtavaniekat.fi\/index.php\/wp-json\/wp\/v2\/pages"}],"about":[{"href":"https:\/\/www.tehtavaniekat.fi\/index.php\/wp-json\/wp\/v2\/types\/page"}],"author":[{"embeddable":true,"href":"https:\/\/www.tehtavaniekat.fi\/index.php\/wp-json\/wp\/v2\/users\/1"}],"replies":[{"embeddable":true,"href":"https:\/\/www.tehtavaniekat.fi\/index.php\/wp-json\/wp\/v2\/comments?post=1526"}],"version-history":[{"count":25,"href":"https:\/\/www.tehtavaniekat.fi\/index.php\/wp-json\/wp\/v2\/pages\/1526\/revisions"}],"predecessor-version":[{"id":1571,"href":"https:\/\/www.tehtavaniekat.fi\/index.php\/wp-json\/wp\/v2\/pages\/1526\/revisions\/1571"}],"wp:attachment":[{"href":"https:\/\/www.tehtavaniekat.fi\/index.php\/wp-json\/wp\/v2\/media?parent=1526"}],"curies":[{"name":"wp","href":"https:\/\/api.w.org\/{rel}","templated":true}]}}