{"id":1492,"date":"2022-07-14T23:00:54","date_gmt":"2022-07-14T20:00:54","guid":{"rendered":"https:\/\/www.tehtavaniekat.fi\/?page_id=1492"},"modified":"2022-07-14T23:00:55","modified_gmt":"2022-07-14T20:00:55","slug":"ratk46","status":"publish","type":"page","link":"https:\/\/www.tehtavaniekat.fi\/index.php\/ratk46\/","title":{"rendered":"Ratkaisu 46"},"content":{"rendered":"\n<h1 class=\"wp-block-heading\">Kauko Virtasen 90-vuotiskilpailu <\/h1>\n\n\n<p>Kauko Virtasen 90-vuotisjuhlakilpailuun osallistuvat teht\u00e4v\u00e4t on l\u00e4hetett\u00e4v\u00e4 viimeist\u00e4\u00e4n 31.7.2022 kilpailun luottamusmies Neal Turnerille: nealturnerfinland&lt;at&gt;hotmail.com.<\/p>\n<p>Kilpailu on ennen julkaisemattomille kahden siirron mattiteht\u00e4ville, tuomari on englantilainen Barry Barnes. Innoitusta tuokoon juhlijan kaksisiirtoinen yli kuuden vuosikymmenen takaa:<\/p>\n<p style=\"text-align: center;\"><strong>Kauko Virtanen<\/strong> <br \/>3. maininta <em>Partizan <\/em>1961<\/p>\n<p style=\"text-align: center;\"><img decoding=\"async\" src=\"https:\/\/www.tehtavaniekat.fi\/wp-content\/uploads\/kvi_61.jpg\" alt=\"\" width=\"220\" height=\"220\" \/><br \/>2#\u00a0\u00a0\u00a0\u00a0\u00a0 10+7<\/p>\n<p>Houkutuksessa ja ratkaisussa valkea tekee Novotny-katkon ruudulla d6.<\/p>\n<p>Houkutus 1.Td6? (2.Dd4\/De5#) 1.- Lxd6\/Txd6 2.Dd4\/De5#, mutta 1.- Rf6!<\/p>\n<p>Ratkaisu 1.Ld6! (2.Ld5\/Te5#) 1.- Lxd6\/Txd6 2.Ld5\/Te5#, 1.- Rxf6 2.Dh1#<\/p>\n<p><em>\u00a0<\/em><\/p>","protected":false},"excerpt":{"rendered":"<p>Kauko Virtasen 90-vuotiskilpailu Kauko Virtasen 90-vuotisjuhlakilpailuun osallistuvat teht\u00e4v\u00e4t on l\u00e4hetett\u00e4v\u00e4 viimeist\u00e4\u00e4n 31.7.2022 kilpailun luottamusmies Neal Turnerille: nealturnerfinland&lt;at&gt;hotmail.com. Kilpailu on ennen julkaisemattomille kahden siirron mattiteht\u00e4ville, tuomari on englantilainen Barry Barnes. Innoitusta tuokoon juhlijan kaksisiirtoinen yli kuuden vuosikymmenen takaa: Kauko Virtanen 3. maininta Partizan 1961 2#\u00a0\u00a0\u00a0\u00a0\u00a0 10+7 Houkutuksessa ja ratkaisussa valkea tekee&#8230; <a class=\"continue-reading-link\" href=\"https:\/\/www.tehtavaniekat.fi\/index.php\/ratk46\/\">Jatka lukemista<\/a><\/p>\n","protected":false},"author":1,"featured_media":0,"parent":0,"menu_order":0,"comment_status":"closed","ping_status":"closed","template":"","meta":{"footnotes":""},"class_list":["post-1492","page","type-page","status-publish","hentry"],"_links":{"self":[{"href":"https:\/\/www.tehtavaniekat.fi\/index.php\/wp-json\/wp\/v2\/pages\/1492","targetHints":{"allow":["GET"]}}],"collection":[{"href":"https:\/\/www.tehtavaniekat.fi\/index.php\/wp-json\/wp\/v2\/pages"}],"about":[{"href":"https:\/\/www.tehtavaniekat.fi\/index.php\/wp-json\/wp\/v2\/types\/page"}],"author":[{"embeddable":true,"href":"https:\/\/www.tehtavaniekat.fi\/index.php\/wp-json\/wp\/v2\/users\/1"}],"replies":[{"embeddable":true,"href":"https:\/\/www.tehtavaniekat.fi\/index.php\/wp-json\/wp\/v2\/comments?post=1492"}],"version-history":[{"count":3,"href":"https:\/\/www.tehtavaniekat.fi\/index.php\/wp-json\/wp\/v2\/pages\/1492\/revisions"}],"predecessor-version":[{"id":1495,"href":"https:\/\/www.tehtavaniekat.fi\/index.php\/wp-json\/wp\/v2\/pages\/1492\/revisions\/1495"}],"wp:attachment":[{"href":"https:\/\/www.tehtavaniekat.fi\/index.php\/wp-json\/wp\/v2\/media?parent=1492"}],"curies":[{"name":"wp","href":"https:\/\/api.w.org\/{rel}","templated":true}]}}