{"id":1432,"date":"2022-04-06T21:42:59","date_gmt":"2022-04-06T18:42:59","guid":{"rendered":"https:\/\/www.tehtavaniekat.fi\/?page_id=1432"},"modified":"2025-11-29T19:14:38","modified_gmt":"2025-11-29T17:14:38","slug":"artikkelit","status":"publish","type":"page","link":"https:\/\/www.tehtavaniekat.fi\/index.php\/artikkelit\/","title":{"rendered":"Artikkelit"},"content":{"rendered":"<h1>Artikkelit<\/h1>\n<ul>\n<li><a href=\"https:\/\/www.tehtavaniekat.fi\/index.php\/tehtavashakin-termeja-ja-teemoja\/\">Teht\u00e4v\u00e4shakin termej\u00e4 ja teemoja<\/a><\/li>\n<li><a href=\"https:\/\/www.tehtavaniekat.fi\/wp-content\/uploads\/Nuorten-tieto.pdf\" target=\"_blank\" rel=\"noopener\">Teht\u00e4v\u00e4- eli taideshakki<\/a><\/li>\n<li><a href=\"https:\/\/www.tehtavaniekat.fi\/wp-content\/uploads\/kluver.pdf\">Shakkiteht\u00e4vien ratkaiseminen<\/a><\/li>\n<li><a href=\"https:\/\/www.tehtavaniekat.fi\/index.php\/matrikkeli\/\">Matrikkeli<\/a><\/li>\n<li><a href=\"https:\/\/www.tehtavaniekat.fi\/wp-content\/uploads\/Lommer_I_presume.pdf&quot;\" data-wplink-edit=\"true\">Marko Ylijoki: Lommer, I presume<\/a><\/li>\n<\/ul>\n\n\n<p><\/p>\n","protected":false},"excerpt":{"rendered":"<p>Artikkelit Teht\u00e4v\u00e4shakin termej\u00e4 ja teemoja Teht\u00e4v\u00e4- eli taideshakki Shakkiteht\u00e4vien ratkaiseminen Matrikkeli Marko Ylijoki: Lommer, I presume <a class=\"continue-reading-link\" href=\"https:\/\/www.tehtavaniekat.fi\/index.php\/artikkelit\/\">Jatka lukemista<\/a><\/p>\n","protected":false},"author":1,"featured_media":0,"parent":0,"menu_order":0,"comment_status":"closed","ping_status":"closed","template":"","meta":{"footnotes":""},"class_list":["post-1432","page","type-page","status-publish","hentry"],"_links":{"self":[{"href":"https:\/\/www.tehtavaniekat.fi\/index.php\/wp-json\/wp\/v2\/pages\/1432","targetHints":{"allow":["GET"]}}],"collection":[{"href":"https:\/\/www.tehtavaniekat.fi\/index.php\/wp-json\/wp\/v2\/pages"}],"about":[{"href":"https:\/\/www.tehtavaniekat.fi\/index.php\/wp-json\/wp\/v2\/types\/page"}],"author":[{"embeddable":true,"href":"https:\/\/www.tehtavaniekat.fi\/index.php\/wp-json\/wp\/v2\/users\/1"}],"replies":[{"embeddable":true,"href":"https:\/\/www.tehtavaniekat.fi\/index.php\/wp-json\/wp\/v2\/comments?post=1432"}],"version-history":[{"count":6,"href":"https:\/\/www.tehtavaniekat.fi\/index.php\/wp-json\/wp\/v2\/pages\/1432\/revisions"}],"predecessor-version":[{"id":3894,"href":"https:\/\/www.tehtavaniekat.fi\/index.php\/wp-json\/wp\/v2\/pages\/1432\/revisions\/3894"}],"wp:attachment":[{"href":"https:\/\/www.tehtavaniekat.fi\/index.php\/wp-json\/wp\/v2\/media?parent=1432"}],"curies":[{"name":"wp","href":"https:\/\/api.w.org\/{rel}","templated":true}]}}