{"id":1407,"date":"2022-03-17T23:44:19","date_gmt":"2022-03-17T20:44:19","guid":{"rendered":"https:\/\/www.tehtavaniekat.fi\/?page_id=1407"},"modified":"2026-04-01T22:57:01","modified_gmt":"2026-04-01T20:57:01","slug":"lehti","status":"publish","type":"page","link":"https:\/\/www.tehtavaniekat.fi\/index.php\/lehti\/","title":{"rendered":"Lehti"},"content":{"rendered":"\n<p><img decoding=\"async\" src=\"https:\/\/www.tehtavaniekat.fi\/wp-content\/uploads\/tehtavaniekka-logo-300x73.jpg\" alt=\"\" width=\"300\" height=\"73\" \/><\/p>\n<p>Suomen teht\u00e4v\u00e4niekat ry:n j\u00e4senlehti (ISSN 2242-3257)<\/p>\n<p>Entinen nimi vuoden 2010 loppuun asti oli <em>\u201dSuomen Teht\u00e4v\u00e4niekat\u201d<\/em><\/p>\n<p>4 numeroa vuodessa<\/p>\n<p><a href=\"https:\/\/www.tehtavaniekat.fi\/index.php\/vanhat-lehdet\/\"><strong>Vanhoja lehti\u00e4<\/strong><\/a> vuosilta 1985-2024 on ladattavissa pdf-muodossa.<\/p>\n<p><strong>Sivum\u00e4\u00e4r\u00e4 eri vuosina:<\/strong><\/p>\n<table style=\"width: 100%;\">\n<thead>\n<tr>\n<td style=\"width: 15.7143%; border-style: solid; border-color: #000000; text-align: center; vertical-align: top; background-color: #8fd2e3;\">Vuosi<\/td>\n<td style=\"width: 17.0238%; border-style: solid; border-color: #000000; text-align: center; vertical-align: top; background-color: #8fd2e3;\">Sivuja<\/td>\n<td style=\"width: 15.7143%; border-style: solid; border-color: #000000; text-align: center; vertical-align: top; background-color: #8fd2e3;\">Vuosi<\/td>\n<td style=\"width: 17.0238%; border-style: solid; border-color: #000000; text-align: center; vertical-align: top; background-color: #8fd2e3;\">Sivuja<\/td>\n<td style=\"width: 15.7143%; border-style: solid; border-color: #000000; text-align: center; vertical-align: top; background-color: #8fd2e3;\">Vuosi<\/td>\n<td style=\"width: 17.0238%; border-style: solid; border-color: #000000; text-align: center; vertical-align: top; background-color: #8fd2e3;\">Sivuja<\/td>\n<\/tr>\n<\/thead>\n<tbody>\n<tr>\n<td style=\"text-align: center; width: 15.7143%; border-style: solid; border-color: #000000; vertical-align: top;\">1997<br \/>1998<br \/>1999<br \/>2000<br \/>2001<br \/>2002<br \/>2003<br \/>2004<br \/>2005<br \/>2006<\/td>\n<td style=\"text-align: center; width: 17.0238%; border-style: solid; border-color: #000000; vertical-align: top;\">180<br \/>132<br \/>200<br \/>196<br \/>240<br \/>224<br \/>212<br \/>208<br \/>288<br \/>204<\/td>\n<td style=\"text-align: center; width: 15.7143%; border-style: solid; border-color: #000000; vertical-align: top;\">2007<br \/>2008<br \/>2009<br \/>2010<br \/>2011<br \/>2012<br \/>2013<br \/>2014<br \/>2015<br \/>2016<\/td>\n<td style=\"text-align: center; width: 17.0238%; border-style: solid; border-color: #000000; vertical-align: top;\">184 <br \/>196 <br \/>172 <br \/>184 <br \/>216 <br \/>204<br \/>224<br \/>244<br \/>208<br \/>220<\/td>\n<td style=\"text-align: center; width: 15.7143%; vertical-align: top; border-style: solid; border-color: #000000;\">2017<br \/>2018<br \/>2019<br \/>2020<br \/>2021<br \/>2022<br \/>2023<br \/>2024<br \/>2025<\/td>\n<td style=\"text-align: center; width: 17.0238%; vertical-align: top; border-style: solid; border-color: #000000;\">216 <br \/>192 <br \/>176 <br \/>208<br \/>196<br \/>252<br \/>216<br \/>220<br \/>196<\/td>\n<\/tr>\n<\/tbody>\n<\/table>\n<h2>Sis\u00e4lt\u00f6\u00e4:<\/h2>\n<p><strong><a id=\"TN-2026-1\"><\/a>N:o 1\/2026 <\/strong>3.3.2026, 52 sivua<\/p>\n<ul>\n<li>Perinteet kunniaan<\/li>\n<li>ST:n vuosikokous 14.2.2026<\/li>\n<li>Toimintakertomus 2025<\/li>\n<li>Teht\u00e4v\u00e4illat 2026<\/li>\n<li>Tuloslaskelma ja tase 2025<\/li>\n<li>Ratkaisemisen SM-kilpailu 2026<\/li>\n<li>Merkkip\u00e4ivi\u00e4 vuonna 2026<\/li>\n<li>Kansainv\u00e4linen ratkaisukilpailu<\/li>\n<li>Paha p\u00e4hkin\u00e4 107<\/li>\n<li>Tuomio \/ Award Antti Parkkinen 60 JT<\/li>\n<li>Vuoden 2025 suomalainen shakkiteht\u00e4v\u00e4<\/li>\n<li>Tuomio \/ Award TN monisiirtoiset \/ moremovers 2024\u201325<\/li>\n<li>Tuomio \/ Award TN 2-siirtoiset apumatit \/ helpmates in 2 2023\u201324<\/li>\n<li>Tuomio \/ Award TN 2\u00bd\u20133-siirtoiset apumatit \/ helpmates in 2\u00bd\u20133 2023\u201324<\/li>\n<li>Tuomio \/ Award TN itsematit \/ selfmates 2016\u201317<\/li>\n<li>Kev\u00e4tp\u00e4iv\u00e4t 2026<\/li>\n<li>Ensipainokset<\/li>\n<li>Harry Fougiaxis 60 -juhlakilpailu<\/li>\n<li>Laadintakilpailuja<\/li>\n<li><a href=\"https:\/\/www.tehtavaniekat.fi\/index.php\/summary-of-tehtavaniekka-1-2026\/\">Summary<\/a><\/li>\n<\/ul>\n<p>P\u00e4\u00e4toimittaja <strong><a href=\"mailto:info@tehtavaniekat.fi\">Jorma Paavilainen<\/a><\/strong>, Ristiniementie 20 B 12, 02320 Espoo<\/p>\n<p>Tilaukset p\u00e4\u00e4toimittajalle, hinta vuodelle 2026 on 30 euroa, ulkomaille 33 euroa.<\/p>\n<h2><em>Teht\u00e4v\u00e4niekka<\/em> subscriptions abroad:<\/h2>\n<p><br \/>(New name from the beginning of 2011. Old name was <em>Suomen Teht\u00e4v\u00e4niekat<\/em>.)<\/p>\n<p>You may pay for your subscription in various ways, for example:<\/p>\n<ul style=\"list-style-type: circle;\">\n<li>International Money order or Postal order.<\/li>\n<li>International or Personal Cheque. Please, add 10 EUR for bank fees!<\/li>\n<li>To our bank account:<br \/>IBAN FI3414433000041886, BIC NDEAFIHH<\/li>\n<li>Cash (EUR, USD, GBP, CHF, \u2026) in a registered and\/or insured letter.<\/li>\n<\/ul>\n<p>In addition to the alternatives mentioned, you may pay to Finnish participants during WFCC meetings, arrange exchange for problem chess magazines etc.<\/p>\n<p>The subscription fees are mentioned on the 2nd page of every issue. For 2026, the subscription fee abroad is 33 EUR.<\/p>\n<p>See <a href=\"https:\/\/www.tehtavaniekat.fi\/index.php\/vanhat-lehdet\/\"><strong>old issues<\/strong><\/a> as pdf.<\/p>\n<p>For details, please contact either the editor in chief <a href=\"mailto:info@tehtavaniekat.fi\">Jorma Paavilainen<\/a> or ST Treasurer: Hannu Harkola, V\u00e4h\u00e4n-Kellosalmentie 93, 17500 Padasjoki.<\/p>\n<p><a href=\"https:\/\/www.tehtavaniekat.fi\/index.php\/tehtavaniekka\/\">More information<\/a> | <a href=\"https:\/\/www.tehtavaniekat.fi\/index.php\/tehtavaniekka-lehden-korjauksia\/\">Korjauksia \/ Corrections<\/a><\/p>\n\n\n\n<p><\/p>\n","protected":false},"excerpt":{"rendered":"<p>Suomen teht\u00e4v\u00e4niekat ry:n j\u00e4senlehti (ISSN 2242-3257) Entinen nimi vuoden 2010 loppuun asti oli \u201dSuomen Teht\u00e4v\u00e4niekat\u201d 4 numeroa vuodessa Vanhoja lehti\u00e4 vuosilta 1985-2024 on ladattavissa pdf-muodossa. Sivum\u00e4\u00e4r\u00e4 eri vuosina: Vuosi Sivuja Vuosi Sivuja Vuosi Sivuja 1997199819992000200120022003200420052006 180132200196240224212208288204 2007200820092010201120122013201420152016 184 196 172 184 216 204224244208220 201720182019202020212022202320242025 216 192 176 208196252216220196 Sis\u00e4lt\u00f6\u00e4: N:o&#8230; <a class=\"continue-reading-link\" href=\"https:\/\/www.tehtavaniekat.fi\/index.php\/lehti\/\">Jatka lukemista<\/a><\/p>\n","protected":false},"author":1,"featured_media":0,"parent":0,"menu_order":0,"comment_status":"closed","ping_status":"closed","template":"","meta":{"footnotes":""},"class_list":["post-1407","page","type-page","status-publish","hentry"],"_links":{"self":[{"href":"https:\/\/www.tehtavaniekat.fi\/index.php\/wp-json\/wp\/v2\/pages\/1407","targetHints":{"allow":["GET"]}}],"collection":[{"href":"https:\/\/www.tehtavaniekat.fi\/index.php\/wp-json\/wp\/v2\/pages"}],"about":[{"href":"https:\/\/www.tehtavaniekat.fi\/index.php\/wp-json\/wp\/v2\/types\/page"}],"author":[{"embeddable":true,"href":"https:\/\/www.tehtavaniekat.fi\/index.php\/wp-json\/wp\/v2\/users\/1"}],"replies":[{"embeddable":true,"href":"https:\/\/www.tehtavaniekat.fi\/index.php\/wp-json\/wp\/v2\/comments?post=1407"}],"version-history":[{"count":45,"href":"https:\/\/www.tehtavaniekat.fi\/index.php\/wp-json\/wp\/v2\/pages\/1407\/revisions"}],"predecessor-version":[{"id":4151,"href":"https:\/\/www.tehtavaniekat.fi\/index.php\/wp-json\/wp\/v2\/pages\/1407\/revisions\/4151"}],"wp:attachment":[{"href":"https:\/\/www.tehtavaniekat.fi\/index.php\/wp-json\/wp\/v2\/media?parent=1407"}],"curies":[{"name":"wp","href":"https:\/\/api.w.org\/{rel}","templated":true}]}}