{"id":1312,"date":"2022-01-27T23:54:54","date_gmt":"2022-01-27T20:54:54","guid":{"rendered":"https:\/\/www.tehtavaniekat.fi\/?page_id=1312"},"modified":"2022-01-27T23:54:54","modified_gmt":"2022-01-27T20:54:54","slug":"pika22","status":"publish","type":"page","link":"https:\/\/www.tehtavaniekat.fi\/index.php\/pika22\/","title":{"rendered":"pika22"},"content":{"rendered":"\n<h2 class=\"wp-block-heading\">RATKAISEMISEN 43. SUOMEN MESTARUUSKILPAILU<\/h2>\n\n\n\n<p><br>Shakkiteht\u00e4vien ratkaisemisen SM-kilpailu 2022 j\u00e4rjestet\u00e4\u00e4n lauantaina 26.2.2022 Helsingin Shakkiareenalla (Hiomotie 10). Kilpailu alkaa kello 13 ja kest\u00e4\u00e4 kolme tuntia. Ilmoittautuminen klo 12.30-13.00. Kilpailun johtaja ja teht\u00e4vien valitsija on Neal Turner.<\/p>\n\n\n\n<p>Kilpailussa on 12 teht\u00e4v\u00e4\u00e4 (kuten WFCC:n kongressin avoimessa kilpailussa).<\/p>\n\n\n\n<p>Kilpailu on yhten\u00e4 osana kansainv\u00e4list\u00e4 World Solving Cup 2021\/2022 -sarjaa (<a href=\"https:\/\/www.tehtavaniekat.fi\/wp-content\/uploads\/sm22fin.pdf\">kutsu pdf-muodossa<\/a>).<\/p>\n\n\n\n<p>Tulokset julistetaan klo 18. Mitalit jaa kirjapalkintoja parhaille ratkaisijoille.<\/p>\n\n\n\n<p>Kilpailussa on my\u00f6s B-ryhm\u00e4 aloittelijoille. Ryhm\u00e4ss\u00e4 on ratkaistavana yhdeks\u00e4n teht\u00e4v\u00e4\u00e4 (matti- ja lopputeht\u00e4vi\u00e4). <\/p>\n\n\n\n<p>Osallistumismaksua ei ole. Lis\u00e4tietoa s\u00e4hk\u00f6postiosoitteesta nealturnerfinland<img decoding=\"async\" src=\"http:\/\/www.saunalahti.fi\/~stniekat\/st\/at.gif\" width=\"14\" height=\"16\">hotmail.com.<\/p>\n\n\n\n<p>Kilpailun j\u00e4lkeen alkaa ST:n vuosikokous. V\u00e4liajalla kahvitarjoilu.<\/p>\n","protected":false},"excerpt":{"rendered":"<p>RATKAISEMISEN 43. SUOMEN MESTARUUSKILPAILU Shakkiteht\u00e4vien ratkaisemisen SM-kilpailu 2022 j\u00e4rjestet\u00e4\u00e4n lauantaina 26.2.2022 Helsingin Shakkiareenalla (Hiomotie 10). Kilpailu alkaa kello 13 ja kest\u00e4\u00e4 kolme tuntia. Ilmoittautuminen klo 12.30-13.00. Kilpailun johtaja ja teht\u00e4vien valitsija on Neal Turner. Kilpailussa on 12 teht\u00e4v\u00e4\u00e4 (kuten WFCC:n kongressin avoimessa kilpailussa). Kilpailu on yhten\u00e4 osana kansainv\u00e4list\u00e4 World Solving&#8230; <a class=\"continue-reading-link\" href=\"https:\/\/www.tehtavaniekat.fi\/index.php\/pika22\/\">Jatka lukemista<\/a><\/p>\n","protected":false},"author":1,"featured_media":0,"parent":0,"menu_order":0,"comment_status":"closed","ping_status":"closed","template":"","meta":{"footnotes":""},"class_list":["post-1312","page","type-page","status-publish","hentry"],"_links":{"self":[{"href":"https:\/\/www.tehtavaniekat.fi\/index.php\/wp-json\/wp\/v2\/pages\/1312","targetHints":{"allow":["GET"]}}],"collection":[{"href":"https:\/\/www.tehtavaniekat.fi\/index.php\/wp-json\/wp\/v2\/pages"}],"about":[{"href":"https:\/\/www.tehtavaniekat.fi\/index.php\/wp-json\/wp\/v2\/types\/page"}],"author":[{"embeddable":true,"href":"https:\/\/www.tehtavaniekat.fi\/index.php\/wp-json\/wp\/v2\/users\/1"}],"replies":[{"embeddable":true,"href":"https:\/\/www.tehtavaniekat.fi\/index.php\/wp-json\/wp\/v2\/comments?post=1312"}],"version-history":[{"count":2,"href":"https:\/\/www.tehtavaniekat.fi\/index.php\/wp-json\/wp\/v2\/pages\/1312\/revisions"}],"predecessor-version":[{"id":1315,"href":"https:\/\/www.tehtavaniekat.fi\/index.php\/wp-json\/wp\/v2\/pages\/1312\/revisions\/1315"}],"wp:attachment":[{"href":"https:\/\/www.tehtavaniekat.fi\/index.php\/wp-json\/wp\/v2\/media?parent=1312"}],"curies":[{"name":"wp","href":"https:\/\/api.w.org\/{rel}","templated":true}]}}