{"id":1279,"date":"2022-01-17T19:24:42","date_gmt":"2022-01-17T16:24:42","guid":{"rendered":"https:\/\/www.tehtavaniekat.fi\/?page_id=1279"},"modified":"2022-01-17T21:20:20","modified_gmt":"2022-01-17T18:20:20","slug":"ratk44","status":"publish","type":"page","link":"https:\/\/www.tehtavaniekat.fi\/index.php\/ratk44\/","title":{"rendered":"Ratkaisu 44"},"content":{"rendered":"\n<h1 class=\"wp-block-heading\">Terho Marlo 60<\/h1>\n\n\n<p>Ratkaisemisen FIDE-mestari Terho Marlo t\u00e4ytti 60 vuotta 18.1.2022.<\/p>\n<p>Kilpailun teema oli excelsior. Tuomari Carl-Erik Sp\u00e5ren lausunto: Todenn\u00e4k\u00f6isesti helpoin koskaan ratkaisemani 12 siirron apumatti! Mutta idea on kiehtova ja hymy tulee huulille. Vasta ratkaisun puoliv\u00e4liss\u00e4 paljastuu koko juju, kun yht\u00e4kki\u00e4 musta ja valkea vaihtavat roolia marssijana ja tempoilijana. Mieliinpainuvin koko joukosta.<\/p>\n\n\n\n\n<script type=\"text\/javascript\" src=\"\/py2web\/jquery-1.11.1.js\"><\/script>\n<script type=\"text\/javascript\" src=\"\/py2web\/py2web.js\"><\/script>\n<link href=\"\/py2web\/py2web.css\" rel=\"stylesheet\" type=\"text\/css\">\n\n<div style=\"overflow-x:auto;\">\n\n<table cellspacing=\"3\" cellpadding=\"0\" border=\"0\">\n<tbody>\n<tr>\n<td valign=\"top\" align=\"center\"> <b>Terho Marlo<\/b><br>\n2. kunniamaininta ST:n kes\u00e4kilpailu 2005\n<div class=\"p2w-diagram\" id=\"esim\" glyphs=\"{&quot;d&quot;:&quot;q&quot;,&quot;t&quot;:&quot;r&quot;,&quot;l&quot;:&quot;b&quot;,&quot;r&quot;:&quot;s&quot;}\">\nWhite   Kh1 Pa2 Ph2\nBlack   Ke1 Tc1 La1 Ld1 Rb1 Pa3 Pc2 Pc3 Pd2 Pe2 Pf7 Ph3\n<\/div>\n12 siirron apumatti (a#12)<\/td>\n<td valign=\"top\">\n<div class=\"p2w-solution\" style=\"white-space: pre;\" target=\"esim\">\n 1.f7-f5 Kh1-g1 2.f5-f4 Kg1-h1 3.f4-f3 Kh1-g1 <br> 4.f3-f2+ Kg1-h1 5.f2-f1=R Kh1-g1 6.Rf1-g3 h2*g3 <br> 7.La1-b2 g3-g4 8.Lb2-a1 g4-g5 9.La1-b2 g5-g6 <br> 10.Lb2-a1 g6-g7 11.La1-b2 g7-g8=D 12.Lb2-a1 Dg8-g3#\n<\/div>\n<\/td>\n<\/tr>\n<\/tbody>\n<\/table>\n<\/div>\n\n\n\n\n<p><\/p>\n","protected":false},"excerpt":{"rendered":"<p>Terho Marlo 60 Ratkaisemisen FIDE-mestari Terho Marlo t\u00e4ytti 60 vuotta 18.1.2022. Kilpailun teema oli excelsior. Tuomari Carl-Erik Sp\u00e5ren lausunto: Todenn\u00e4k\u00f6isesti helpoin koskaan ratkaisemani 12 siirron apumatti! Mutta idea on kiehtova ja hymy tulee huulille. Vasta ratkaisun puoliv\u00e4liss\u00e4 paljastuu koko juju, kun yht\u00e4kki\u00e4 musta ja valkea vaihtavat roolia marssijana ja tempoilijana&#8230;. <a class=\"continue-reading-link\" href=\"https:\/\/www.tehtavaniekat.fi\/index.php\/ratk44\/\">Jatka lukemista<\/a><\/p>\n","protected":false},"author":1,"featured_media":0,"parent":0,"menu_order":0,"comment_status":"closed","ping_status":"closed","template":"","meta":{"footnotes":""},"class_list":["post-1279","page","type-page","status-publish","hentry"],"_links":{"self":[{"href":"https:\/\/www.tehtavaniekat.fi\/index.php\/wp-json\/wp\/v2\/pages\/1279","targetHints":{"allow":["GET"]}}],"collection":[{"href":"https:\/\/www.tehtavaniekat.fi\/index.php\/wp-json\/wp\/v2\/pages"}],"about":[{"href":"https:\/\/www.tehtavaniekat.fi\/index.php\/wp-json\/wp\/v2\/types\/page"}],"author":[{"embeddable":true,"href":"https:\/\/www.tehtavaniekat.fi\/index.php\/wp-json\/wp\/v2\/users\/1"}],"replies":[{"embeddable":true,"href":"https:\/\/www.tehtavaniekat.fi\/index.php\/wp-json\/wp\/v2\/comments?post=1279"}],"version-history":[{"count":10,"href":"https:\/\/www.tehtavaniekat.fi\/index.php\/wp-json\/wp\/v2\/pages\/1279\/revisions"}],"predecessor-version":[{"id":1298,"href":"https:\/\/www.tehtavaniekat.fi\/index.php\/wp-json\/wp\/v2\/pages\/1279\/revisions\/1298"}],"wp:attachment":[{"href":"https:\/\/www.tehtavaniekat.fi\/index.php\/wp-json\/wp\/v2\/media?parent=1279"}],"curies":[{"name":"wp","href":"https:\/\/api.w.org\/{rel}","templated":true}]}}