{"id":1166,"date":"2021-12-05T16:27:25","date_gmt":"2021-12-05T13:27:25","guid":{"rendered":"https:\/\/www.tehtavaniekat.fi\/?page_id=1166"},"modified":"2021-12-08T14:01:01","modified_gmt":"2021-12-08T11:01:01","slug":"ratkaisemisen-sm-2021","status":"publish","type":"page","link":"https:\/\/www.tehtavaniekat.fi\/index.php\/ratkaisemisen-sm-2021\/","title":{"rendered":"Ratkaisemisen SM 2021"},"content":{"rendered":"\n<h1 class=\"wp-block-heading\">SHAKKITEHT\u00c4VIEN RATKAISEMISEN 42. SUOMEN MESTARUUSKILPAILU<\/h1>\n\n\n\n<p>Kilpailu k\u00e4ytiin 28.11.21 Shakkiareenalla Helsingiss\u00e4.<br>Teht\u00e4v\u00e4t oli taitavasti valinnut ja tuomarina toimi<strong> Neal Turner<\/strong>.<br>Kilpailussa oli 12 teht\u00e4v\u00e4\u00e4 ja ratkaisuaika kolme tuntia. Ratkaisijoita osallistui 12. Ulkomaalaisia ratkaisijoita ei t\u00e4n\u00e4 vuonna ollut mukana.<\/p>\n\n\n\n<p>Suomen mestaruuden voitti ratkaisemisen suurmestari <strong>Jorma Paavilainen<\/strong>. Toiseksi sijoittui <strong>Kari Karhunen<\/strong> ja kolmanneksi <strong>Terho Marlo<\/strong>.<br>(<a rel=\"noreferrer noopener\" href=\"https:\/\/www.tehtavaniekat.fi\/index.php\/pikaratkaisemisen-sm-mitalistit\/\" target=\"_blank\">Kaikki mitalistit<\/a>)<\/p>\n\n\n\n<figure class=\"wp-block-table is-style-stripes\">\n<table style=\"width: 57.619%; height: 504px;\">\n<tbody>\n<tr>\n<td><strong>Sija<\/strong><\/td>\n<td><strong>Nimi<\/strong><\/td>\n<td><strong>Yht.<\/strong><\/td>\n<td><strong>Aika<\/strong><\/td>\n<\/tr>\n<tr>\n<td>I<\/td>\n<td>Jorma Paavilainen<\/td>\n<td>50<\/td>\n<td>180<\/td>\n<\/tr>\n<tr>\n<td>II<\/td>\n<td>Kari Karhunen<\/td>\n<td>47<\/td>\n<td>180<\/td>\n<\/tr>\n<tr>\n<td>III<\/td>\n<td>Terho Marlo<\/td>\n<td>41<\/td>\n<td>176<\/td>\n<\/tr>\n<tr>\n<td>4<\/td>\n<td>Henry Tanner<\/td>\n<td>35<\/td>\n<td>180<\/td>\n<\/tr>\n<tr>\n<td>5<\/td>\n<td>Hannu Harkola<\/td>\n<td>21<\/td>\n<td>180<\/td>\n<\/tr>\n<tr>\n<td>6<\/td>\n<td>Antti Parkkinen<\/td>\n<td>20<\/td>\n<td>180<\/td>\n<\/tr>\n<tr>\n<td>7<\/td>\n<td>Juha Saukkola<\/td>\n<td>14<\/td>\n<td>177<\/td>\n<\/tr>\n<tr>\n<td>8<\/td>\n<td>Ari M\u00f6tt\u00f6nen<\/td>\n<td>14<\/td>\n<td>180<\/td>\n<\/tr>\n<tr>\n<td>9<\/td>\n<td>Ismo Vihtola<\/td>\n<td>13<\/td>\n<td>180<\/td>\n<\/tr>\n<tr>\n<td>10<\/td>\n<td>Petteri Paronen<\/td>\n<td>11<\/td>\n<td>168<\/td>\n<\/tr>\n<tr>\n<td>11<\/td>\n<td>Matti Rasilainen<\/td>\n<td>7<\/td>\n<td>180<\/td>\n<\/tr>\n<tr>\n<td>12<\/td>\n<td>Taneli Lehtil\u00e4<\/td>\n<td>4<\/td>\n<td>180<\/td>\n<\/tr>\n<\/tbody>\n<\/table>\n<\/figure>\n\n\n\n<p><a rel=\"noreferrer noopener\" href=\"https:\/\/www.tehtavaniekat.fi\/wp-content\/uploads\/rsm21.pdf\" target=\"_blank\"><strong>T\u00e4ydelliset tulokset<\/strong><\/a> (pdf)<\/p>\n\n\n\n<p><a href=\"\/vanhat\/pika21t.htm\">Teht\u00e4v\u00e4t<\/a> | <a href=\"\/vanhat\/pika21r.htm\">ratkaisut<\/a><\/p>\n","protected":false},"excerpt":{"rendered":"<p>SHAKKITEHT\u00c4VIEN RATKAISEMISEN 42. SUOMEN MESTARUUSKILPAILU Kilpailu k\u00e4ytiin 28.11.21 Shakkiareenalla Helsingiss\u00e4.Teht\u00e4v\u00e4t oli taitavasti valinnut ja tuomarina toimi Neal Turner.Kilpailussa oli 12 teht\u00e4v\u00e4\u00e4 ja ratkaisuaika kolme tuntia. Ratkaisijoita osallistui 12. Ulkomaalaisia ratkaisijoita ei t\u00e4n\u00e4 vuonna ollut mukana. Suomen mestaruuden voitti ratkaisemisen suurmestari Jorma Paavilainen. Toiseksi sijoittui Kari Karhunen ja kolmanneksi Terho Marlo.(Kaikki&#8230; <a class=\"continue-reading-link\" href=\"https:\/\/www.tehtavaniekat.fi\/index.php\/ratkaisemisen-sm-2021\/\">Jatka lukemista<\/a><\/p>\n","protected":false},"author":1,"featured_media":0,"parent":0,"menu_order":0,"comment_status":"closed","ping_status":"closed","template":"","meta":{"footnotes":""},"class_list":["post-1166","page","type-page","status-publish","hentry"],"_links":{"self":[{"href":"https:\/\/www.tehtavaniekat.fi\/index.php\/wp-json\/wp\/v2\/pages\/1166","targetHints":{"allow":["GET"]}}],"collection":[{"href":"https:\/\/www.tehtavaniekat.fi\/index.php\/wp-json\/wp\/v2\/pages"}],"about":[{"href":"https:\/\/www.tehtavaniekat.fi\/index.php\/wp-json\/wp\/v2\/types\/page"}],"author":[{"embeddable":true,"href":"https:\/\/www.tehtavaniekat.fi\/index.php\/wp-json\/wp\/v2\/users\/1"}],"replies":[{"embeddable":true,"href":"https:\/\/www.tehtavaniekat.fi\/index.php\/wp-json\/wp\/v2\/comments?post=1166"}],"version-history":[{"count":5,"href":"https:\/\/www.tehtavaniekat.fi\/index.php\/wp-json\/wp\/v2\/pages\/1166\/revisions"}],"predecessor-version":[{"id":1307,"href":"https:\/\/www.tehtavaniekat.fi\/index.php\/wp-json\/wp\/v2\/pages\/1166\/revisions\/1307"}],"wp:attachment":[{"href":"https:\/\/www.tehtavaniekat.fi\/index.php\/wp-json\/wp\/v2\/media?parent=1166"}],"curies":[{"name":"wp","href":"https:\/\/api.w.org\/{rel}","templated":true}]}}