{"id":1156,"date":"2021-11-25T18:06:11","date_gmt":"2021-11-25T15:06:11","guid":{"rendered":"https:\/\/www.tehtavaniekat.fi\/?page_id=1156"},"modified":"2022-12-15T23:44:29","modified_gmt":"2022-12-15T20:44:29","slug":"vk11","status":"publish","type":"page","link":"https:\/\/www.tehtavaniekat.fi\/index.php\/vk11\/","title":{"rendered":"Vuosikokous 2011"},"content":{"rendered":"\n<h2 class=\"wp-block-heading\">SUOMEN TEHT\u00c4V\u00c4NIEKKAIN VUOSIKOKOUS 2011<\/h2>\n\n\n\n<figure class=\"wp-block-table is-style-regular\">\n<table>\n<tbody>\n<tr>\n<td class=\"has-text-align-center\" style=\"text-align: left;\" data-align=\"center\">pidettiin lauantaina 19.2. klo 17.00 Shakkikodissa Helsingiss\u00e4. T\u00e4rkeimpi\u00e4 p\u00e4\u00e4t\u00f6ksi\u00e4: Vahvistettiin vuoden 2010 tilinp\u00e4\u00e4t\u00f6s, joka osoitti alij\u00e4\u00e4m\u00e4\u00e4 41,98 euroa. Johtokunnalle my\u00f6nnettiin vastuuvapaus vuodelta 2010 Johtokuntaan vuodeksi 2011 valittiin edelleen: puheenjohtaja Jorma Paavilainen varapuheenjohtaja Harri Hurme sihteeri Kari Karhunen taloudenhoitaja Kauko Virtanen kirjastonhoitaja Neal Turner varaj\u00e4senet Terho Marlo ja Janne Syv\u00e4niemi Toiminnantarkastajiksi valittiin Leo Lahdenm\u00e4ki ja Raimo Sailas, varalle Teemu Miettinen Muut valinnat: matrikkelinhoitajat Henry Tanner ja Marko Ylijoki, teht\u00e4v\u00e4shakillinen toimikunta Hannu Harkola, Unto Heinonen, Pauli Perkonoja, Kari Valtonen, edustaja Suomen Keskusshakkiliitossa Jorma Paavilainen, RELO-toimikunta: Harri Hurme, Timo Kallio, Hannu Harkola J\u00e4senmaksu p\u00e4\u00e4tettiin pit\u00e4\u00e4 ennallaan 25 eurona. Hyv\u00e4ksyttiin johtokunnan valmistelema toimintasuunnitelma ja talousarvio vuodelle 2011.<br \/><a href=\"https:\/\/www.tehtavaniekat.fi\/index.php\/kunniakiertopalkinto\/\">Kunniakiertopalkinto<\/a> annettiin vuodeksi Per Olinille ja Leo Valven kiertopalkinto Janne Syv\u00e4niemelle.<\/td>\n<\/tr>\n<tr>\n<td class=\"has-text-align-center\" data-align=\"center\"><img fetchpriority=\"high\" decoding=\"async\" src=\"https:\/\/www.tehtavaniekat.fi\/wp-content\/uploads\/kari_ja_jorma1-300x191.jpg\" alt=\"\" width=\"402\" height=\"256\" \/> <img decoding=\"async\" src=\"https:\/\/www.tehtavaniekat.fi\/wp-content\/uploads\/janne1-246x300.jpg\" alt=\"\" width=\"246\" height=\"300\" \/><br \/>Kokouksen sihteerin\u00e4 toimi Kari Karhunen ja puheenjohtajana Jorma Paavilainen. <br \/>Oikealla Janne Syv\u00e4niemi ja Leo Valven kiertopalkinto<\/td>\n<\/tr>\n<\/tbody>\n<\/table>\n<\/figure>\n","protected":false},"excerpt":{"rendered":"<p>SUOMEN TEHT\u00c4V\u00c4NIEKKAIN VUOSIKOKOUS 2011 pidettiin lauantaina 19.2. klo 17.00 Shakkikodissa Helsingiss\u00e4. T\u00e4rkeimpi\u00e4 p\u00e4\u00e4t\u00f6ksi\u00e4: Vahvistettiin vuoden 2010 tilinp\u00e4\u00e4t\u00f6s, joka osoitti alij\u00e4\u00e4m\u00e4\u00e4 41,98 euroa. Johtokunnalle my\u00f6nnettiin vastuuvapaus vuodelta 2010 Johtokuntaan vuodeksi 2011 valittiin edelleen: puheenjohtaja Jorma Paavilainen varapuheenjohtaja Harri Hurme sihteeri Kari Karhunen taloudenhoitaja Kauko Virtanen kirjastonhoitaja Neal Turner varaj\u00e4senet Terho Marlo&#8230; <a class=\"continue-reading-link\" href=\"https:\/\/www.tehtavaniekat.fi\/index.php\/vk11\/\">Jatka lukemista<\/a><\/p>\n","protected":false},"author":1,"featured_media":0,"parent":0,"menu_order":0,"comment_status":"closed","ping_status":"closed","template":"","meta":{"footnotes":""},"class_list":["post-1156","page","type-page","status-publish","hentry"],"_links":{"self":[{"href":"https:\/\/www.tehtavaniekat.fi\/index.php\/wp-json\/wp\/v2\/pages\/1156","targetHints":{"allow":["GET"]}}],"collection":[{"href":"https:\/\/www.tehtavaniekat.fi\/index.php\/wp-json\/wp\/v2\/pages"}],"about":[{"href":"https:\/\/www.tehtavaniekat.fi\/index.php\/wp-json\/wp\/v2\/types\/page"}],"author":[{"embeddable":true,"href":"https:\/\/www.tehtavaniekat.fi\/index.php\/wp-json\/wp\/v2\/users\/1"}],"replies":[{"embeddable":true,"href":"https:\/\/www.tehtavaniekat.fi\/index.php\/wp-json\/wp\/v2\/comments?post=1156"}],"version-history":[{"count":2,"href":"https:\/\/www.tehtavaniekat.fi\/index.php\/wp-json\/wp\/v2\/pages\/1156\/revisions"}],"predecessor-version":[{"id":2103,"href":"https:\/\/www.tehtavaniekat.fi\/index.php\/wp-json\/wp\/v2\/pages\/1156\/revisions\/2103"}],"wp:attachment":[{"href":"https:\/\/www.tehtavaniekat.fi\/index.php\/wp-json\/wp\/v2\/media?parent=1156"}],"curies":[{"name":"wp","href":"https:\/\/api.w.org\/{rel}","templated":true}]}}