{"id":1153,"date":"2021-11-25T18:00:16","date_gmt":"2021-11-25T15:00:16","guid":{"rendered":"https:\/\/www.tehtavaniekat.fi\/?page_id=1153"},"modified":"2022-12-15T23:47:34","modified_gmt":"2022-12-15T20:47:34","slug":"vk12","status":"publish","type":"page","link":"https:\/\/www.tehtavaniekat.fi\/index.php\/vk12\/","title":{"rendered":"Vuosikokous 2012"},"content":{"rendered":"\n<h2 class=\"wp-block-heading\">SUOMEN TEHT\u00c4V\u00c4NIEKKAIN VUOSIKOKOUS 2012<\/h2>\n\n\n\n<figure class=\"wp-block-table is-style-regular\">\n<table>\n<tbody>\n<tr>\n<td>pidettiin lauantaina 25.2. klo 17.00 Shakkiareenalla Helsingiss\u00e4. T\u00e4rkeimpi\u00e4 p\u00e4\u00e4t\u00f6ksi\u00e4: Vahvistettiin vuoden 2011 tilinp\u00e4\u00e4t\u00f6s, joka osoitti ylij\u00e4\u00e4m\u00e4\u00e4 833,58 euroa. Johtokunnalle my\u00f6nnettiin vastuuvapaus vuodelta 2011 Johtokuntaan vuodeksi 2012 valittiin edelleen: puheenjohtaja Jorma Paavilainen varapuheenjohtaja Harri Hurme sihteeri Kari Karhunen taloudenhoitaja Kauko Virtanen kirjastonhoitaja Neal Turner varaj\u00e4senet Terho Marlo ja Janne Syv\u00e4niemi Toiminnantarkastajiksi valittiin Leo Lahdenm\u00e4ki ja Raimo Sailas, varalle Teemu Miettinen Muut valinnat: matrikkelinhoitajat Henry Tanner ja Kari Valtonen, teht\u00e4v\u00e4shakillinen toimikunta Hannu Harkola, Unto Heinonen, Pauli Perkonoja, Kari Valtonen, edustaja Suomen Keskusshakkiliitossa Jorma Paavilainen, RELO-toimikunta: Harri Hurme, Timo Kallio, J\u00e4senmaksu p\u00e4\u00e4tettiin pit\u00e4\u00e4 ennallaan 25 eurona. Hyv\u00e4ksyttiin johtokunnan valmistelema toimintasuunnitelma ja talousarvio vuodelle 2012.<br \/><a href=\"https:\/\/www.tehtavaniekat.fi\/index.php\/kunniakiertopalkinto\/\" target=\"_blank\" rel=\"noreferrer noopener\">Kunniakiertopalkinto<\/a> annettiin vuodeksi Terho Marlolle ja Leo Valven kiertopalkinto Kenneth Soljalle.<\/td>\n<\/tr>\n<tr>\n<td style=\"text-align: center;\"><img fetchpriority=\"high\" decoding=\"async\" src=\"https:\/\/www.tehtavaniekat.fi\/wp-content\/uploads\/vuosik121-300x200.jpg\" alt=\"\" width=\"595\" height=\"396\" \/>\u00a0<br \/>Vuosikokous pidettiin ensimm\u00e4ist\u00e4 kertaa Shakkiareenalla<\/td>\n<\/tr>\n<\/tbody>\n<\/table>\n<\/figure>\n","protected":false},"excerpt":{"rendered":"<p>SUOMEN TEHT\u00c4V\u00c4NIEKKAIN VUOSIKOKOUS 2012 pidettiin lauantaina 25.2. klo 17.00 Shakkiareenalla Helsingiss\u00e4. T\u00e4rkeimpi\u00e4 p\u00e4\u00e4t\u00f6ksi\u00e4: Vahvistettiin vuoden 2011 tilinp\u00e4\u00e4t\u00f6s, joka osoitti ylij\u00e4\u00e4m\u00e4\u00e4 833,58 euroa. Johtokunnalle my\u00f6nnettiin vastuuvapaus vuodelta 2011 Johtokuntaan vuodeksi 2012 valittiin edelleen: puheenjohtaja Jorma Paavilainen varapuheenjohtaja Harri Hurme sihteeri Kari Karhunen taloudenhoitaja Kauko Virtanen kirjastonhoitaja Neal Turner varaj\u00e4senet Terho Marlo&#8230; <a class=\"continue-reading-link\" href=\"https:\/\/www.tehtavaniekat.fi\/index.php\/vk12\/\">Jatka lukemista<\/a><\/p>\n","protected":false},"author":1,"featured_media":0,"parent":0,"menu_order":0,"comment_status":"closed","ping_status":"closed","template":"","meta":{"footnotes":""},"class_list":["post-1153","page","type-page","status-publish","hentry"],"_links":{"self":[{"href":"https:\/\/www.tehtavaniekat.fi\/index.php\/wp-json\/wp\/v2\/pages\/1153","targetHints":{"allow":["GET"]}}],"collection":[{"href":"https:\/\/www.tehtavaniekat.fi\/index.php\/wp-json\/wp\/v2\/pages"}],"about":[{"href":"https:\/\/www.tehtavaniekat.fi\/index.php\/wp-json\/wp\/v2\/types\/page"}],"author":[{"embeddable":true,"href":"https:\/\/www.tehtavaniekat.fi\/index.php\/wp-json\/wp\/v2\/users\/1"}],"replies":[{"embeddable":true,"href":"https:\/\/www.tehtavaniekat.fi\/index.php\/wp-json\/wp\/v2\/comments?post=1153"}],"version-history":[{"count":2,"href":"https:\/\/www.tehtavaniekat.fi\/index.php\/wp-json\/wp\/v2\/pages\/1153\/revisions"}],"predecessor-version":[{"id":2106,"href":"https:\/\/www.tehtavaniekat.fi\/index.php\/wp-json\/wp\/v2\/pages\/1153\/revisions\/2106"}],"wp:attachment":[{"href":"https:\/\/www.tehtavaniekat.fi\/index.php\/wp-json\/wp\/v2\/media?parent=1153"}],"curies":[{"name":"wp","href":"https:\/\/api.w.org\/{rel}","templated":true}]}}