{"id":1138,"date":"2021-11-25T17:13:21","date_gmt":"2021-11-25T14:13:21","guid":{"rendered":"https:\/\/www.tehtavaniekat.fi\/?page_id=1138"},"modified":"2021-11-25T17:14:50","modified_gmt":"2021-11-25T14:14:50","slug":"vk16","status":"publish","type":"page","link":"https:\/\/www.tehtavaniekat.fi\/index.php\/vk16\/","title":{"rendered":"Vuosikokous 2016"},"content":{"rendered":"\n<h2 class=\"wp-block-heading\">SUOMEN TEHT\u00c4V\u00c4NIEKKAIN VUOSIKOKOUS 2016<\/h2>\n\n\n\n<p>pidettiin lauantaina 27.2. klo 17.00 Shakkiareenalla Helsingiss\u00e4. T\u00e4rkeimpi\u00e4 p\u00e4\u00e4t\u00f6ksi\u00e4:<\/p>\n\n\n\n<ul class=\"wp-block-list\"><li>Vahvistettiin vuoden 2015 tilinp\u00e4\u00e4t\u00f6s, joka osoitti ylij\u00e4\u00e4m\u00e4\u00e4 189,09 euroa.<\/li><li>Johtokunnalle my\u00f6nnettiin vastuuvapaus vuodelta 2015<\/li><li>Johtokuntaan vuodeksi 2016 valittiin:<ul><li>puheenjohtaja Jorma Paavilainen<\/li><li>varapuheenjohtaja Harri Hurme<\/li><li>sihteeri Kari Karhunen<\/li><li>taloudenhoitaja Hannu Harkola<\/li><li>kirjastonhoitaja Neal Turner<\/li><li>varaj\u00e4senet Terho Marlo ja Janne Syv\u00e4niemi<\/li><\/ul><\/li><li>Toiminnantarkastajiksi valittiin Leo Lahdenm\u00e4ki ja Raimo Sailas, varalle Teemu Miettinen<\/li><li>Muut valinnat:<ul><li>matrikkelinhoitajat Henry Tanner ja Marko Tauriainen,<\/li><li>teht\u00e4v\u00e4shakillinen toimikunta Unto Heinonen, Pauli Perkonoja, Henry Tanner ja Kari Valtonen,<\/li><li>edustaja Suomen Shakkiliitossa Harri Hurme,<\/li><li>RELO-toimikunta: Harri Hurme, Timo Kallio,<\/li><\/ul><\/li><li>J\u00e4senmaksu p\u00e4\u00e4tettiin pit\u00e4\u00e4 ennallaan 25 eurona.<\/li><li>Hyv\u00e4ksyttiin johtokunnan valmistelema toimintasuunnitelma ja talousarvio vuodelle 2016. <em>Teht\u00e4v\u00e4niekka<\/em>-lehte\u00e4 julkaistaan my\u00f6s vuonna 2016 nelj\u00e4 numeroa.<\/li><li>Mikael Gr\u00f6nroosille my\u00f6nnettiin kansallisen <a rel=\"noreferrer noopener\" href=\"https:\/\/www.tehtavaniekat.fi\/index.php\/tehtavashakillisia-arvoja\/\" target=\"_blank\">teht\u00e4v\u00e4mestarin<\/a> arvo.<br><\/li><li><a href=\"https:\/\/www.tehtavaniekat.fi\/index.php\/kunniakiertopalkinto\/\">Kunniakiertopalkinto<\/a> annettiin vuodeksi Joose Norrille ja Leo Valven kiertopalkinto Mikael Gr\u00f6nroosille.<\/li><\/ul>\n","protected":false},"excerpt":{"rendered":"<p>SUOMEN TEHT\u00c4V\u00c4NIEKKAIN VUOSIKOKOUS 2016 pidettiin lauantaina 27.2. klo 17.00 Shakkiareenalla Helsingiss\u00e4. T\u00e4rkeimpi\u00e4 p\u00e4\u00e4t\u00f6ksi\u00e4: Vahvistettiin vuoden 2015 tilinp\u00e4\u00e4t\u00f6s, joka osoitti ylij\u00e4\u00e4m\u00e4\u00e4 189,09 euroa. Johtokunnalle my\u00f6nnettiin vastuuvapaus vuodelta 2015 Johtokuntaan vuodeksi 2016 valittiin: puheenjohtaja Jorma Paavilainen varapuheenjohtaja Harri Hurme sihteeri Kari Karhunen taloudenhoitaja Hannu Harkola kirjastonhoitaja Neal Turner varaj\u00e4senet Terho Marlo ja&#8230; <a class=\"continue-reading-link\" href=\"https:\/\/www.tehtavaniekat.fi\/index.php\/vk16\/\">Jatka lukemista<\/a><\/p>\n","protected":false},"author":1,"featured_media":0,"parent":0,"menu_order":0,"comment_status":"closed","ping_status":"closed","template":"","meta":{"footnotes":""},"class_list":["post-1138","page","type-page","status-publish","hentry"],"_links":{"self":[{"href":"https:\/\/www.tehtavaniekat.fi\/index.php\/wp-json\/wp\/v2\/pages\/1138","targetHints":{"allow":["GET"]}}],"collection":[{"href":"https:\/\/www.tehtavaniekat.fi\/index.php\/wp-json\/wp\/v2\/pages"}],"about":[{"href":"https:\/\/www.tehtavaniekat.fi\/index.php\/wp-json\/wp\/v2\/types\/page"}],"author":[{"embeddable":true,"href":"https:\/\/www.tehtavaniekat.fi\/index.php\/wp-json\/wp\/v2\/users\/1"}],"replies":[{"embeddable":true,"href":"https:\/\/www.tehtavaniekat.fi\/index.php\/wp-json\/wp\/v2\/comments?post=1138"}],"version-history":[{"count":1,"href":"https:\/\/www.tehtavaniekat.fi\/index.php\/wp-json\/wp\/v2\/pages\/1138\/revisions"}],"predecessor-version":[{"id":1139,"href":"https:\/\/www.tehtavaniekat.fi\/index.php\/wp-json\/wp\/v2\/pages\/1138\/revisions\/1139"}],"wp:attachment":[{"href":"https:\/\/www.tehtavaniekat.fi\/index.php\/wp-json\/wp\/v2\/media?parent=1138"}],"curies":[{"name":"wp","href":"https:\/\/api.w.org\/{rel}","templated":true}]}}