{"id":1131,"date":"2021-11-25T17:02:54","date_gmt":"2021-11-25T14:02:54","guid":{"rendered":"https:\/\/www.tehtavaniekat.fi\/?page_id=1131"},"modified":"2022-12-16T01:13:30","modified_gmt":"2022-12-15T22:13:30","slug":"vk18","status":"publish","type":"page","link":"https:\/\/www.tehtavaniekat.fi\/index.php\/vk18\/","title":{"rendered":"Vuosikokous 2018"},"content":{"rendered":"\n<h2 class=\"wp-block-heading\">SUOMEN TEHT\u00c4V\u00c4NIEKKAIN VUOSIKOKOUS 2018<\/h2>\n\n\n\n<p>pidettiin lauantaina 24.2. klo 17.00 Shakkiareenalla Helsingiss\u00e4. T\u00e4rkeimpi\u00e4 p\u00e4\u00e4t\u00f6ksi\u00e4:<\/p>\n\n\n\n<ul class=\"wp-block-list\"><li>Vahvistettiin vuoden 2017 tilinp\u00e4\u00e4t\u00f6s, joka osoitti alij\u00e4\u00e4m\u00e4\u00e4 138,51 euroa.<\/li><li>Johtokunnalle my\u00f6nnettiin vastuuvapaus vuodelta 2017<\/li><li>Johtokuntaan vuodeksi 2018 valittiin edelleen:<ul><li>puheenjohtaja Jorma Paavilainen<\/li><li>varapuheenjohtaja Harri Hurme<\/li><li>sihteeri Kari Karhunen<\/li><li>taloudenhoitaja Hannu Harkola<\/li><li>kirjastonhoitaja Neal Turner<\/li><li>varaj\u00e4senet Terho Marlo ja Janne Syv\u00e4niemi<\/li><\/ul><\/li><li>Toiminnantarkastajiksi valittiin Raimo Sailas ja uutena Ari M\u00f6tt\u00f6nen, varalle Teemu Miettinen<\/li><li>Muut valinnat:<ul><li>matrikkelinhoitajat Henry Tanner ja Marko Tauriainen,<\/li><li>teht\u00e4v\u00e4shakillinen toimikunta Unto Heinonen, Pauli Perkonoja, Henry Tanner ja Kari Valtonen,<\/li><li>edustaja Suomen Shakkiliitossa Jorma Paavilainen,<\/li><li>RELO-toimikunta: Harri Hurme, Timo Kallio,<\/li><\/ul><\/li><li>J\u00e4senmaksu p\u00e4\u00e4tettiin pit\u00e4\u00e4 ennallaan 25 eurona.<\/li><li>Hyv\u00e4ksyttiin johtokunnan valmistelema toimintasuunnitelma ja talousarvio vuodelle 2018. <em>Teht\u00e4v\u00e4niekka<\/em>-lehte\u00e4 julkaistaan my\u00f6s vuonna 2018 nelj\u00e4 numeroa.<\/li><\/ul>\n\n\n\n<figure class=\"wp-block-image size-full\"><img fetchpriority=\"high\" decoding=\"async\" width=\"674\" height=\"449\" src=\"https:\/\/www.tehtavaniekat.fi\/wp-content\/uploads\/ronnman1.jpg\" alt=\"\" class=\"wp-image-2107\" srcset=\"https:\/\/www.tehtavaniekat.fi\/wp-content\/uploads\/ronnman1.jpg 674w, https:\/\/www.tehtavaniekat.fi\/wp-content\/uploads\/ronnman1-300x200.jpg 300w, https:\/\/www.tehtavaniekat.fi\/wp-content\/uploads\/ronnman1-525x350.jpg 525w, https:\/\/www.tehtavaniekat.fi\/wp-content\/uploads\/ronnman1-150x100.jpg 150w\" sizes=\"(max-width: 674px) 100vw, 674px\" \/><figcaption>(Kuva Jyrki Kiltti)<\/figcaption><\/figure>\n\n\n\n<p><a href=\"http:\/\/www.saunalahti.fi\/~stniekat\/st\/kunnia.htm\">Kunniakiertopalkinto<\/a> annettiin vuodeksi Juha R\u00f6nnmanille. Antti Parkkinen (oikealla) luovutti sen Tampereella 26.2.<\/p>\n\n\n\n<figure class=\"wp-block-image size-full\"><img decoding=\"async\" width=\"400\" height=\"449\" src=\"https:\/\/www.tehtavaniekat.fi\/wp-content\/uploads\/ristoja1-2.jpg\" alt=\"\" class=\"wp-image-2109\" srcset=\"https:\/\/www.tehtavaniekat.fi\/wp-content\/uploads\/ristoja1-2.jpg 400w, https:\/\/www.tehtavaniekat.fi\/wp-content\/uploads\/ristoja1-2-267x300.jpg 267w, https:\/\/www.tehtavaniekat.fi\/wp-content\/uploads\/ristoja1-2-312x350.jpg 312w, https:\/\/www.tehtavaniekat.fi\/wp-content\/uploads\/ristoja1-2-134x150.jpg 134w\" sizes=\"(max-width: 400px) 100vw, 400px\" \/><\/figure>\n\n\n\n<p>Leo Valven kiertopalkinto annettiin Thomas Ristojalle.<\/p>\n","protected":false},"excerpt":{"rendered":"<p>SUOMEN TEHT\u00c4V\u00c4NIEKKAIN VUOSIKOKOUS 2018 pidettiin lauantaina 24.2. klo 17.00 Shakkiareenalla Helsingiss\u00e4. T\u00e4rkeimpi\u00e4 p\u00e4\u00e4t\u00f6ksi\u00e4: Vahvistettiin vuoden 2017 tilinp\u00e4\u00e4t\u00f6s, joka osoitti alij\u00e4\u00e4m\u00e4\u00e4 138,51 euroa. Johtokunnalle my\u00f6nnettiin vastuuvapaus vuodelta 2017 Johtokuntaan vuodeksi 2018 valittiin edelleen: puheenjohtaja Jorma Paavilainen varapuheenjohtaja Harri Hurme sihteeri Kari Karhunen taloudenhoitaja Hannu Harkola kirjastonhoitaja Neal Turner varaj\u00e4senet Terho Marlo&#8230; <a class=\"continue-reading-link\" href=\"https:\/\/www.tehtavaniekat.fi\/index.php\/vk18\/\">Jatka lukemista<\/a><\/p>\n","protected":false},"author":1,"featured_media":0,"parent":0,"menu_order":0,"comment_status":"closed","ping_status":"closed","template":"","meta":{"footnotes":""},"class_list":["post-1131","page","type-page","status-publish","hentry"],"_links":{"self":[{"href":"https:\/\/www.tehtavaniekat.fi\/index.php\/wp-json\/wp\/v2\/pages\/1131","targetHints":{"allow":["GET"]}}],"collection":[{"href":"https:\/\/www.tehtavaniekat.fi\/index.php\/wp-json\/wp\/v2\/pages"}],"about":[{"href":"https:\/\/www.tehtavaniekat.fi\/index.php\/wp-json\/wp\/v2\/types\/page"}],"author":[{"embeddable":true,"href":"https:\/\/www.tehtavaniekat.fi\/index.php\/wp-json\/wp\/v2\/users\/1"}],"replies":[{"embeddable":true,"href":"https:\/\/www.tehtavaniekat.fi\/index.php\/wp-json\/wp\/v2\/comments?post=1131"}],"version-history":[{"count":2,"href":"https:\/\/www.tehtavaniekat.fi\/index.php\/wp-json\/wp\/v2\/pages\/1131\/revisions"}],"predecessor-version":[{"id":2110,"href":"https:\/\/www.tehtavaniekat.fi\/index.php\/wp-json\/wp\/v2\/pages\/1131\/revisions\/2110"}],"wp:attachment":[{"href":"https:\/\/www.tehtavaniekat.fi\/index.php\/wp-json\/wp\/v2\/media?parent=1131"}],"curies":[{"name":"wp","href":"https:\/\/api.w.org\/{rel}","templated":true}]}}