{"id":1109,"date":"2021-11-25T00:40:03","date_gmt":"2021-11-24T21:40:03","guid":{"rendered":"https:\/\/www.tehtavaniekat.fi\/?page_id=1109"},"modified":"2022-12-14T19:07:02","modified_gmt":"2022-12-14T16:07:02","slug":"kunniakiertopalkinto","status":"publish","type":"page","link":"https:\/\/www.tehtavaniekat.fi\/index.php\/kunniakiertopalkinto\/","title":{"rendered":"Kunniakiertopalkinto"},"content":{"rendered":"\n<div class=\"wp-block-columns is-layout-flex wp-container-core-columns-is-layout-1 wp-block-columns-is-layout-flex\">\n<div class=\"wp-block-column is-layout-flow wp-block-column-is-layout-flow\">\n<h1 class=\"wp-block-heading\">Kunniakiertopalkinto<\/h1>\n<\/div>\n<\/div>\n\n\n<table style=\"height: 207px; width: 100%; border-collapse: collapse; border-style: none;\">\n<tbody>\n<tr style=\"height: 207px;\">\n<td style=\"width: 61.6667%; vertical-align: top; height: 207px;\">Vuodesta 1960 alkaen on vuosittain ST:n vuosikokouksessa luovutettu kunniakiertopalkintona toimiva puuveistos vuodeksi sellaisen teht\u00e4v\u00e4niekan haltuun, jonka toiminta on ollut erityisen ansiokasta. Sama henkil\u00f6 ei voi saada palkintoa uudelleen, joten lista palkinnon haltijoista kattaa laajalti suomalaista teht\u00e4v\u00e4shakin harrastajajoukkoa. Palkinnon jakaminen lopetettiin vuonna 2020.<\/td>\n<td style=\"width: 38.3333%; vertical-align: top; height: 207px;\"><img fetchpriority=\"high\" decoding=\"async\" class=\"alignnone size-medium wp-image-1986\" src=\"https:\/\/www.tehtavaniekat.fi\/wp-content\/uploads\/kunnia1-300x200.jpg\" alt=\"\" width=\"300\" height=\"200\" srcset=\"https:\/\/www.tehtavaniekat.fi\/wp-content\/uploads\/kunnia1-300x200.jpg 300w, https:\/\/www.tehtavaniekat.fi\/wp-content\/uploads\/kunnia1-150x100.jpg 150w, https:\/\/www.tehtavaniekat.fi\/wp-content\/uploads\/kunnia1.jpg 400w\" sizes=\"(max-width: 300px) 100vw, 300px\" \/><\/td>\n<\/tr>\n<\/tbody>\n<\/table>\n<table style=\"border-collapse: collapse; width: 100%;\">\n<tbody>\n<tr>\n<td style=\"width: 33.3333%; vertical-align: top;\">1960 Rautanen, Aleksis<br \/>1961 Wirtanen, Erkki A.<br \/>1962 Bonsdorff, Eero<br \/>1963 Breider, Bruno<br \/>1964 Dunder, Aarne<br \/>1965 Kivi, Visa<br \/>1966 Kaila, Osmo<br \/>1967 Hannelius, Jan<br \/>1968 Paalanen, Erkki<br \/>1969 Ojanen, Antti G.<br \/>1970 Perkonoja, Pauli<br \/>1971 Hyn\u00f6nen, Veikko<br \/>1972 Myllyniemi, Matti<br \/>1973 Murtovaara, Unto<br \/>1974 Heinonen, Unto<br \/>1975 Heinonen, Erkki<br \/>1976 Harkola, Hannu<br \/>1977 Liljestrand, Seth<br \/>1978 Somerpuu, Vilho<br \/>1979 Koppelom\u00e4ki, Juhani<\/td>\n<td style=\"width: 33.3333%; vertical-align: top;\">1980 Hurme, Harri<br \/>1981 Ylikarjula, Simo<br \/>1982 Tikkanen, Tapani<br \/>1983 Virtanen, Kauko<br \/>1984 Hinkka, Erkki<br \/>1985 Sarvela, Timo<br \/>1986 M\u00e4ntt\u00e4, Teppo<br \/>1987 Riihimaa, Olavi<br \/>1988 Valtonen, Kari<br \/>1989 Niemel\u00e4, Aki<br \/>1990 Kallio, Timo<br \/>1991 Sar\u00e9n, Ilkka<br \/>1992 Kaila, Kerttu<br \/>1993 Valo, Veikko<br \/>1994 Blom, Ilkka<br \/>1995 V\u00e4is\u00e4nen, Kauko<br \/>1996 Solja, Kenneth<br \/>1997 Sailas, Raimo<br \/>1998 Saarenheimo, Eero<br \/>1999 Paavilainen, Jorma<\/td>\n<td style=\"width: 33.3333%; vertical-align: top;\">2000 Turner, Neal<br \/>2001 Pitk\u00e4nen, Jorma<br \/>2002 Heiskanen, Reino<br \/>2003 Tanner, Henry<br \/>2004 Heimo, Olli<br \/>2005 Gr\u00f6nroos, Mikael<br \/>2006 Sokka, Hannu<br \/>2007 Ylijoki, Marko<br \/>2008 Ojanen, Kaarle<br \/>2009 Sp\u00e5re, Carl-Erik<br \/>2010 Lahdenm\u00e4ki, Leo<br \/>2011 Olin, Per<br \/>2012 Marlo, Terho<br \/>2013 Tompuri, Ismo<br \/>2014 Syv\u00e4niemi, Janne<br \/>2015 Karhunen, Kari<br \/>2016 Norri, Joose<br \/>2017 Tuovinen, Jukka<br \/>2018 R\u00f6nnman, Juha<br \/>2019 Parkkinen, Antti<\/td>\n<\/tr>\n<\/tbody>\n<\/table>\n<table style=\"border-collapse: collapse; width: 100%;\">\n<tbody>\n<tr>\n<td style=\"width: 33.3333%; vertical-align: bottom;\">\n<div id=\"attachment_1987\" style=\"width: 189px\" class=\"wp-caption alignnone\"><img decoding=\"async\" aria-describedby=\"caption-attachment-1987\" class=\"wp-image-1987 size-medium\" src=\"https:\/\/www.tehtavaniekat.fi\/wp-content\/uploads\/olin1-179x300.jpg\" alt=\"\" width=\"179\" height=\"300\" srcset=\"https:\/\/www.tehtavaniekat.fi\/wp-content\/uploads\/olin1-179x300.jpg 179w, https:\/\/www.tehtavaniekat.fi\/wp-content\/uploads\/olin1-209x350.jpg 209w, https:\/\/www.tehtavaniekat.fi\/wp-content\/uploads\/olin1-90x150.jpg 90w, https:\/\/www.tehtavaniekat.fi\/wp-content\/uploads\/olin1.jpg 250w\" sizes=\"(max-width: 179px) 100vw, 179px\" \/><p id=\"caption-attachment-1987\" class=\"wp-caption-text\"><span style=\"font-size: 10pt;\">Per Olin<\/span><\/p><\/div>\n<\/td>\n<td style=\"width: 33.3333%; vertical-align: bottom;\">\n<div id=\"attachment_1990\" style=\"width: 310px\" class=\"wp-caption alignnone\"><img decoding=\"async\" aria-describedby=\"caption-attachment-1990\" class=\"wp-image-1990 size-medium\" src=\"https:\/\/www.tehtavaniekat.fi\/wp-content\/uploads\/syvaniemi1-300x287.jpg\" alt=\"\" width=\"300\" height=\"287\" srcset=\"https:\/\/www.tehtavaniekat.fi\/wp-content\/uploads\/syvaniemi1-300x287.jpg 300w, https:\/\/www.tehtavaniekat.fi\/wp-content\/uploads\/syvaniemi1-366x350.jpg 366w, https:\/\/www.tehtavaniekat.fi\/wp-content\/uploads\/syvaniemi1-150x143.jpg 150w, https:\/\/www.tehtavaniekat.fi\/wp-content\/uploads\/syvaniemi1.jpg 400w\" sizes=\"(max-width: 300px) 100vw, 300px\" \/><p id=\"caption-attachment-1990\" class=\"wp-caption-text\"><span style=\"font-size: 10pt;\">Jane Syv\u00e4niemi<\/span><\/p><\/div>\n<\/td>\n<td style=\"width: 33.3333%; vertical-align: bottom;\">\n<div id=\"attachment_1988\" style=\"width: 259px\" class=\"wp-caption alignnone\"><img loading=\"lazy\" decoding=\"async\" aria-describedby=\"caption-attachment-1988\" class=\"wp-image-1988 size-full\" src=\"https:\/\/www.tehtavaniekat.fi\/wp-content\/uploads\/antti191.jpg\" alt=\"\" width=\"249\" height=\"263\" srcset=\"https:\/\/www.tehtavaniekat.fi\/wp-content\/uploads\/antti191.jpg 249w, https:\/\/www.tehtavaniekat.fi\/wp-content\/uploads\/antti191-142x150.jpg 142w\" sizes=\"(max-width: 249px) 100vw, 249px\" \/><p id=\"caption-attachment-1988\" class=\"wp-caption-text\"><span style=\"font-size: 10pt;\">Antti Parkkinen<\/span><\/p><\/div>\n<\/td>\n<\/tr>\n<\/tbody>\n<\/table>\n\n\n<p><\/p>\n","protected":false},"excerpt":{"rendered":"<p>Kunniakiertopalkinto Vuodesta 1960 alkaen on vuosittain ST:n vuosikokouksessa luovutettu kunniakiertopalkintona toimiva puuveistos vuodeksi sellaisen teht\u00e4v\u00e4niekan haltuun, jonka toiminta on ollut erityisen ansiokasta. Sama henkil\u00f6 ei voi saada palkintoa uudelleen, joten lista palkinnon haltijoista kattaa laajalti suomalaista teht\u00e4v\u00e4shakin harrastajajoukkoa. Palkinnon jakaminen lopetettiin vuonna 2020. 1960 Rautanen, Aleksis1961 Wirtanen, Erkki A.1962 Bonsdorff,&#8230; <a class=\"continue-reading-link\" href=\"https:\/\/www.tehtavaniekat.fi\/index.php\/kunniakiertopalkinto\/\">Jatka lukemista<\/a><\/p>\n","protected":false},"author":1,"featured_media":0,"parent":0,"menu_order":0,"comment_status":"closed","ping_status":"closed","template":"","meta":{"footnotes":""},"class_list":["post-1109","page","type-page","status-publish","hentry"],"_links":{"self":[{"href":"https:\/\/www.tehtavaniekat.fi\/index.php\/wp-json\/wp\/v2\/pages\/1109","targetHints":{"allow":["GET"]}}],"collection":[{"href":"https:\/\/www.tehtavaniekat.fi\/index.php\/wp-json\/wp\/v2\/pages"}],"about":[{"href":"https:\/\/www.tehtavaniekat.fi\/index.php\/wp-json\/wp\/v2\/types\/page"}],"author":[{"embeddable":true,"href":"https:\/\/www.tehtavaniekat.fi\/index.php\/wp-json\/wp\/v2\/users\/1"}],"replies":[{"embeddable":true,"href":"https:\/\/www.tehtavaniekat.fi\/index.php\/wp-json\/wp\/v2\/comments?post=1109"}],"version-history":[{"count":11,"href":"https:\/\/www.tehtavaniekat.fi\/index.php\/wp-json\/wp\/v2\/pages\/1109\/revisions"}],"predecessor-version":[{"id":1991,"href":"https:\/\/www.tehtavaniekat.fi\/index.php\/wp-json\/wp\/v2\/pages\/1109\/revisions\/1991"}],"wp:attachment":[{"href":"https:\/\/www.tehtavaniekat.fi\/index.php\/wp-json\/wp\/v2\/media?parent=1109"}],"curies":[{"name":"wp","href":"https:\/\/api.w.org\/{rel}","templated":true}]}}